{"id":3527,"date":"2022-12-09T05:16:52","date_gmt":"2022-12-09T04:16:52","guid":{"rendered":"http:\/\/klubmamgdynia.pl\/?post_type=product&#038;p=3527"},"modified":"2026-05-02T16:24:17","modified_gmt":"2026-05-02T14:24:17","slug":"toki-dough-impreza-w-ogrodzie","status":"publish","type":"product","link":"http:\/\/klubmamgdynia.pl\/index.php\/produkt\/toki-dough-impreza-w-ogrodzie\/","title":{"rendered":"Toki Dough &#8211; impreza w ogrodzie"},"content":{"rendered":"<p>Autor:ISBN: 3+EAN: 7320583106009Wydawnictwo: WABA FunWydanie: plastikowe,Strony:dealna glina do modelowania. Nasza nowa, magiczna linia produkt\u00f3w Arts &amp; Crafts w stylu kawaii. Globalny trend, kt\u00f3ry oznacza po japo\u0144sku s\u0142odki. Glina modelarska Toki Dough nie wysycha, jest \u0142atwo pl<\/p>\n<h2>Toki Dough &#8211; impreza w ogrodzie Waba Fun<\/h2>\n<p>prezent na roczek, koty rysunki, quiz flagi \u015bwiata, list do gwiazdora, imie gaja, maurycy, quiz bo\u017ce narodzenie, kolorowanka ze zdj\u0119cia, co kupi\u0107 na roczek dla ch\u0142opca, ozdoby wielkanocne kt\u00f3re mog\u0105 zrobi\u0107 dzieci, \u0142amig\u0142\u00f3wki logiczne, wydarzenia warszawa dzisiaj, szlaczki literopodobne do wydruku, zagadka matematyczna dla dzieci, loga samochod\u00f3w<\/p>\n<p>yyyyy<\/p>\n<p>&nbsp;<\/p>\n","protected":false},"excerpt":{"rendered":"<p>Autor:ISBN: 3+EAN: 7320583106009Wydawnictwo: WABA FunWydanie: plastikowe,Strony:dealna glina do modelowania. Nasza nowa, magiczna linia produkt\u00f3w Arts &amp; Crafts w stylu kawaii. Globalny trend, kt\u00f3ry oznacza po japo\u0144sku s\u0142odki. Glina modelarska Toki Dough nie wysycha, jest \u0142atwo pl Toki Dough &#8211; impreza w ogrodzie Waba Fun prezent na roczek, koty rysunki, quiz flagi \u015bwiata, list do gwiazdora, [&hellip;]<\/p>\n","protected":false},"featured_media":3528,"comment_status":"closed","ping_status":"open","template":"","meta":[],"product_cat":[1079,21],"product_tag":[578,619,595,701,805],"class_list":["post-3527","product","type-product","status-publish","has-post-thumbnail","hentry","product_cat-waba-fun","product_cat-zabawki-plastyczne","product_tag-fajne-zarty-na-prima-aprilis","product_tag-iwo-imie","product_tag-zagadki-dla-6-latka","product_tag-zgadywanki-dla-dzieci","product_tag-znaczenie-imienia-alan"],"_links":{"self":[{"href":"http:\/\/klubmamgdynia.pl\/index.php\/wp-json\/wp\/v2\/product\/3527","targetHints":{"allow":["GET"]}}],"collection":[{"href":"http:\/\/klubmamgdynia.pl\/index.php\/wp-json\/wp\/v2\/product"}],"about":[{"href":"http:\/\/klubmamgdynia.pl\/index.php\/wp-json\/wp\/v2\/types\/product"}],"replies":[{"embeddable":true,"href":"http:\/\/klubmamgdynia.pl\/index.php\/wp-json\/wp\/v2\/comments?post=3527"}],"wp:featuredmedia":[{"embeddable":true,"href":"http:\/\/klubmamgdynia.pl\/index.php\/wp-json\/wp\/v2\/media\/3528"}],"wp:attachment":[{"href":"http:\/\/klubmamgdynia.pl\/index.php\/wp-json\/wp\/v2\/media?parent=3527"}],"wp:term":[{"taxonomy":"product_cat","embeddable":true,"href":"http:\/\/klubmamgdynia.pl\/index.php\/wp-json\/wp\/v2\/product_cat?post=3527"},{"taxonomy":"product_tag","embeddable":true,"href":"http:\/\/klubmamgdynia.pl\/index.php\/wp-json\/wp\/v2\/product_tag?post=3527"}],"curies":[{"name":"wp","href":"https:\/\/api.w.org\/{rel}","templated":true}]}}