{"id":3529,"date":"2017-01-20T10:06:09","date_gmt":"2017-01-20T09:06:09","guid":{"rendered":"http:\/\/klubmamgdynia.pl\/index.php\/produkt\/learning-resources-sorter-jez-zestaw-do-nauki-liczb-ksztaltow\/"},"modified":"2026-04-04T01:30:41","modified_gmt":"2026-04-03T23:30:41","slug":"learning-resources-sorter-jez-zestaw-do-nauki-liczb-ksztaltow","status":"publish","type":"product","link":"http:\/\/klubmamgdynia.pl\/index.php\/produkt\/learning-resources-sorter-jez-zestaw-do-nauki-liczb-ksztaltow\/","title":{"rendered":"Learning Resources Sorter Je\u017c Zestaw Do Nauki Liczb Kszta\u0142t\u00f3w"},"content":{"rendered":"<p>Sorter Je\u017c, Zestaw do Nauki Liczb, Rozpoznawania kszta\u0142t\u00f3w i kolor\u00f3wNauka przez zabaw\u0119!Learning Resources(R) to producent bezpiecznych, edukacyjnych i innowacyjnych zabawek, kt\u00f3remu zaufali rodzice i nauczyciele na ca\u0142ym \u015bwiecie. Zabawki Learning Resources(R) s\u0105 zaprojektowane tak, aby pom\u00f3c dzieciom w zdobywaniu kluczowych umiej\u0119tno\u015bci edukacyjnych i przygotowaniu si\u0119 na podb\u00f3j \u015bwiata!Poznaj sympatycznego Je\u017ca, kt\u00f3ry zawiera 5 kolorowych kolc\u00f3w z cyferkami i kszta\u0142tami oraz 5 klock\u00f3w o r\u00f3\u017cnych kszta\u0142tach. Zabawa polega na wk\u0142adaniu i wyjmowaniu kolc\u00f3w z grzbietu Je\u017ca, nazywaniu ich kolor\u00f3w oraz nauce liczb, a tak\u017ce na dopasowaniu klock\u00f3w do odpowiednich kszta\u0142t\u00f3w. Umieszczanie i wyjmowanie kolc\u00f3w stymuluje dzieci\u0119c\u0105 wyobra\u017ani\u0119, pomaga rozwija\u0107 zr\u0119czno\u015b\u0107 oraz si\u0142\u0119 r\u0105czek. Dziecko uczy si\u0119 prawid\u0142owego trzymania kredek, czy chwytania ma\u0142ych przedmiot\u00f3w. Zestaw wspiera koordynacj\u0119 r\u0119ka-oko i inne niezb\u0119dne elementy rozwoju umiej\u0119tno\u015bci motorycznych.Szczeg\u00f3\u0142owe informacje o produkcie:Zestaw edukacyjny do nauki liczenia, rozpoznawania kolor\u00f3w oraz kszta\u0142t\u00f3w (11 element\u00f3w).W zestawie 5 kolorowych kolc\u00f3w oraz 5 klock\u00f3w w r\u00f3\u017cnych kszta\u0142tachKolory do nauki: czerwony, pomara\u0144czowy, zielony, niebieski, fioletowy.Kolce ponumerowane s\u0105 cyferkami od 1 do 5.Klocki odpowiadaj\u0105 kolorom kolc\u00f3w i kszta\u0142tom na kolcachKszta\u0142ty kostek: ko\u0142o, serce, tr\u00f3jk\u0105t, kwadrat, gwiazda.Ca\u0142y zestaw mie\u015bci si\u0119 w eleganckim pude\u0142ku.Wszystkie elementy wykonano z wytrzyma\u0142ego, nietoksycznego tworzywa sztucznego.Wymiary opakowania: 29 cm x 17 cm x 5 cm.Kategoria wiekowa: 18 miesi\u0119cy+.Wykonany z wytrzyma\u0142ego plastiku, \u0142atwy do czyszczeniaUwaga! Czy\u015bci\u0107 wilgotn\u0105 szmatk\u0105 i wytrze\u0107 do sucha.EAN: 0765023891034<\/p>\n<h2>Learning Resources Sorter Je\u017c Zestaw Do Nauki Liczb Kszta\u0142t\u00f3w Learning Resources<\/h2>\n<p>znaczenie imienia paula, kolorowanka harry potter, kryspinow, test ze znak\u00f3w drogowych, pytania o \u015bwi\u0119ta dla dzieci, prezent dla dziecka 1 rok, g\u0142upie zagadki, pola imie, natan imi\u0119, pan twardowski na ksi\u0119\u017cycu wiersz, kolorowanki lato, kolorowanki star wars, zagadki dla starszych dzieci<\/p>\n<p>yyyyy<\/p>\n<p>&nbsp;<\/p>\n","protected":false},"excerpt":{"rendered":"<p>Sorter Je\u017c, Zestaw do Nauki Liczb, Rozpoznawania kszta\u0142t\u00f3w i kolor\u00f3wNauka przez zabaw\u0119!Learning Resources(R) to producent bezpiecznych, edukacyjnych i innowacyjnych zabawek, kt\u00f3remu zaufali rodzice i nauczyciele na ca\u0142ym \u015bwiecie. Zabawki Learning Resources(R) s\u0105 zaprojektowane tak, aby pom\u00f3c dzieciom w zdobywaniu kluczowych umiej\u0119tno\u015bci edukacyjnych i przygotowaniu si\u0119 na podb\u00f3j \u015bwiata!Poznaj sympatycznego Je\u017ca, kt\u00f3ry zawiera 5 kolorowych kolc\u00f3w [&hellip;]<\/p>\n","protected":false},"featured_media":3530,"comment_status":"closed","ping_status":"open","template":"","meta":[],"product_cat":[1070,61],"product_tag":[700,650,648,588],"class_list":["post-3529","product","type-product","status-publish","has-post-thumbnail","hentry","product_cat-learning-resources","product_cat-zabawki-edukacyjne-dla-niemowlat","product_tag-bajki-do-czytania-dla-dzieci","product_tag-choinka-z-bibuly","product_tag-dobrej-nocy-i-sza","product_tag-wzruszajace-slowa-dla-przyjaciela"],"_links":{"self":[{"href":"http:\/\/klubmamgdynia.pl\/index.php\/wp-json\/wp\/v2\/product\/3529","targetHints":{"allow":["GET"]}}],"collection":[{"href":"http:\/\/klubmamgdynia.pl\/index.php\/wp-json\/wp\/v2\/product"}],"about":[{"href":"http:\/\/klubmamgdynia.pl\/index.php\/wp-json\/wp\/v2\/types\/product"}],"replies":[{"embeddable":true,"href":"http:\/\/klubmamgdynia.pl\/index.php\/wp-json\/wp\/v2\/comments?post=3529"}],"wp:featuredmedia":[{"embeddable":true,"href":"http:\/\/klubmamgdynia.pl\/index.php\/wp-json\/wp\/v2\/media\/3530"}],"wp:attachment":[{"href":"http:\/\/klubmamgdynia.pl\/index.php\/wp-json\/wp\/v2\/media?parent=3529"}],"wp:term":[{"taxonomy":"product_cat","embeddable":true,"href":"http:\/\/klubmamgdynia.pl\/index.php\/wp-json\/wp\/v2\/product_cat?post=3529"},{"taxonomy":"product_tag","embeddable":true,"href":"http:\/\/klubmamgdynia.pl\/index.php\/wp-json\/wp\/v2\/product_tag?post=3529"}],"curies":[{"name":"wp","href":"https:\/\/api.w.org\/{rel}","templated":true}]}}