{"id":3531,"date":"2015-02-25T23:08:59","date_gmt":"2015-02-25T22:08:59","guid":{"rendered":"http:\/\/klubmamgdynia.pl\/index.php\/produkt\/gra-planszowa-magiera-warcaby\/"},"modified":"2026-05-17T22:42:42","modified_gmt":"2026-05-17T20:42:42","slug":"gra-planszowa-magiera-warcaby","status":"publish","type":"product","link":"http:\/\/klubmamgdynia.pl\/index.php\/produkt\/gra-planszowa-magiera-warcaby\/","title":{"rendered":"Gra planszowa Magiera Warcaby"},"content":{"rendered":"<p>Warcaby drewniane, ze sk\u0142adan\u0105 plansz\u0105 ( walizk\u0105 ). Zestaw zawiera: szachownic\u0119 25&#215;25 cm komplet pionk\u00f3w do warcab:jasnych i ciemnych<\/p>\n<h2>Gra planszowa Magiera Warcaby Magiera<\/h2>\n<p>cytaty o przyja\u017ani kr\u00f3tkie, calineczka test z odpowiedziami, kolorowanki lego ninjago, kolorowanki minecraft, zabawki na roczek dla ch\u0142opca, ka\u0142u\u017cy\u015bci, miko\u0142ajek quiz, kartka walentynkowa r\u0119cznie robiona \u0142atwa, test z asiuni lektury, \u015bwi\u0105teczne filmy familijne<\/p>\n<p>yyyyy<\/p>\n<p>&nbsp;<\/p>\n","protected":false},"excerpt":{"rendered":"<p>Warcaby drewniane, ze sk\u0142adan\u0105 plansz\u0105 ( walizk\u0105 ). Zestaw zawiera: szachownic\u0119 25&#215;25 cm komplet pionk\u00f3w do warcab:jasnych i ciemnych Gra planszowa Magiera Warcaby Magiera cytaty o przyja\u017ani kr\u00f3tkie, calineczka test z odpowiedziami, kolorowanki lego ninjago, kolorowanki minecraft, zabawki na roczek dla ch\u0142opca, ka\u0142u\u017cy\u015bci, miko\u0142ajek quiz, kartka walentynkowa r\u0119cznie robiona \u0142atwa, test z asiuni lektury, \u015bwi\u0105teczne [&hellip;]<\/p>\n","protected":false},"featured_media":3532,"comment_status":"closed","ping_status":"open","template":"","meta":[],"product_cat":[235,1081],"product_tag":[772,834,851,617,747,639],"class_list":["post-3531","product","type-product","status-publish","has-post-thumbnail","hentry","product_cat-gry-planszowe","product_cat-magiera","product_tag-45-panstw-europy-i-ich-stolice-quiz","product_tag-bajka-do-czytania-na-dobranoc","product_tag-jak-narysowac-kota","product_tag-keyword","product_tag-malowanki-do-druku","product_tag-nela-imie"],"_links":{"self":[{"href":"http:\/\/klubmamgdynia.pl\/index.php\/wp-json\/wp\/v2\/product\/3531","targetHints":{"allow":["GET"]}}],"collection":[{"href":"http:\/\/klubmamgdynia.pl\/index.php\/wp-json\/wp\/v2\/product"}],"about":[{"href":"http:\/\/klubmamgdynia.pl\/index.php\/wp-json\/wp\/v2\/types\/product"}],"replies":[{"embeddable":true,"href":"http:\/\/klubmamgdynia.pl\/index.php\/wp-json\/wp\/v2\/comments?post=3531"}],"wp:featuredmedia":[{"embeddable":true,"href":"http:\/\/klubmamgdynia.pl\/index.php\/wp-json\/wp\/v2\/media\/3532"}],"wp:attachment":[{"href":"http:\/\/klubmamgdynia.pl\/index.php\/wp-json\/wp\/v2\/media?parent=3531"}],"wp:term":[{"taxonomy":"product_cat","embeddable":true,"href":"http:\/\/klubmamgdynia.pl\/index.php\/wp-json\/wp\/v2\/product_cat?post=3531"},{"taxonomy":"product_tag","embeddable":true,"href":"http:\/\/klubmamgdynia.pl\/index.php\/wp-json\/wp\/v2\/product_tag?post=3531"}],"curies":[{"name":"wp","href":"https:\/\/api.w.org\/{rel}","templated":true}]}}