{"id":3533,"date":"2024-06-13T21:24:48","date_gmt":"2024-06-13T19:24:48","guid":{"rendered":"http:\/\/klubmamgdynia.pl\/?post_type=product&#038;p=3533"},"modified":"2026-05-17T22:17:03","modified_gmt":"2026-05-17T20:17:03","slug":"leander-podklad-na-przewijak-matty-bezowy","status":"publish","type":"product","link":"http:\/\/klubmamgdynia.pl\/index.php\/produkt\/leander-podklad-na-przewijak-matty-bezowy\/","title":{"rendered":"Leander Podk\u0142ad Na Przewijak Matty Be\u017cowy"},"content":{"rendered":"<p>LEANDER &#8211; podk\u0142ad na przewijak MATTY\u2122Podk\u0142ad Leander jest wykonany z mi\u0119kkiej, organicznej bawe\u0142ny frotte i zosta\u0142 zaprojektowany specjalnie do przewijak\u00f3w Leander Matty\u2122 i Leander Wally\u2122. U\u017cyj podk\u0142adu jako ma\u0142ego r\u0119cznika lub roz\u0142\u00f3\u017c go na przewijaku, gdy chcesz zmieni\u0107 dziecku pieluch\u0119. Maluchowi b\u0119dzie wygodniej i przyjemniej. Podk\u0142ad chroni przewijak i pozwala unikn\u0105\u0107 drobnych wypadk\u00f3w.Podk\u0142ad jest dwustronny. Jego barwy odpowiadaj\u0105 kolorystyce przewijaka Leander Matty\u2122.Informacje dodatkowe:Wymiar: szer: 45 cm, d\u0142: 65 cmMateria\u0142: 100% bawe\u0142na organiczna frotteWaga produktu: 0,15 kgPiel\u0119gnacja: Pra\u0107 w temperaturze 40 \u00b0C. Mo\u017cna suszy\u0107 w suszarce b\u0119bnowej.Gwarancja: 2 lata<\/p>\n<h2>Leander Podk\u0142ad Na Przewijak Matty Be\u017cowy <\/h2>\n<p>szlaczki, paula znaczenie imienia, kolorowanka super zings, nauka zegara do druku, cytaty dla mamy, rysunek kota, jak narysowa\u0107 oko, zagadki logiczne na inteligencj\u0119 dla doros\u0142ych, literki do pisania, zabawy na dzie\u0144 dziecka w szkole, myszka minnie kolorowanka, iwo imi\u0119, rzadkie imiona dla dziewczynek, wystawy dla dzieci warszawa<\/p>\n<p>yyyyy<\/p>\n<p>&nbsp;<\/p>\n","protected":false},"excerpt":{"rendered":"<p>LEANDER &#8211; podk\u0142ad na przewijak MATTY\u2122Podk\u0142ad Leander jest wykonany z mi\u0119kkiej, organicznej bawe\u0142ny frotte i zosta\u0142 zaprojektowany specjalnie do przewijak\u00f3w Leander Matty\u2122 i Leander Wally\u2122. U\u017cyj podk\u0142adu jako ma\u0142ego r\u0119cznika lub roz\u0142\u00f3\u017c go na przewijaku, gdy chcesz zmieni\u0107 dziecku pieluch\u0119. Maluchowi b\u0119dzie wygodniej i przyjemniej. Podk\u0142ad chroni przewijak i pozwala unikn\u0105\u0107 drobnych wypadk\u00f3w.Podk\u0142ad jest dwustronny. [&hellip;]<\/p>\n","protected":false},"featured_media":3534,"comment_status":"closed","ping_status":"open","template":"","meta":[],"product_cat":[958],"product_tag":[662,828,691,779],"class_list":["post-3533","product","type-product","status-publish","has-post-thumbnail","hentry","product_cat-komody-kapielowe-wanienki-i-przewijaki","product_tag-bajki-na-dobranoc","product_tag-filmy-wigilijne-dla-dzieci","product_tag-gabriel","product_tag-zarty-na-prima-aprilis-w-domu"],"_links":{"self":[{"href":"http:\/\/klubmamgdynia.pl\/index.php\/wp-json\/wp\/v2\/product\/3533","targetHints":{"allow":["GET"]}}],"collection":[{"href":"http:\/\/klubmamgdynia.pl\/index.php\/wp-json\/wp\/v2\/product"}],"about":[{"href":"http:\/\/klubmamgdynia.pl\/index.php\/wp-json\/wp\/v2\/types\/product"}],"replies":[{"embeddable":true,"href":"http:\/\/klubmamgdynia.pl\/index.php\/wp-json\/wp\/v2\/comments?post=3533"}],"wp:featuredmedia":[{"embeddable":true,"href":"http:\/\/klubmamgdynia.pl\/index.php\/wp-json\/wp\/v2\/media\/3534"}],"wp:attachment":[{"href":"http:\/\/klubmamgdynia.pl\/index.php\/wp-json\/wp\/v2\/media?parent=3533"}],"wp:term":[{"taxonomy":"product_cat","embeddable":true,"href":"http:\/\/klubmamgdynia.pl\/index.php\/wp-json\/wp\/v2\/product_cat?post=3533"},{"taxonomy":"product_tag","embeddable":true,"href":"http:\/\/klubmamgdynia.pl\/index.php\/wp-json\/wp\/v2\/product_tag?post=3533"}],"curies":[{"name":"wp","href":"https:\/\/api.w.org\/{rel}","templated":true}]}}