{"id":3535,"date":"2023-05-09T13:23:33","date_gmt":"2023-05-09T11:23:33","guid":{"rendered":"http:\/\/klubmamgdynia.pl\/?post_type=product&#038;p=3535"},"modified":"2026-04-19T02:28:14","modified_gmt":"2026-04-19T00:28:14","slug":"ikea-pyssla-formy-na-koraliki-4-szt-rozne-kolory-701-285-71","status":"publish","type":"product","link":"http:\/\/klubmamgdynia.pl\/index.php\/produkt\/ikea-pyssla-formy-na-koraliki-4-szt-rozne-kolory-701-285-71\/","title":{"rendered":"IKEA PYSSLA Formy na koraliki 4 szt. r\u00f3\u017cne kolory 701.285.71"},"content":{"rendered":"<p>PYSSLA Formy na koraliki, 4 szt. Daj upust swojej kreatywno\u015bci i stw\u00f3rz w\u0142asne, kolorowe projekty uk\u0142adaj\u0105c korale na szablonach PYSSLA. Pom\u00f3\u017c dzieciom rozwin\u0105\u0107 zdolno\u015bci motoryczne i koordynacj\u0119 r\u0119ka-oko.Dodatkowe informacje o produkcie:Rodzaj: Formy na koraliki, 4 szt.Informacje o kosztach dostawy:Dostawa kurierem15,- na terenie ca\u0142ej Polski-Us\u0142uga dostawy akcesori\u00f3w i ma\u0142ych mebli z wniesieniem-Dostawa za 15,- (cena za paczk\u0119 do 30kg) &#8211; informacj\u0119 o tym, czy dany produkt jest obj\u0119ty dostaw\u0105 kurierem znajdziesz w koszyku-\u015aredni czas dostawy to 4 dni roboczeDostawa z wniesieniemod 49,-do ponad 30 wybranych miast i od 89,- do reszty Polski-Us\u0142uga dostawy akcesori\u00f3w i mebli z wniesieniem do wskazanego pomieszczenia-Cena uzale\u017cniona od wagi zam\u00f3wionych produkt\u00f3w &#8211; 5 przedzia\u0142\u00f3w wagowych-Termin dostawy wybierzesz podczas sk\u0142adania zam\u00f3wieniaAby wyliczy\u0107 dok\u0142adne koszty dostawy, mo\u017cesz skorzysta\u0107 z kalkulatora dost\u0119pnego na stronie Ikea: https:\/\/www.ikea.com\/pl\/pl\/customer-service\/services\/delivery\/<\/p>\n<h2>IKEA PYSSLA Formy na koraliki 4 szt. r\u00f3\u017cne kolory 701.285.71 Ikea<\/h2>\n<p>quizy o koniach, wzory zaprosze\u0144 zaproszenie na urodziny szablon do druku, zagadki o zimie, kolorowanka myszka minnie, milena imie, bajki dla dzieci na dobranoc<\/p>\n<p>yyyyy<\/p>\n<p>&nbsp;<\/p>\n","protected":false},"excerpt":{"rendered":"<p>PYSSLA Formy na koraliki, 4 szt. Daj upust swojej kreatywno\u015bci i stw\u00f3rz w\u0142asne, kolorowe projekty uk\u0142adaj\u0105c korale na szablonach PYSSLA. Pom\u00f3\u017c dzieciom rozwin\u0105\u0107 zdolno\u015bci motoryczne i koordynacj\u0119 r\u0119ka-oko.Dodatkowe informacje o produkcie:Rodzaj: Formy na koraliki, 4 szt.Informacje o kosztach dostawy:Dostawa kurierem15,- na terenie ca\u0142ej Polski-Us\u0142uga dostawy akcesori\u00f3w i ma\u0142ych mebli z wniesieniem-Dostawa za 15,- (cena za [&hellip;]<\/p>\n","protected":false},"featured_media":3536,"comment_status":"closed","ping_status":"open","template":"","meta":[],"product_cat":[979,21],"product_tag":[792,727,672,659,788,793],"class_list":["post-3535","product","type-product","status-publish","has-post-thumbnail","hentry","product_cat-ikea","product_cat-zabawki-plastyczne","product_tag-cytaty-o-mamie","product_tag-godlo-polski-do-druku","product_tag-trudne-zagadki-z-odpowiedziami","product_tag-tupu-tup-po-sniegu-tekst","product_tag-zagadki-krotkie","product_tag-zagadki-smieszne-podchwytliwe"],"_links":{"self":[{"href":"http:\/\/klubmamgdynia.pl\/index.php\/wp-json\/wp\/v2\/product\/3535","targetHints":{"allow":["GET"]}}],"collection":[{"href":"http:\/\/klubmamgdynia.pl\/index.php\/wp-json\/wp\/v2\/product"}],"about":[{"href":"http:\/\/klubmamgdynia.pl\/index.php\/wp-json\/wp\/v2\/types\/product"}],"replies":[{"embeddable":true,"href":"http:\/\/klubmamgdynia.pl\/index.php\/wp-json\/wp\/v2\/comments?post=3535"}],"wp:featuredmedia":[{"embeddable":true,"href":"http:\/\/klubmamgdynia.pl\/index.php\/wp-json\/wp\/v2\/media\/3536"}],"wp:attachment":[{"href":"http:\/\/klubmamgdynia.pl\/index.php\/wp-json\/wp\/v2\/media?parent=3535"}],"wp:term":[{"taxonomy":"product_cat","embeddable":true,"href":"http:\/\/klubmamgdynia.pl\/index.php\/wp-json\/wp\/v2\/product_cat?post=3535"},{"taxonomy":"product_tag","embeddable":true,"href":"http:\/\/klubmamgdynia.pl\/index.php\/wp-json\/wp\/v2\/product_tag?post=3535"}],"curies":[{"name":"wp","href":"https:\/\/api.w.org\/{rel}","templated":true}]}}