{"id":3541,"date":"2012-05-30T15:57:11","date_gmt":"2012-05-30T13:57:11","guid":{"rendered":"http:\/\/klubmamgdynia.pl\/index.php\/produkt\/komoda-dziecieca-zbyszek-bis-bialy-3-szuflady-polka\/"},"modified":"2026-04-05T21:38:56","modified_gmt":"2026-04-05T19:38:56","slug":"komoda-dziecieca-zbyszek-bis-bialy-3-szuflady-polka","status":"publish","type":"product","link":"http:\/\/klubmamgdynia.pl\/index.php\/produkt\/komoda-dziecieca-zbyszek-bis-bialy-3-szuflady-polka\/","title":{"rendered":"Komoda dzieci\u0119ca ZBYSZEK BIS bia\u0142y 3 szuflady+ p\u00f3\u0142ka"},"content":{"rendered":"<p>Komoda dzieci\u0119ca 3 szuflady+ p\u00f3\u0142ka z przewijakiemkolor:bia\u0142yPraktyczna i funkcjonalna komoda ze zdejmowanym przewijakiem wyposa\u017cona w 3 pojemne szuflady osadzone na prowadnicach kulkowych z funkcj\u0105 cichy domyk oraz p\u00f3\u0142k\u0119.Korpus komody wykonany jest z p\u0142yty meblowej natomiast fronty szuflad z mdf (lakierowany) , n\u00f3\u017cki oraz boki przewijaka z drewna sosnowego.Komoda idealnie pasuje do \u0142\u00f3\u017ceczek Zbyszek i Zuzia z naszej ofertyOpis przewijaka:- powierzchnia do przewijania 70&#215;50 cm- \u0142atwy dost\u0119p do szuflad, dzi\u0119ki wyci\u0119ciu na d\u0142onie- produkty piel\u0119gnacyjne znajduj\u0105 si\u0119 blisko i s\u0105 \u0142atwe do wyjmowania- \u0142atwy monta\u017c oraz demonta\u017c blatu komody<\/p>\n<h2>Komoda dzieci\u0119ca ZBYSZEK BIS bia\u0142y 3 szuflady+ p\u00f3\u0142ka Domel Fabryka Mebli<\/h2>\n<p>dyplomy szablony pdf, tajemniczy ogr\u00f3d test z lektury, sentencje napisy cytaty o rodzinie, cytaty z ma\u0142ego ksi\u0119cia, nadia imi\u0119, poczytaj mi wiersz, wiosenna kolorowanka, testy na znaki drogowe, cytat dla mamy, cytaty o przyja\u017ani ma\u0142y ksi\u0105\u017c\u0119, pch\u0142y na noc, zagadki dla doros\u0142ych, mandala kolorowanka, kanapki halloween, laurka kolorowanki na dzie\u0144 mamy, opisy o rodzinie, najpi\u0119kniejsze piosenki \u015bwi\u0105teczne dla dzieci, miastodzieci, quizy dla dzieci 8 lat, mama cytaty, bajka o kreciku<\/p>\n<p>yyyyy<\/p>\n<p>&nbsp;<\/p>\n","protected":false},"excerpt":{"rendered":"<p>Komoda dzieci\u0119ca 3 szuflady+ p\u00f3\u0142ka z przewijakiemkolor:bia\u0142yPraktyczna i funkcjonalna komoda ze zdejmowanym przewijakiem wyposa\u017cona w 3 pojemne szuflady osadzone na prowadnicach kulkowych z funkcj\u0105 cichy domyk oraz p\u00f3\u0142k\u0119.Korpus komody wykonany jest z p\u0142yty meblowej natomiast fronty szuflad z mdf (lakierowany) , n\u00f3\u017cki oraz boki przewijaka z drewna sosnowego.Komoda idealnie pasuje do \u0142\u00f3\u017ceczek Zbyszek i Zuzia [&hellip;]<\/p>\n","protected":false},"featured_media":3542,"comment_status":"closed","ping_status":"open","template":"","meta":[],"product_cat":[1082,958],"product_tag":[825,775,744,682,591,840],"class_list":["post-3541","product","type-product","status-publish","has-post-thumbnail","hentry","product_cat-domel-fabryka-mebli","product_cat-komody-kapielowe-wanienki-i-przewijaki","product_tag-bajka-na-dobranoc-do-czytania","product_tag-kolorowanki-do-druku-pokemon","product_tag-kolorowanki-swiateczne-do-wydruku","product_tag-przyjazn-cytaty","product_tag-quiz-o-minecraft","product_tag-stare-bajki"],"_links":{"self":[{"href":"http:\/\/klubmamgdynia.pl\/index.php\/wp-json\/wp\/v2\/product\/3541","targetHints":{"allow":["GET"]}}],"collection":[{"href":"http:\/\/klubmamgdynia.pl\/index.php\/wp-json\/wp\/v2\/product"}],"about":[{"href":"http:\/\/klubmamgdynia.pl\/index.php\/wp-json\/wp\/v2\/types\/product"}],"replies":[{"embeddable":true,"href":"http:\/\/klubmamgdynia.pl\/index.php\/wp-json\/wp\/v2\/comments?post=3541"}],"wp:featuredmedia":[{"embeddable":true,"href":"http:\/\/klubmamgdynia.pl\/index.php\/wp-json\/wp\/v2\/media\/3542"}],"wp:attachment":[{"href":"http:\/\/klubmamgdynia.pl\/index.php\/wp-json\/wp\/v2\/media?parent=3541"}],"wp:term":[{"taxonomy":"product_cat","embeddable":true,"href":"http:\/\/klubmamgdynia.pl\/index.php\/wp-json\/wp\/v2\/product_cat?post=3541"},{"taxonomy":"product_tag","embeddable":true,"href":"http:\/\/klubmamgdynia.pl\/index.php\/wp-json\/wp\/v2\/product_tag?post=3541"}],"curies":[{"name":"wp","href":"https:\/\/api.w.org\/{rel}","templated":true}]}}