{"id":3543,"date":"2020-03-03T16:57:25","date_gmt":"2020-03-03T15:57:25","guid":{"rendered":"http:\/\/klubmamgdynia.pl\/index.php\/produkt\/kontext-piasek-kinetyczny-1kg-w-woreczku-niebieski\/"},"modified":"2026-04-05T00:09:23","modified_gmt":"2026-04-04T22:09:23","slug":"kontext-piasek-kinetyczny-1kg-w-woreczku-niebieski","status":"publish","type":"product","link":"http:\/\/klubmamgdynia.pl\/index.php\/produkt\/kontext-piasek-kinetyczny-1kg-w-woreczku-niebieski\/","title":{"rendered":"Kontext Piasek Kinetyczny 1Kg W Woreczku Niebieski"},"content":{"rendered":"<p>Piasek Kinetyczny w woreczku 1kg Zabawa z piaskiem kinetycznym jest bardzo przyjemna, piasek \u0142atwo poddaje si\u0119 modelowaniu do tego jego ci\u0105g\u0142y Zastosowanie opatentowanej technologii bazuj\u0105cej na dodaniu do czystego piasku nietoksycznego polimeru, kt\u00f3ry \u0142\u0105czy ze sob\u0105 pojedyncze ziarenka piasku (nigdy si\u0119 nie rozsypuj\u0105), dzi\u0119ki czemu idealnie nadaje si\u0119 do zabawy w domu, przedszkolu czy gabinecie terapii zaj\u0119ciowej. Funkcje i zalety piasek sk\u0142ada si\u0119 w 98% z piasku i 2% z magii nie traci w\u0142a\u015bciwo\u015bci plastycznych, nie wysycha nie twardnieje \u0142atwe czyszczenie r\u0105czek po zako\u0144czonej zabawie \u0142atwe modelowanie, ugniatanie jest nieszkodliwy dla dzieci poniewa\u017c jest wykonany z naturalnych sk\u0142adnik\u00f3w nie przykleja si\u0119 do r\u0105k i nie kurzy si\u0119 z niego podczas u\u017cycia, po sko\u0144czonej zabawie mo\u017cna go bez problemu zmy\u0107 wod\u0105 z pisaku mo\u017cna stworzy\u0107 co tylko si\u0119 chce, wystarczy u\u017cy\u0107 wyobra\u017ani, nie potrzeba do niego wody tworzenie r\u00f3\u017cnych form poprawia zdolno\u015bci tw\u00f3rcze oraz umiej\u0119tno\u015bci ekspresyjne Podczas \u015bciskania piasku mo\u017cesz poczu\u0107 ca\u0142\u0105 zabaw\u0119 i przekona\u0107 si\u0119 \u017ce piasek przylega tylko do siebie, a nie do twoich d\u0142oni.Piasek w niezwyk\u0142y spos\u00f3b przep\u0142ywa przez palce jak ciecz, ale pozostawia je suche. Piasek kinetyczny \u015bwietne oddzia\u0142uje na zmys\u0142 dotyku u dziecka, a wi\u0119c korzystanie wp\u0142ywa na integracj\u0119 sensoryczn\u0105, czyli zdolno\u015bci dziecka od odczuwania i rozumienia bod\u017ac\u00f3w dostarczanych organizmowi przez zmys\u0142y. Wybierz kolor piasku!Piasek dost\u0119pny w 5 kolorach! Piasek zapakowany w woreczek.<\/p>\n<h2>Kontext Piasek Kinetyczny 1Kg W Woreczku Niebieski Kontext<\/h2>\n<p>zdrowe przepisy dla dzieci, kr\u00f3tkie zagadki matematyczne z odpowiedziami, ferie warszawa 2022, cytaty o mi\u0142o\u015bci do dziecka, prezent dla nastolatk\u00f3w, bursztynek, hobbit, zadania logiczne, wierszyki o marzannie, dekorowanie kanapek dla dzieci, zagadki dla 9 latk\u00f3w, rysunki \u0142atwe, pawe\u0142, koty kolorowanka, gwiazdka do druku, trudne zagadki z odpowiedziami, koty kolorowanka<\/p>\n<p>yyyyy<\/p>\n<p>&nbsp;<\/p>\n","protected":false},"excerpt":{"rendered":"<p>Piasek Kinetyczny w woreczku 1kg Zabawa z piaskiem kinetycznym jest bardzo przyjemna, piasek \u0142atwo poddaje si\u0119 modelowaniu do tego jego ci\u0105g\u0142y Zastosowanie opatentowanej technologii bazuj\u0105cej na dodaniu do czystego piasku nietoksycznego polimeru, kt\u00f3ry \u0142\u0105czy ze sob\u0105 pojedyncze ziarenka piasku (nigdy si\u0119 nie rozsypuj\u0105), dzi\u0119ki czemu idealnie nadaje si\u0119 do zabawy w domu, przedszkolu czy gabinecie [&hellip;]<\/p>\n","protected":false},"featured_media":3544,"comment_status":"closed","ping_status":"open","template":"","meta":[],"product_cat":[20,21],"product_tag":[856,646,591,822,736,767],"class_list":["post-3543","product","type-product","status-publish","has-post-thumbnail","hentry","product_cat-kontext","product_cat-zabawki-plastyczne","product_tag-prezent-dla-16-latki","product_tag-prezent-na-pierwsze-urodziny","product_tag-quiz-o-minecraft","product_tag-wierszyki-o-wakacjach-krotkie","product_tag-zabawki-na-roczek","product_tag-zaproszenia-urodzinowe-do-druku"],"_links":{"self":[{"href":"http:\/\/klubmamgdynia.pl\/index.php\/wp-json\/wp\/v2\/product\/3543","targetHints":{"allow":["GET"]}}],"collection":[{"href":"http:\/\/klubmamgdynia.pl\/index.php\/wp-json\/wp\/v2\/product"}],"about":[{"href":"http:\/\/klubmamgdynia.pl\/index.php\/wp-json\/wp\/v2\/types\/product"}],"replies":[{"embeddable":true,"href":"http:\/\/klubmamgdynia.pl\/index.php\/wp-json\/wp\/v2\/comments?post=3543"}],"wp:featuredmedia":[{"embeddable":true,"href":"http:\/\/klubmamgdynia.pl\/index.php\/wp-json\/wp\/v2\/media\/3544"}],"wp:attachment":[{"href":"http:\/\/klubmamgdynia.pl\/index.php\/wp-json\/wp\/v2\/media?parent=3543"}],"wp:term":[{"taxonomy":"product_cat","embeddable":true,"href":"http:\/\/klubmamgdynia.pl\/index.php\/wp-json\/wp\/v2\/product_cat?post=3543"},{"taxonomy":"product_tag","embeddable":true,"href":"http:\/\/klubmamgdynia.pl\/index.php\/wp-json\/wp\/v2\/product_tag?post=3543"}],"curies":[{"name":"wp","href":"https:\/\/api.w.org\/{rel}","templated":true}]}}