{"id":3545,"date":"2021-01-26T20:20:12","date_gmt":"2021-01-26T19:20:12","guid":{"rendered":"http:\/\/klubmamgdynia.pl\/index.php\/produkt\/gra-planszowa-coppenrath-munster-zauberhafte-doppelgruskarten-wersja-niemiecka\/"},"modified":"2026-04-29T10:46:43","modified_gmt":"2026-04-29T08:46:43","slug":"gra-planszowa-coppenrath-munster-zauberhafte-doppelgruskarten-wersja-niemiecka","status":"publish","type":"product","link":"http:\/\/klubmamgdynia.pl\/index.php\/produkt\/gra-planszowa-coppenrath-munster-zauberhafte-doppelgruskarten-wersja-niemiecka\/","title":{"rendered":"Gra planszowa Coppenrath, M\u00fcnster Zauberhafte Doppelgru\u00dfkarten (wersja niemiecka)"},"content":{"rendered":"<p>Zauberhafte Gru\u00dfkarte in 6 unterschiedlichen Motiven f\u00fcr jede Gelegenheit, wundersch\u00f6n illustriert von Marjolein Bastin. Mit gl\u00e4nzender Goldfolienveredelung und wertig gestaltetem Umschlag.<\/p>\n<h2>Gra planszowa Coppenrath, M\u00fcnster Zauberhafte Doppelgru\u00dfkarten (wersja niemiecka) <\/h2>\n<p>jad\u0105 jad\u0105 misie tekst, dzie\u0144 nauczyciela teksty, prezenty dla nastolatek, zabawy dla 6 latk\u00f3w, zak\u0142adka do ksi\u0105\u017cki szablon, znaczenie imiona dawid, kolorowanka harry potter<\/p>\n<p>yyyyy<\/p>\n<p>&nbsp;<\/p>\n","protected":false},"excerpt":{"rendered":"<p>Zauberhafte Gru\u00dfkarte in 6 unterschiedlichen Motiven f\u00fcr jede Gelegenheit, wundersch\u00f6n illustriert von Marjolein Bastin. Mit gl\u00e4nzender Goldfolienveredelung und wertig gestaltetem Umschlag. Gra planszowa Coppenrath, M\u00fcnster Zauberhafte Doppelgru\u00dfkarten (wersja niemiecka) jad\u0105 jad\u0105 misie tekst, dzie\u0144 nauczyciela teksty, prezenty dla nastolatek, zabawy dla 6 latk\u00f3w, zak\u0142adka do ksi\u0105\u017cki szablon, znaczenie imiona dawid, kolorowanka harry potter yyyyy &nbsp;<\/p>\n","protected":false},"featured_media":3546,"comment_status":"closed","ping_status":"open","template":"","meta":[],"product_cat":[235],"product_tag":[658,840,647,850],"class_list":["post-3545","product","type-product","status-publish","has-post-thumbnail","hentry","product_cat-gry-planszowe","product_tag-alan-znaczenie-imienia","product_tag-stare-bajki","product_tag-warszawa-z-dzieckiem","product_tag-wroclaw-atrakcje-dla-dzieci"],"_links":{"self":[{"href":"http:\/\/klubmamgdynia.pl\/index.php\/wp-json\/wp\/v2\/product\/3545","targetHints":{"allow":["GET"]}}],"collection":[{"href":"http:\/\/klubmamgdynia.pl\/index.php\/wp-json\/wp\/v2\/product"}],"about":[{"href":"http:\/\/klubmamgdynia.pl\/index.php\/wp-json\/wp\/v2\/types\/product"}],"replies":[{"embeddable":true,"href":"http:\/\/klubmamgdynia.pl\/index.php\/wp-json\/wp\/v2\/comments?post=3545"}],"wp:featuredmedia":[{"embeddable":true,"href":"http:\/\/klubmamgdynia.pl\/index.php\/wp-json\/wp\/v2\/media\/3546"}],"wp:attachment":[{"href":"http:\/\/klubmamgdynia.pl\/index.php\/wp-json\/wp\/v2\/media?parent=3545"}],"wp:term":[{"taxonomy":"product_cat","embeddable":true,"href":"http:\/\/klubmamgdynia.pl\/index.php\/wp-json\/wp\/v2\/product_cat?post=3545"},{"taxonomy":"product_tag","embeddable":true,"href":"http:\/\/klubmamgdynia.pl\/index.php\/wp-json\/wp\/v2\/product_tag?post=3545"}],"curies":[{"name":"wp","href":"https:\/\/api.w.org\/{rel}","templated":true}]}}