{"id":3547,"date":"2025-04-19T14:09:32","date_gmt":"2025-04-19T12:09:32","guid":{"rendered":"http:\/\/klubmamgdynia.pl\/?post_type=product&#038;p=3547"},"modified":"2026-04-30T15:22:29","modified_gmt":"2026-04-30T13:22:29","slug":"babymatex-pokrowiec-na-przewijak-frotte-z-gumka-50-60x70-80-szary-42","status":"publish","type":"product","link":"http:\/\/klubmamgdynia.pl\/index.php\/produkt\/babymatex-pokrowiec-na-przewijak-frotte-z-gumka-50-60x70-80-szary-42\/","title":{"rendered":"Babymatex Pokrowiec Na Przewijak Frotte Z Gumk\u0105 50\/60&#215;70\/80 Szary 42"},"content":{"rendered":"<p>Pokrowiec na przewijak frotte z gumk\u0105 50\/60&#215;70\/80 szary 42 wykonany z mi\u0119ciutkiej i delikatnej dzianiny frotte. Mi\u0119kki przyjemny w dotyku materia\u0142 sprawdza si\u0119 idealnie podczas piel\u0119gnacji maluszka. Posiada w obwodzie wszyt\u0105 gumk\u0119 tunelowo co gwarantuje doskona\u0142e dopasowanie do mniejszego jak i wi\u0119kszego rozmiaru przewijaka.Rozmiar: 50\/60&#215;70\/80 cmTolerancja rozmiaru: \u00b13 cmMateria\u0142: 100% bawe\u0142na Gramatura: 180g\/m2Materia\u0142y posiadaj\u0105 certyfikat Oeko-Tex Standard &#8211; gwarantuj\u0105cy bezpiecze\u0144stwo tkanin dla maluszka. Wyr\u00f3b medyczny posiadaj\u0105cy pozytywn\u0105 ocen\u0119 kliniczn\u0105.Przepis konserwacji pokrowca: pra\u0107 w temperaturze 40\u00b0C, nie chlorowa\u0107, nie czy\u015bci\u0107 chemicznie, nie prasowa\u0107, suszy\u0107 w stanie rozwieszonym<\/p>\n<h2>Babymatex Pokrowiec Na Przewijak Frotte Z Gumk\u0105 50\/60&#215;70\/80 Szary 42 BabyMatex<\/h2>\n<p>historia andrzejek dla dzieci, zagadki przyrodnicze, bajka o miko\u0142aju do czytania, kolorowanki spongebob, karty pracy dla dzieci z ukrainy pdf, dzien matki cytaty, literki do druku, zwierz\u0119ta z plasteliny, jak narysowa\u0107, malgorzata imi\u0119, piosenki dla dzieci o jesieni, \u017carty \u017carty na prima aprilis, kolorowanka pieski, kolorowanki \u015bwi\u0105teczne do wydruku<\/p>\n<p>yyyyy<\/p>\n<p>&nbsp;<\/p>\n","protected":false},"excerpt":{"rendered":"<p>Pokrowiec na przewijak frotte z gumk\u0105 50\/60&#215;70\/80 szary 42 wykonany z mi\u0119ciutkiej i delikatnej dzianiny frotte. Mi\u0119kki przyjemny w dotyku materia\u0142 sprawdza si\u0119 idealnie podczas piel\u0119gnacji maluszka. Posiada w obwodzie wszyt\u0105 gumk\u0119 tunelowo co gwarantuje doskona\u0142e dopasowanie do mniejszego jak i wi\u0119kszego rozmiaru przewijaka.Rozmiar: 50\/60&#215;70\/80 cmTolerancja rozmiaru: \u00b13 cmMateria\u0142: 100% bawe\u0142na Gramatura: 180g\/m2Materia\u0142y posiadaj\u0105 certyfikat [&hellip;]<\/p>\n","protected":false},"featured_media":3548,"comment_status":"closed","ping_status":"open","template":"","meta":[],"product_cat":[925,958],"product_tag":[828,663,687,794],"class_list":["post-3547","product","type-product","status-publish","has-post-thumbnail","hentry","product_cat-babymatex","product_cat-komody-kapielowe-wanienki-i-przewijaki","product_tag-filmy-wigilijne-dla-dzieci","product_tag-kolorowanki-dla-dzieci-do-druku","product_tag-podchwytliwe-zagadki-matematyczne","product_tag-test-opowiesci-z-narnii-lew-czarownica-i-stara-szafa-do-druku"],"_links":{"self":[{"href":"http:\/\/klubmamgdynia.pl\/index.php\/wp-json\/wp\/v2\/product\/3547","targetHints":{"allow":["GET"]}}],"collection":[{"href":"http:\/\/klubmamgdynia.pl\/index.php\/wp-json\/wp\/v2\/product"}],"about":[{"href":"http:\/\/klubmamgdynia.pl\/index.php\/wp-json\/wp\/v2\/types\/product"}],"replies":[{"embeddable":true,"href":"http:\/\/klubmamgdynia.pl\/index.php\/wp-json\/wp\/v2\/comments?post=3547"}],"wp:featuredmedia":[{"embeddable":true,"href":"http:\/\/klubmamgdynia.pl\/index.php\/wp-json\/wp\/v2\/media\/3548"}],"wp:attachment":[{"href":"http:\/\/klubmamgdynia.pl\/index.php\/wp-json\/wp\/v2\/media?parent=3547"}],"wp:term":[{"taxonomy":"product_cat","embeddable":true,"href":"http:\/\/klubmamgdynia.pl\/index.php\/wp-json\/wp\/v2\/product_cat?post=3547"},{"taxonomy":"product_tag","embeddable":true,"href":"http:\/\/klubmamgdynia.pl\/index.php\/wp-json\/wp\/v2\/product_tag?post=3547"}],"curies":[{"name":"wp","href":"https:\/\/api.w.org\/{rel}","templated":true}]}}