{"id":3549,"date":"2012-11-15T04:57:23","date_gmt":"2012-11-15T03:57:23","guid":{"rendered":"http:\/\/klubmamgdynia.pl\/index.php\/produkt\/jollein-baby-kids-jollein-baby-kids-pokrowce-na-przewijak-dziecka-bawelna-frotte-50-x-70-cm-ivory-2-szt\/"},"modified":"2026-05-17T23:16:53","modified_gmt":"2026-05-17T21:16:53","slug":"jollein-baby-kids-jollein-baby-kids-pokrowce-na-przewijak-dziecka-bawelna-frotte-50-x-70-cm-ivory-2-szt","status":"publish","type":"product","link":"http:\/\/klubmamgdynia.pl\/index.php\/produkt\/jollein-baby-kids-jollein-baby-kids-pokrowce-na-przewijak-dziecka-bawelna-frotte-50-x-70-cm-ivory-2-szt\/","title":{"rendered":"Jollein Baby &amp; Kids Jollein Baby &amp; Kids Pokrowce Na Przewijak Dziecka Bawe\u0142na Frotte 50 X 70 Cm Ivory 2 Szt."},"content":{"rendered":"<p>Ch\u0142onny i mi\u0119kki pokrowiec na przewijak dziecka z wysokojako\u015bciowej elastycznej bawe\u0142ny typu frotte.Maluszek ma bardziej przyjazne miejsce do zmiany pieluszki i czynno\u015bci piel\u0119gnacyjnych po k\u0105pieli.Takie miejsce to dodatkowa ozdoba w pokoju dzieci\u0119cym.<\/p>\n<h2>Jollein Baby &amp; Kids Jollein Baby &amp; Kids Pokrowce Na Przewijak Dziecka Bawe\u0142na Frotte 50 X 70 Cm Ivory 2 Szt. <\/h2>\n<p>prezenty roczek, jak narysowa\u0107 psa, klockownia wroc\u0142aw, wzruszaj\u0105c\u0105 piosenka dla taty, prezent dla 17 latka, zagadki dla 6 latka, wierszyki na smigus dyngus, zagadki o wiosnie, rzadkie imiona, domki nad morzem z atrakcjami dla dzieci, uk\u0142ad s\u0142oneczny kolorowanka, wpad\u0142a bomba do piwnicy, kolorowanki winx, ma\u0142y ksi\u0105\u017c\u0119 &#8211; test z odpowiedziami, dziecko cytaty z\u0142ote my\u015bli, zagadki i odpowiedzi<\/p>\n<p>yyyyy<\/p>\n<p>&nbsp;<\/p>\n","protected":false},"excerpt":{"rendered":"<p>Ch\u0142onny i mi\u0119kki pokrowiec na przewijak dziecka z wysokojako\u015bciowej elastycznej bawe\u0142ny typu frotte.Maluszek ma bardziej przyjazne miejsce do zmiany pieluszki i czynno\u015bci piel\u0119gnacyjnych po k\u0105pieli.Takie miejsce to dodatkowa ozdoba w pokoju dzieci\u0119cym. Jollein Baby &amp; Kids Jollein Baby &amp; Kids Pokrowce Na Przewijak Dziecka Bawe\u0142na Frotte 50 X 70 Cm Ivory 2 Szt. prezenty roczek, [&hellip;]<\/p>\n","protected":false},"featured_media":3550,"comment_status":"closed","ping_status":"open","template":"","meta":[],"product_cat":[958],"product_tag":[686,626,752,642,605,694],"class_list":["post-3549","product","type-product","status-publish","has-post-thumbnail","hentry","product_cat-komody-kapielowe-wanienki-i-przewijaki","product_tag-co-na-roczek-dla-chlopca","product_tag-jacek","product_tag-kuba-imie","product_tag-mia-imie","product_tag-milena","product_tag-zagadki-swiateczne-dla-dzieci"],"_links":{"self":[{"href":"http:\/\/klubmamgdynia.pl\/index.php\/wp-json\/wp\/v2\/product\/3549","targetHints":{"allow":["GET"]}}],"collection":[{"href":"http:\/\/klubmamgdynia.pl\/index.php\/wp-json\/wp\/v2\/product"}],"about":[{"href":"http:\/\/klubmamgdynia.pl\/index.php\/wp-json\/wp\/v2\/types\/product"}],"replies":[{"embeddable":true,"href":"http:\/\/klubmamgdynia.pl\/index.php\/wp-json\/wp\/v2\/comments?post=3549"}],"wp:featuredmedia":[{"embeddable":true,"href":"http:\/\/klubmamgdynia.pl\/index.php\/wp-json\/wp\/v2\/media\/3550"}],"wp:attachment":[{"href":"http:\/\/klubmamgdynia.pl\/index.php\/wp-json\/wp\/v2\/media?parent=3549"}],"wp:term":[{"taxonomy":"product_cat","embeddable":true,"href":"http:\/\/klubmamgdynia.pl\/index.php\/wp-json\/wp\/v2\/product_cat?post=3549"},{"taxonomy":"product_tag","embeddable":true,"href":"http:\/\/klubmamgdynia.pl\/index.php\/wp-json\/wp\/v2\/product_tag?post=3549"}],"curies":[{"name":"wp","href":"https:\/\/api.w.org\/{rel}","templated":true}]}}