{"id":355,"date":"2023-10-31T06:55:54","date_gmt":"2023-10-31T05:55:54","guid":{"rendered":"http:\/\/klubmamgdynia.pl\/index.php\/produkt\/mushie-2-pierwsze-szczoteczki-na-palec-cambrige-blue-shifting-sand\/"},"modified":"2026-04-20T21:36:41","modified_gmt":"2026-04-20T19:36:41","slug":"mushie-2-pierwsze-szczoteczki-na-palec-cambrige-blue-shifting-sand","status":"publish","type":"product","link":"http:\/\/klubmamgdynia.pl\/index.php\/produkt\/mushie-2-pierwsze-szczoteczki-na-palec-cambrige-blue-shifting-sand\/","title":{"rendered":"Mushie &#8211; 2 Pierwsze Szczoteczki Na Palec Cambrige Blue &amp; Shifting Sand"},"content":{"rendered":"<p>2 pierwsze szczoteczki na palec Cambrige Blue &amp; Shifting SandWykonane zosta\u0142y z silikonu spo\u017cywczego przeznaczonego do kontaktu z \u017cywno\u015bci\u0105 i nie zawieraj\u0105 BPA ani ftalan\u00f3w.Wszystkie szczoteczki firmy Mushie pozbawione s\u0105 szkodliwych i niepo\u017c\u0105danych substancji ropopochodnych.W\u0142a\u015bciwo\u015bci produkt\u00f3w silikonowych Mushie100% bezpieczne100% biokompatybilneDu\u017ca odporno\u015b\u0107 termicznaPasywno\u015b\u0107 reakcyjna z \u017cywno\u015bci\u0105BezzapachoweDlaczego warto wybra\u0107 szczoteczkii z silikonu spo\u017cywczego Mushie ?Silikon spo\u017cywczy jest w 100% biokompatybilny, nietoksyczny i nie powoduje alergii. Wa\u017cn\u0105 jego cech\u0105 jest doskonale tolerowany przez organizm ludzki, dlatego stanowi baz\u0119 oddychaj\u0105cych soczewek kontaktowych [5 razy bezpieczniejszych od standardowych soczewek]. Specyficzna w\u0142a\u015bciwo\u015b\u0107 silikonu jak\u0105 jest &#8222;oddychanie&#8221; materia\u0142uINFORMACJEProdukt wykonany jest z biokompatybilnego oddychaj\u0105cego silikonu spo\u017cywczego Grade AAA.Produkt nie zawiera ropopochodnych toksyn w tym plastyfikator\u00f3w np. BPA. Spe\u0142nia wymogi europejskie (EU) No. 321\/2011.Produkt mo\u017cna wyparza\u0107Produkt mo\u017cna sterylizowa\u0107Produkt mo\u017cna zamra\u017ca\u0107INSTRUKCJA U\u017bYTKOWANIAPrzed pierwszym u\u017cyciem nale\u017cy umy\u0107 produkt a nast\u0119pnie pozostawi\u0107 w gotuj\u0105cej si\u0119 wodzie na 5 min. i pozostawi\u0107 do wystudzenia.Przed ka\u017cdym u\u017cyciem nale\u017cy umy\u0107 produkt w wodzie z myd\u0142em i pozostawi\u0107 do wyschni\u0119cia.Produkt nadaje si\u0119 do mycia w zmywarce.Produkt mo\u017ce odbarwia\u0107 si\u0119 pod wp\u0142ywem d\u0142ugotrwa\u0142ego kontaktu z intensywnymi barwnikami ro\u015blinnymi jak np. karotenoidy z marchewki czy buraka czerwonego. Odbarwienie nie jest podstaw\u0105 do reklamacji.OSTRZE\u017bENIEDLA BEZPIECZE\u0143STWA I ZDROWIA TWOJEGO DZIECKAProdukt mo\u017ce by\u0107 u\u017cywany wy\u0142\u0105cznie pod nadzorem osoby doros\u0142ej.Nigdy nie pozostawiaj szczoteczki w miejscu nas\u0142onecznienia (bezpo\u015bredniej propagacji s\u0142onecznej), bezpo\u015bredniego ciep\u0142a lub w p\u0142ynach lub urz\u0105dzenia dezynfekuj\u0105cych d\u0142u\u017cej ni\u017c jest to wskazane (w opisie p\u0142ynu lub urz\u0105dzenia), poniewa\u017c mo\u017ce to skutkowa\u0107 os\u0142abieniem produktu a w skrajnych przypadkach jej zniszczeniem.Przed ka\u017cdym u\u017cyciem nale\u017cy sprawdzi\u0107 stan produktu przekrzywiaj\u0105c j\u0105 w ka\u017cdym mo\u017cliwym kierunku.Nale\u017cy wyrzuci\u0107 w przypadku jakichkolwiek oznak uszkodzenia lub os\u0142abienia materia\u0142u.<\/p>\n<h2>Mushie &#8211; 2 Pierwsze Szczoteczki Na Palec Cambrige Blue &amp; Shifting Sand Mushie<\/h2>\n<p>pomys\u0142 na prezent dla 7 latki, zadania dla dzieci z ukrainy, wierszyki na lany poniedzia\u0142ek, wroc\u0142aw i okolice atrakcje, zagadki na inteligencje, dzieci.pl, wierszyki na \u015bmigus dyngus, pole dyniowe pozna\u0144, zabawy ruchowe dla dzieci<\/p>\n<p>yyyyy<\/p>\n<p>&nbsp;<\/p>\n","protected":false},"excerpt":{"rendered":"<p>2 pierwsze szczoteczki na palec Cambrige Blue &amp; Shifting SandWykonane zosta\u0142y z silikonu spo\u017cywczego przeznaczonego do kontaktu z \u017cywno\u015bci\u0105 i nie zawieraj\u0105 BPA ani ftalan\u00f3w.Wszystkie szczoteczki firmy Mushie pozbawione s\u0105 szkodliwych i niepo\u017c\u0105danych substancji ropopochodnych.W\u0142a\u015bciwo\u015bci produkt\u00f3w silikonowych Mushie100% bezpieczne100% biokompatybilneDu\u017ca odporno\u015b\u0107 termicznaPasywno\u015b\u0107 reakcyjna z \u017cywno\u015bci\u0105BezzapachoweDlaczego warto wybra\u0107 szczoteczkii z silikonu spo\u017cywczego Mushie ?Silikon spo\u017cywczy jest [&hellip;]<\/p>\n","protected":false},"featured_media":356,"comment_status":"closed","ping_status":"open","template":"","meta":[],"product_cat":[132,152],"product_tag":[765,689,736],"class_list":["post-355","product","type-product","status-publish","has-post-thumbnail","hentry","product_cat-mushie","product_cat-pozostale-kosmetyki-i-akcesoria-pielegnacyjne","product_tag-atrakcje-dla-dzieci-warszawa","product_tag-linda","product_tag-zabawki-na-roczek"],"_links":{"self":[{"href":"http:\/\/klubmamgdynia.pl\/index.php\/wp-json\/wp\/v2\/product\/355","targetHints":{"allow":["GET"]}}],"collection":[{"href":"http:\/\/klubmamgdynia.pl\/index.php\/wp-json\/wp\/v2\/product"}],"about":[{"href":"http:\/\/klubmamgdynia.pl\/index.php\/wp-json\/wp\/v2\/types\/product"}],"replies":[{"embeddable":true,"href":"http:\/\/klubmamgdynia.pl\/index.php\/wp-json\/wp\/v2\/comments?post=355"}],"wp:featuredmedia":[{"embeddable":true,"href":"http:\/\/klubmamgdynia.pl\/index.php\/wp-json\/wp\/v2\/media\/356"}],"wp:attachment":[{"href":"http:\/\/klubmamgdynia.pl\/index.php\/wp-json\/wp\/v2\/media?parent=355"}],"wp:term":[{"taxonomy":"product_cat","embeddable":true,"href":"http:\/\/klubmamgdynia.pl\/index.php\/wp-json\/wp\/v2\/product_cat?post=355"},{"taxonomy":"product_tag","embeddable":true,"href":"http:\/\/klubmamgdynia.pl\/index.php\/wp-json\/wp\/v2\/product_tag?post=355"}],"curies":[{"name":"wp","href":"https:\/\/api.w.org\/{rel}","templated":true}]}}