{"id":3551,"date":"2019-01-27T22:05:15","date_gmt":"2019-01-27T21:05:15","guid":{"rendered":"http:\/\/klubmamgdynia.pl\/index.php\/produkt\/multitex-babymatex-bamboo-pokrowiec-na-przewijak-bialy-50x70-80cm\/"},"modified":"2026-04-30T10:59:08","modified_gmt":"2026-04-30T08:59:08","slug":"multitex-babymatex-bamboo-pokrowiec-na-przewijak-bialy-50x70-80cm","status":"publish","type":"product","link":"http:\/\/klubmamgdynia.pl\/index.php\/produkt\/multitex-babymatex-bamboo-pokrowiec-na-przewijak-bialy-50x70-80cm\/","title":{"rendered":"Multitex Babymatex Bamboo Pokrowiec Na Przewijak Bia\u0142y 50X70\/80Cm"},"content":{"rendered":"<p>Wykonany z najwy\u017cszej jako\u015bci tkaniny, w 100% bambusowej, kt\u00f3ra jest delikatna, mi\u0119kka, mi\u0142a w dotyku i przyjazna dla sk\u00f3ry dziecka.Bambusowy pokrowiec na przewijak marki BabyMatex posiada w obwodzie wszyt\u0105 gumk\u0119 tunelowo.Gwarantuje doskona\u0142e dopasowanie do mniejszego jak i wi\u0119kszego rozmiaru przewijaka. Pakowany w dwupakach.Drugi kolor w komplecie to szary.Produkt posiada certyfikat Oeko Tex Standard 100 klasa I.Rozmiar: 50&#215;70\/80 cm.Sk\u0142ad:..<\/p>\n<h2>Multitex Babymatex Bamboo Pokrowiec Na Przewijak Bia\u0142y 50X70\/80Cm Multitex<\/h2>\n<p>\u015bwinka peppa kolorowanka, test z lektury opowie\u015bci z narnii lew czarownica i stara szafa, halloween 2021 dla dzieci, dobre zagadki logiczne, karaluchy pod poduchy, \u0142amig\u0142\u00f3wki logiczne dla dzieci, bajki dla chlopcow, quiz o koniach, kanapki na urodziny dziecka, co kupi\u0107 nastolatkowi, zagadki dla dzieci 7 lat, trudne zagadki i odpowiedzi, piesek do kolorowania, opis rodzina, adrian imie, quizy o koniach, kolorowanka kotki do druku, test na znaki drogowe, milena, test ze znak\u00f3w drogowych, kucyki pony kolorowanka<\/p>\n<p>yyyyy<\/p>\n<p>&nbsp;<\/p>\n","protected":false},"excerpt":{"rendered":"<p>Wykonany z najwy\u017cszej jako\u015bci tkaniny, w 100% bambusowej, kt\u00f3ra jest delikatna, mi\u0119kka, mi\u0142a w dotyku i przyjazna dla sk\u00f3ry dziecka.Bambusowy pokrowiec na przewijak marki BabyMatex posiada w obwodzie wszyt\u0105 gumk\u0119 tunelowo.Gwarantuje doskona\u0142e dopasowanie do mniejszego jak i wi\u0119kszego rozmiaru przewijaka. Pakowany w dwupakach.Drugi kolor w komplecie to szary.Produkt posiada certyfikat Oeko Tex Standard 100 klasa [&hellip;]<\/p>\n","protected":false},"featured_media":3552,"comment_status":"closed","ping_status":"open","template":"","meta":[],"product_cat":[958,1083],"product_tag":[658,836,826,771,824,782],"class_list":["post-3551","product","type-product","status-publish","has-post-thumbnail","hentry","product_cat-komody-kapielowe-wanienki-i-przewijaki","product_cat-multitex","product_tag-alan-znaczenie-imienia","product_tag-co-kupic-dziecku-na-roczek","product_tag-prezent-dla-15-latka","product_tag-stolice-europy-quiz","product_tag-warszawa-atrakcje-dla-dzieci","product_tag-zagadki-dla-dzieci-z-odpowiedziami"],"_links":{"self":[{"href":"http:\/\/klubmamgdynia.pl\/index.php\/wp-json\/wp\/v2\/product\/3551","targetHints":{"allow":["GET"]}}],"collection":[{"href":"http:\/\/klubmamgdynia.pl\/index.php\/wp-json\/wp\/v2\/product"}],"about":[{"href":"http:\/\/klubmamgdynia.pl\/index.php\/wp-json\/wp\/v2\/types\/product"}],"replies":[{"embeddable":true,"href":"http:\/\/klubmamgdynia.pl\/index.php\/wp-json\/wp\/v2\/comments?post=3551"}],"wp:featuredmedia":[{"embeddable":true,"href":"http:\/\/klubmamgdynia.pl\/index.php\/wp-json\/wp\/v2\/media\/3552"}],"wp:attachment":[{"href":"http:\/\/klubmamgdynia.pl\/index.php\/wp-json\/wp\/v2\/media?parent=3551"}],"wp:term":[{"taxonomy":"product_cat","embeddable":true,"href":"http:\/\/klubmamgdynia.pl\/index.php\/wp-json\/wp\/v2\/product_cat?post=3551"},{"taxonomy":"product_tag","embeddable":true,"href":"http:\/\/klubmamgdynia.pl\/index.php\/wp-json\/wp\/v2\/product_tag?post=3551"}],"curies":[{"name":"wp","href":"https:\/\/api.w.org\/{rel}","templated":true}]}}