{"id":3553,"date":"2023-06-23T03:46:23","date_gmt":"2023-06-23T01:46:23","guid":{"rendered":"http:\/\/klubmamgdynia.pl\/?post_type=product&#038;p=3553"},"modified":"2026-04-23T17:16:06","modified_gmt":"2026-04-23T15:16:06","slug":"dolina-noteci-premium-mix-smakow-10x800g","status":"publish","type":"product","link":"http:\/\/klubmamgdynia.pl\/index.php\/produkt\/dolina-noteci-premium-mix-smakow-10x800g\/","title":{"rendered":"Dolina Noteci Premium Mix Smak\u00f3w 10x800G"},"content":{"rendered":"<p>Mokra Karma dla psa Dolina Noteci Premium Mix\u00a0Karma Dolina Noteci PREMIUM bogata w kurczaka\u00a0 jest cennym \u017ar\u00f3d\u0142em fenyloalaniny, lizyny i leucyny. Ponadto mi\u0119so z kurczaka stanowi \u017ar\u00f3d\u0142o cynku i selenu \u2013 sk\u0142adnik\u00f3w mineralnych odgrywaj\u0105cych istotn\u0105 rol\u0119 w pobudzaniu funkcji obronnych organizmu. Stymuluj\u0105 one r\u00f3wnie\u017c w\u0142a\u015bciwo\u015bci przeciwutleniaj\u0105ce p\u0142yn\u00f3w ustrojowych oraz odgrywaj\u0105 istotn\u0105 rol\u0119 w regulacji funkcji sk\u00f3ry. Karma jest tak\u017ce \u017ar\u00f3d\u0142em niacyny i ryboflawiny, kt\u00f3re wp\u0142ywaj\u0105 na metabolizm. Dzi\u0119ki zastosowaniu mi\u0119sa z kurczaka sk\u0142ad kwas\u00f3w t\u0142uszczowych jest bardzo korzystny i jako jeden z nielicznych zawiera du\u017c\u0105 ilo\u015b\u0107 kwas\u00f3w t\u0142uszczowych n-6 wp\u0142ywaj\u0105cych na kondycj\u0119 sk\u00f3ry i poprawiaj\u0105cych wygl\u0105d sier\u015bci.Karma Dolina Noteci PREMIUM bogata w wo\u0142owin\u0119\u00a0 to \u017ar\u00f3d\u0142o lizyny, leucyny i izoleucyny. Dodatkowo wysoka zawarto\u015b\u0107 metioniny i cystyny w mi\u0119sie wo\u0142owym zmniejsza konieczno\u015b\u0107 uzupe\u0142niania tych aminokwas\u00f3w poprzez dodatek produkt\u00f3w zbo\u017cowych. Wo\u0142owina i jej surowce stanowi\u0105 doskona\u0142e \u017ar\u00f3d\u0142o selenu, \u017celaza oraz miedzi \u2013 sk\u0142adnik\u00f3w mineralnych odgrywaj\u0105cych istotn\u0105 rol\u0119 w pobudzaniu funkcji obronnych organizmu, jak i stymulacji w\u0142a\u015bciwo\u015bci przeciwutleniaj\u0105cych p\u0142yn\u00f3w ustrojowych.Karma Dolina Noteci PREMIUM bogata w indyka to \u017ar\u00f3d\u0142o lizyny, tryptofanu, metioniny i cystyny. Ponadto t\u0142uszcz z mi\u0119sa indyka, jako nieliczny w grupie surowc\u00f3w mi\u0119snych, jest cennym \u017ar\u00f3d\u0142em wielonienasyconych kwas\u00f3w t\u0142uszczowych z rodziny n-6. Surowce pochodz\u0105ce z indyka s\u0105 cennym \u017ar\u00f3d\u0142em selenu, cynku i fosforu, a poprzez niewielk\u0105 zawarto\u015b\u0107 tkanki \u0142\u0105cznej mi\u0119so z indyka nale\u017cy do surowc\u00f3w lekkostrawnych o wysokich walorach od\u017cywczych.Karma Dolina Noteci PREMIUM bogata w dziczyzn\u0119\u00a0 to \u017ar\u00f3d\u0142o lizyny i leucyny. Mi\u0119so i produkty pochodz\u0105ce z dziczyzny stanowi\u0105 cenne \u017ar\u00f3d\u0142o \u017celaza, selenu, miedzi i cynku. S\u0105 to sk\u0142adniki mineralne odgrywaj\u0105ce istotn\u0105 rol\u0119 w pobudzaniu funkcji obronnych organizmu, jak i stymulacji w\u0142a\u015bciwo\u015bci przeciwutleniaj\u0105cych p\u0142yn\u00f3w ustrojowych. Odgrywaj\u0105 r\u00f3wnie\u017c istotn\u0105 rol\u0119 w regulacji funkcji sk\u00f3ry. Dziczyzna jest tak\u017ce \u017ar\u00f3d\u0142em witaminy B12, niacyny oraz witamin rozpuszczalnych w t\u0142uszczach.Karma Dolina Noteci PREMIUM bogata w kr\u00f3lika z \u017curawin\u0105 b\u0119d\u0105ca szczeg\u00f3lnie cennym \u017ar\u00f3d\u0142em aminokwas\u00f3w, lizyny i fenyloalaniny. Dodatkowo wysoka zawarto\u015b\u0107 lizyny w mi\u0119sie kr\u00f3lika zwi\u0119ksza zawarto\u015b\u0107 aminokwas\u00f3w egzogennych o bardzo istotnym wp\u0142ywie na wi\u0119kszo\u015b\u0107 proces\u00f3w w organizmie. Dodatkowo zawarto\u015b\u0107 selenu i \u017celaza odgrywa istotn\u0105 rol\u0119 w stymulacji funkcji obronnych organizmu. Owoce \u017curawiny i nasiona psyllium stymuluj\u0105 prawid\u0142owy przebieg proces\u00f3w trawiennych oraz cz\u0119stotliwo\u015b\u0107 wypr\u00f3\u017cnie\u0144.Karma Dolina Noteci PREMIUM bogata w pstr\u0105ga\u00a0 b\u0119d\u0105ca szczeg\u00f3lnie cennym \u017ar\u00f3d\u0142em aminokwas\u00f3w, metioniny i tryptofanu. Dodatkowo wysoka zawarto\u015b\u0107 cysteiny w mi\u0119sie pstr\u0105ga zwi\u0119ksza zawarto\u015b\u0107 aminokwas\u00f3w siarkowych. Cenna jest tak\u017ce zawarto\u015b\u0107 selenu i manganu \u2013 sk\u0142adnik\u00f3w mineralnych odgrywaj\u0105cych istotn\u0105 rol\u0119 w stymulacji funkcji obronnych organizmu. T\u0142uszcz z pstr\u0105ga uzupe\u0142nia diet\u0119 psa w kwasy EPA i DHA.<\/p>\n<h2>Dolina Noteci Premium Mix Smak\u00f3w 10x800G Dolina Noteci<\/h2>\n<p>Keyword, ci\u0119\u017ckie zagadki, lodowiska w warszawie, zaj\u0119cia dla nastolatk\u00f3w, quizy dla dzieci o zwierz\u0119tach, myszka miki kolorowanka, kolorowanki do druku pokemon, kolorowanka harry potter, harry potter kolorowanka, w zieleni \u0142\u0105ka majowa tekst, karnawa\u0142 maska karnawa\u0142owa szablon, mini zoo mazowieckie, kiedy dzieci chodza na halloween, karty pracy dla dzieci z ukrainy do druku, zagadki dla dzieci 10-12 lat trudne<\/p>\n<p>yyyyy<\/p>\n<p>&nbsp;<\/p>\n","protected":false},"excerpt":{"rendered":"<p>Mokra Karma dla psa Dolina Noteci Premium Mix\u00a0Karma Dolina Noteci PREMIUM bogata w kurczaka\u00a0 jest cennym \u017ar\u00f3d\u0142em fenyloalaniny, lizyny i leucyny. Ponadto mi\u0119so z kurczaka stanowi \u017ar\u00f3d\u0142o cynku i selenu \u2013 sk\u0142adnik\u00f3w mineralnych odgrywaj\u0105cych istotn\u0105 rol\u0119 w pobudzaniu funkcji obronnych organizmu. Stymuluj\u0105 one r\u00f3wnie\u017c w\u0142a\u015bciwo\u015bci przeciwutleniaj\u0105ce p\u0142yn\u00f3w ustrojowych oraz odgrywaj\u0105 istotn\u0105 rol\u0119 w regulacji funkcji [&hellip;]<\/p>\n","protected":false},"featured_media":3554,"comment_status":"closed","ping_status":"open","template":"","meta":[],"product_cat":[1084,951],"product_tag":[864,728,851,751,771,857],"class_list":["post-3553","product","type-product","status-publish","has-post-thumbnail","hentry","product_cat-dolina-noteci","product_cat-karmy-dla-psow","product_tag-basen-warszawa","product_tag-bezwarunkowa-milosc-do-dziecka-cytaty","product_tag-jak-narysowac-kota","product_tag-psi-patrol-kolorowanka","product_tag-stolice-europy-quiz","product_tag-zagadki-dla-dzieci-7-8-lat"],"_links":{"self":[{"href":"http:\/\/klubmamgdynia.pl\/index.php\/wp-json\/wp\/v2\/product\/3553","targetHints":{"allow":["GET"]}}],"collection":[{"href":"http:\/\/klubmamgdynia.pl\/index.php\/wp-json\/wp\/v2\/product"}],"about":[{"href":"http:\/\/klubmamgdynia.pl\/index.php\/wp-json\/wp\/v2\/types\/product"}],"replies":[{"embeddable":true,"href":"http:\/\/klubmamgdynia.pl\/index.php\/wp-json\/wp\/v2\/comments?post=3553"}],"wp:featuredmedia":[{"embeddable":true,"href":"http:\/\/klubmamgdynia.pl\/index.php\/wp-json\/wp\/v2\/media\/3554"}],"wp:attachment":[{"href":"http:\/\/klubmamgdynia.pl\/index.php\/wp-json\/wp\/v2\/media?parent=3553"}],"wp:term":[{"taxonomy":"product_cat","embeddable":true,"href":"http:\/\/klubmamgdynia.pl\/index.php\/wp-json\/wp\/v2\/product_cat?post=3553"},{"taxonomy":"product_tag","embeddable":true,"href":"http:\/\/klubmamgdynia.pl\/index.php\/wp-json\/wp\/v2\/product_tag?post=3553"}],"curies":[{"name":"wp","href":"https:\/\/api.w.org\/{rel}","templated":true}]}}