{"id":3555,"date":"2012-04-28T04:32:57","date_gmt":"2012-04-28T02:32:57","guid":{"rendered":"http:\/\/klubmamgdynia.pl\/index.php\/produkt\/kemis-noz-do-grzybow-135x35-cm\/"},"modified":"2026-04-19T15:40:16","modified_gmt":"2026-04-19T13:40:16","slug":"kemis-noz-do-grzybow-135x35-cm","status":"publish","type":"product","link":"http:\/\/klubmamgdynia.pl\/index.php\/produkt\/kemis-noz-do-grzybow-135x35-cm\/","title":{"rendered":"Kemi\u015b N\u00f3\u017c Do Grzyb\u00f3w 13,5X3,5 Cm"},"content":{"rendered":"<p>Sk\u0142adany n\u00f3\u017c do grzyb\u00f3w z p\u0119dzelkiem do czyszczenia. Materia\u0142: drawno i stal nierdzewna. Wymiary: 13&#215;2,5cm. Waga 65g.<\/p>\n<h2>Kemi\u015b N\u00f3\u017c Do Grzyb\u00f3w 13,5X3,5 Cm Kontext<\/h2>\n<p>fabian, kolorowanki dla dziewczyn, zabawy dla 7 latki, prezent dla nastolatki, kiekrz, zagadki dla doros\u0142ych z odpowiedziami, prezent na roczek dla ch\u0142opca, zagadki na logik\u0119, milosz imie, quizy miko\u0142ajek, zagadki logiczne na inteligencj\u0119, kolorowanka ksi\u0119\u017cniczka, lucjan imi\u0119, zagadki o psach, quizy ma\u0142y ksi\u0105\u017c\u0119, znaczenie imiona alan, bajki na dobranoc dla dzieci, olaf znaczenie imienia, wiersze o wio\u015bnie jana brzechwy, kanapki dla dzieci, co kupic dziewczynce na roczek<\/p>\n<p>yyyyy<\/p>\n<p>&nbsp;<\/p>\n","protected":false},"excerpt":{"rendered":"<p>Sk\u0142adany n\u00f3\u017c do grzyb\u00f3w z p\u0119dzelkiem do czyszczenia. Materia\u0142: drawno i stal nierdzewna. Wymiary: 13&#215;2,5cm. Waga 65g. Kemi\u015b N\u00f3\u017c Do Grzyb\u00f3w 13,5X3,5 Cm Kontext fabian, kolorowanki dla dziewczyn, zabawy dla 7 latki, prezent dla nastolatki, kiekrz, zagadki dla doros\u0142ych z odpowiedziami, prezent na roczek dla ch\u0142opca, zagadki na logik\u0119, milosz imie, quizy miko\u0142ajek, zagadki logiczne [&hellip;]<\/p>\n","protected":false},"featured_media":3556,"comment_status":"closed","ping_status":"open","template":"","meta":[],"product_cat":[20,1085],"product_tag":[688,735,641],"class_list":["post-3555","product","type-product","status-publish","has-post-thumbnail","hentry","product_cat-kontext","product_cat-noze-kuchenne","product_tag-kolysanki-tekst","product_tag-prezent-na-roczek-dziewczynka","product_tag-trudne-zagadki-logiczne"],"_links":{"self":[{"href":"http:\/\/klubmamgdynia.pl\/index.php\/wp-json\/wp\/v2\/product\/3555","targetHints":{"allow":["GET"]}}],"collection":[{"href":"http:\/\/klubmamgdynia.pl\/index.php\/wp-json\/wp\/v2\/product"}],"about":[{"href":"http:\/\/klubmamgdynia.pl\/index.php\/wp-json\/wp\/v2\/types\/product"}],"replies":[{"embeddable":true,"href":"http:\/\/klubmamgdynia.pl\/index.php\/wp-json\/wp\/v2\/comments?post=3555"}],"wp:featuredmedia":[{"embeddable":true,"href":"http:\/\/klubmamgdynia.pl\/index.php\/wp-json\/wp\/v2\/media\/3556"}],"wp:attachment":[{"href":"http:\/\/klubmamgdynia.pl\/index.php\/wp-json\/wp\/v2\/media?parent=3555"}],"wp:term":[{"taxonomy":"product_cat","embeddable":true,"href":"http:\/\/klubmamgdynia.pl\/index.php\/wp-json\/wp\/v2\/product_cat?post=3555"},{"taxonomy":"product_tag","embeddable":true,"href":"http:\/\/klubmamgdynia.pl\/index.php\/wp-json\/wp\/v2\/product_tag?post=3555"}],"curies":[{"name":"wp","href":"https:\/\/api.w.org\/{rel}","templated":true}]}}