{"id":3557,"date":"2012-06-08T11:02:20","date_gmt":"2012-06-08T09:02:20","guid":{"rendered":"http:\/\/klubmamgdynia.pl\/index.php\/produkt\/zabawki-dromader-masa-plastyczna-4x50g-neon-43020\/"},"modified":"2026-04-06T02:51:51","modified_gmt":"2026-04-06T00:51:51","slug":"zabawki-dromader-masa-plastyczna-4x50g-neon-43020","status":"publish","type":"product","link":"http:\/\/klubmamgdynia.pl\/index.php\/produkt\/zabawki-dromader-masa-plastyczna-4x50g-neon-43020\/","title":{"rendered":"Zabawki Dromader Masa Plastyczna 4x50g Neon 43020"},"content":{"rendered":"<p>Masa plastycznaMasa plastyczna w neonowych kolorach.W 4 tubach po 50 g.Informacje o produkcieNr katalogowy43020Marka (Zabawki) BrakObszar (nauka i rozw\u00f3j) PlastyczneRodzaj (nauka i rozw\u00f3j) Masy plastyczneWymagania wiekowe od 3 latP\u0142e\u0107 (zabawki) Dziewczynki i ch\u0142opcyPozosta\u0142e parametryWymiary opakowania: 24 x 8 x 10 cm<\/p>\n<h2>Zabawki Dromader Masa Plastyczna 4x50g Neon 43020 Dromader<\/h2>\n<p>zagadki z odpowiedziami, wy\u015bcig but\u00f3w, test z lektury spos\u00f3b na alcybiadesa, \u017carty \u017carty na prima aprilis, quiz z bajek, bianka, zabawa dla 7 latka, dzie\u0144 mamy sentencje, imi\u0119 kuba, zagadki na inteligencje, jednorozec z dyni, test zaczarowana zagroda, miasto dzieci krak\u00f3w, prosta zagadka, milan znaczenie imienia<\/p>\n<p>yyyyy<\/p>\n<p>&nbsp;<\/p>\n","protected":false},"excerpt":{"rendered":"<p>Masa plastycznaMasa plastyczna w neonowych kolorach.W 4 tubach po 50 g.Informacje o produkcieNr katalogowy43020Marka (Zabawki) BrakObszar (nauka i rozw\u00f3j) PlastyczneRodzaj (nauka i rozw\u00f3j) Masy plastyczneWymagania wiekowe od 3 latP\u0142e\u0107 (zabawki) Dziewczynki i ch\u0142opcyPozosta\u0142e parametryWymiary opakowania: 24 x 8 x 10 cm Zabawki Dromader Masa Plastyczna 4x50g Neon 43020 Dromader zagadki z odpowiedziami, wy\u015bcig but\u00f3w, test [&hellip;]<\/p>\n","protected":false},"featured_media":3558,"comment_status":"closed","ping_status":"open","template":"","meta":[],"product_cat":[60,21],"product_tag":[747,732,653],"class_list":["post-3557","product","type-product","status-publish","has-post-thumbnail","hentry","product_cat-dromader","product_cat-zabawki-plastyczne","product_tag-malowanki-do-druku","product_tag-prezent-dla-rocznego-chlopca","product_tag-warszawa-dla-dzieci"],"_links":{"self":[{"href":"http:\/\/klubmamgdynia.pl\/index.php\/wp-json\/wp\/v2\/product\/3557","targetHints":{"allow":["GET"]}}],"collection":[{"href":"http:\/\/klubmamgdynia.pl\/index.php\/wp-json\/wp\/v2\/product"}],"about":[{"href":"http:\/\/klubmamgdynia.pl\/index.php\/wp-json\/wp\/v2\/types\/product"}],"replies":[{"embeddable":true,"href":"http:\/\/klubmamgdynia.pl\/index.php\/wp-json\/wp\/v2\/comments?post=3557"}],"wp:featuredmedia":[{"embeddable":true,"href":"http:\/\/klubmamgdynia.pl\/index.php\/wp-json\/wp\/v2\/media\/3558"}],"wp:attachment":[{"href":"http:\/\/klubmamgdynia.pl\/index.php\/wp-json\/wp\/v2\/media?parent=3557"}],"wp:term":[{"taxonomy":"product_cat","embeddable":true,"href":"http:\/\/klubmamgdynia.pl\/index.php\/wp-json\/wp\/v2\/product_cat?post=3557"},{"taxonomy":"product_tag","embeddable":true,"href":"http:\/\/klubmamgdynia.pl\/index.php\/wp-json\/wp\/v2\/product_tag?post=3557"}],"curies":[{"name":"wp","href":"https:\/\/api.w.org\/{rel}","templated":true}]}}