{"id":3559,"date":"2018-09-09T13:33:41","date_gmt":"2018-09-09T11:33:41","guid":{"rendered":"http:\/\/klubmamgdynia.pl\/index.php\/produkt\/tega-pk-026-102-lezaczek-kapielowy-z-wizerunkiem-pies-i-kot-zolty\/"},"modified":"2026-04-04T16:18:18","modified_gmt":"2026-04-04T14:18:18","slug":"tega-pk-026-102-lezaczek-kapielowy-z-wizerunkiem-pies-i-kot-zolty","status":"publish","type":"product","link":"http:\/\/klubmamgdynia.pl\/index.php\/produkt\/tega-pk-026-102-lezaczek-kapielowy-z-wizerunkiem-pies-i-kot-zolty\/","title":{"rendered":"Tega Pk-026-102 Le\u017caczek K\u0105pielowy Z Wizerunkiem Pies I Kot \u017b\u00f3\u0142ty"},"content":{"rendered":"<p>Le\u017caczek k\u0105pielowy jest niezast\u0105pionym atrybutem podczas k\u0105pieli ma\u0142ego dziecka. Le\u017caczek podtrzymuje g\u0142\u00f3wk\u0119 dziecka a mi\u0119kki materia\u0142 zapewni komfort i bezpiecze\u0144stwo dziecku podczas k\u0105pieli. Le\u017caczek mo\u017cna stosowa\u0107 ju\u017c od pierwszych dni \u017cycia. Le\u017caczki s\u0105 wykonane z materia\u0142u szybkoschn\u0105cego i s\u0105 antybakteryjne.Charakteryzuj\u0105 si\u0119 one wysok\u0105 jako\u015bci\u0105 wykonania, bezpiecze\u0144stwem u\u017cytkowania potwierdzonym certyfikatami OEKOTEX. Ka\u017cdy z produkt\u00f3w zosta\u0142 opracowany z najwy\u017csz\u0105 staranno\u015bci\u0105 oraz dba\u0142o\u015bci\u0105 o szczeg\u00f3\u0142y. Wszystkie produkty zosta\u0142y wyprodukowane wy\u0142\u0105cznie w Polsce.<\/p>\n<h2>Tega Pk-026-102 Le\u017caczek K\u0105pielowy Z Wizerunkiem Pies I Kot \u017b\u00f3\u0142ty Tega Baby<\/h2>\n<p>bajka terapeutyczna o dokuczaniu, zagadki dla 5 latka, kiedy dzieci chodza na halloween, prezenty na dzie\u0144 dziecka dla nastolatk\u00f3w, bajki dla niemowl\u0105t, z\u0142ote my\u015bli o przyja\u017ani, szablony papierowe lalki do ubierania do wydruku, chase kolorowanka, policja kolorowanka, drzewo genealogiczne do druku, zagadki wielkanocne do druku<\/p>\n<p>yyyyy<\/p>\n<p>&nbsp;<\/p>\n","protected":false},"excerpt":{"rendered":"<p>Le\u017caczek k\u0105pielowy jest niezast\u0105pionym atrybutem podczas k\u0105pieli ma\u0142ego dziecka. Le\u017caczek podtrzymuje g\u0142\u00f3wk\u0119 dziecka a mi\u0119kki materia\u0142 zapewni komfort i bezpiecze\u0144stwo dziecku podczas k\u0105pieli. Le\u017caczek mo\u017cna stosowa\u0107 ju\u017c od pierwszych dni \u017cycia. Le\u017caczki s\u0105 wykonane z materia\u0142u szybkoschn\u0105cego i s\u0105 antybakteryjne.Charakteryzuj\u0105 si\u0119 one wysok\u0105 jako\u015bci\u0105 wykonania, bezpiecze\u0144stwem u\u017cytkowania potwierdzonym certyfikatami OEKOTEX. Ka\u017cdy z produkt\u00f3w zosta\u0142 opracowany [&hellip;]<\/p>\n","protected":false},"featured_media":3560,"comment_status":"closed","ping_status":"open","template":"","meta":[],"product_cat":[958,982],"product_tag":[696,580,758,586,712],"class_list":["post-3559","product","type-product","status-publish","has-post-thumbnail","hentry","product_cat-komody-kapielowe-wanienki-i-przewijaki","product_cat-tega-baby","product_tag-film-rodzinny-o-swietach","product_tag-janusz","product_tag-julian","product_tag-smieszne-zagadki","product_tag-zagadki-o-zwierzetach"],"_links":{"self":[{"href":"http:\/\/klubmamgdynia.pl\/index.php\/wp-json\/wp\/v2\/product\/3559","targetHints":{"allow":["GET"]}}],"collection":[{"href":"http:\/\/klubmamgdynia.pl\/index.php\/wp-json\/wp\/v2\/product"}],"about":[{"href":"http:\/\/klubmamgdynia.pl\/index.php\/wp-json\/wp\/v2\/types\/product"}],"replies":[{"embeddable":true,"href":"http:\/\/klubmamgdynia.pl\/index.php\/wp-json\/wp\/v2\/comments?post=3559"}],"wp:featuredmedia":[{"embeddable":true,"href":"http:\/\/klubmamgdynia.pl\/index.php\/wp-json\/wp\/v2\/media\/3560"}],"wp:attachment":[{"href":"http:\/\/klubmamgdynia.pl\/index.php\/wp-json\/wp\/v2\/media?parent=3559"}],"wp:term":[{"taxonomy":"product_cat","embeddable":true,"href":"http:\/\/klubmamgdynia.pl\/index.php\/wp-json\/wp\/v2\/product_cat?post=3559"},{"taxonomy":"product_tag","embeddable":true,"href":"http:\/\/klubmamgdynia.pl\/index.php\/wp-json\/wp\/v2\/product_tag?post=3559"}],"curies":[{"name":"wp","href":"https:\/\/api.w.org\/{rel}","templated":true}]}}