{"id":3561,"date":"2016-09-22T04:17:30","date_gmt":"2016-09-22T02:17:30","guid":{"rendered":"http:\/\/klubmamgdynia.pl\/index.php\/produkt\/albero-mio-allbero-mio-przewijak-twardy-70cm-wrozka\/"},"modified":"2026-04-14T18:43:47","modified_gmt":"2026-04-14T16:43:47","slug":"albero-mio-allbero-mio-przewijak-twardy-70cm-wrozka","status":"publish","type":"product","link":"http:\/\/klubmamgdynia.pl\/index.php\/produkt\/albero-mio-allbero-mio-przewijak-twardy-70cm-wrozka\/","title":{"rendered":"Albero Mio Allbero Mio Przewijak Twardy 70Cm Wr\u00f3\u017cka"},"content":{"rendered":"<p>producent: Albero Mio<\/p>\n<h2>Albero Mio Allbero Mio Przewijak Twardy 70Cm Wr\u00f3\u017cka Albero Mio<\/h2>\n<p>jak narysowa\u0107 konia, quiz o bajkach, kolorowanki dla ch\u0142opc\u00f3w, opowiadanie o jesieni dla dzieci, teksty ko\u0142ysanek, kolorowanki andrzejki do wydruku, kolorowanka minecraft, nadia imi\u0119<\/p>\n<p>yyyyy<\/p>\n<p>&nbsp;<\/p>\n","protected":false},"excerpt":{"rendered":"<p>producent: Albero Mio Albero Mio Allbero Mio Przewijak Twardy 70Cm Wr\u00f3\u017cka Albero Mio jak narysowa\u0107 konia, quiz o bajkach, kolorowanki dla ch\u0142opc\u00f3w, opowiadanie o jesieni dla dzieci, teksty ko\u0142ysanek, kolorowanki andrzejki do wydruku, kolorowanka minecraft, nadia imi\u0119 yyyyy &nbsp;<\/p>\n","protected":false},"featured_media":3562,"comment_status":"closed","ping_status":"open","template":"","meta":[],"product_cat":[1086,958],"product_tag":[740,851,697,748,643],"class_list":["post-3561","product","type-product","status-publish","has-post-thumbnail","hentry","product_cat-albero-mio","product_cat-komody-kapielowe-wanienki-i-przewijaki","product_tag-fajne-prezenty-dla-nastolatkow","product_tag-jak-narysowac-kota","product_tag-krotkie-bajki-do-czytania","product_tag-okolice-wroclawia-atrakcje","product_tag-prezent-dla-17-latki"],"_links":{"self":[{"href":"http:\/\/klubmamgdynia.pl\/index.php\/wp-json\/wp\/v2\/product\/3561","targetHints":{"allow":["GET"]}}],"collection":[{"href":"http:\/\/klubmamgdynia.pl\/index.php\/wp-json\/wp\/v2\/product"}],"about":[{"href":"http:\/\/klubmamgdynia.pl\/index.php\/wp-json\/wp\/v2\/types\/product"}],"replies":[{"embeddable":true,"href":"http:\/\/klubmamgdynia.pl\/index.php\/wp-json\/wp\/v2\/comments?post=3561"}],"wp:featuredmedia":[{"embeddable":true,"href":"http:\/\/klubmamgdynia.pl\/index.php\/wp-json\/wp\/v2\/media\/3562"}],"wp:attachment":[{"href":"http:\/\/klubmamgdynia.pl\/index.php\/wp-json\/wp\/v2\/media?parent=3561"}],"wp:term":[{"taxonomy":"product_cat","embeddable":true,"href":"http:\/\/klubmamgdynia.pl\/index.php\/wp-json\/wp\/v2\/product_cat?post=3561"},{"taxonomy":"product_tag","embeddable":true,"href":"http:\/\/klubmamgdynia.pl\/index.php\/wp-json\/wp\/v2\/product_tag?post=3561"}],"curies":[{"name":"wp","href":"https:\/\/api.w.org\/{rel}","templated":true}]}}