{"id":3563,"date":"2017-05-27T15:18:07","date_gmt":"2017-05-27T13:18:07","guid":{"rendered":"http:\/\/klubmamgdynia.pl\/index.php\/produkt\/roba-dopasowany-pokrowiec-namate-do-przewijania-lil-planet-zielony-85x75cm\/"},"modified":"2026-05-17T22:33:06","modified_gmt":"2026-05-17T20:33:06","slug":"roba-dopasowany-pokrowiec-namate-do-przewijania-lil-planet-zielony-85x75cm","status":"publish","type":"product","link":"http:\/\/klubmamgdynia.pl\/index.php\/produkt\/roba-dopasowany-pokrowiec-namate-do-przewijania-lil-planet-zielony-85x75cm\/","title":{"rendered":"Roba Dopasowany Pokrowiec Namat\u0119 Do Przewijania Lil Planet Zielony 85X75Cm"},"content":{"rendered":"<p>Organiczny pokrowiec Lil Planet na mat\u0119 do przewijania (75&#215;85 cm) Roba z przyjaznego dla sk\u00f3ry, wolnego od zanieczyszcze\u0144, absorbuj\u0105cego wod\u0119 i wyj\u0105tkowo mi\u0119kkiego d\u017cerseju z bawe\u0142ny organicznej zapewnia przytulne i suche uczucie podczas przewijania dziecka. Dopasowany pokrowiec pasuje do wszystkich mat do przewijania o wymiarach 75x85cm. Do produkcji pokrowc\u00f3w na maty do przewijania u\u017cywane s\u0105 najczystsze, trwa\u0142e i nieprzetworzone materia\u0142y organiczne. Nawet po wielu praniach organiczne poszewki zachowuj\u0105 sw\u00f3j kszta\u0142t i s\u0105 bardzo mi\u0119kkie w dotyku. Dzi\u0119ki specjalnej obr\u00f3bce powierzchni i praniu wst\u0119pnemu, produkty pozostaj\u0105 super mi\u0119kkie. Dane techniczne: Wymiary: szeroko\u015b\u0107 x d\u0142ugo\u015b\u0107 85 cm x 75 cm Materia\u0142: 80 % bawe\u0142na, 20 % poliester Wskaz\u00f3wki piel\u0119gnacyjne: delikatne pranie w temperaturze 40\u00b0C, suszenie w niskiej temperaturze.<\/p>\n<h2>Roba Dopasowany Pokrowiec Namat\u0119 Do Przewijania Lil Planet Zielony 85X75Cm Roba<\/h2>\n<p>kwiaty polne nazwy, zagadki dla dzieci 6-7 lat online, jan pawe\u0142 2 rysunek \u0142atwy dla dzieci, test z lektury kajko i kokosz szko\u0142a latania, historia andrzejek dla dzieci, \u015bmieszne zagadki, trudne zagadki logiczne z odpowiedziami, prezenty dla nastolatek<\/p>\n<p>yyyyy<\/p>\n<p>&nbsp;<\/p>\n","protected":false},"excerpt":{"rendered":"<p>Organiczny pokrowiec Lil Planet na mat\u0119 do przewijania (75&#215;85 cm) Roba z przyjaznego dla sk\u00f3ry, wolnego od zanieczyszcze\u0144, absorbuj\u0105cego wod\u0119 i wyj\u0105tkowo mi\u0119kkiego d\u017cerseju z bawe\u0142ny organicznej zapewnia przytulne i suche uczucie podczas przewijania dziecka. Dopasowany pokrowiec pasuje do wszystkich mat do przewijania o wymiarach 75x85cm. Do produkcji pokrowc\u00f3w na maty do przewijania u\u017cywane s\u0105 [&hellip;]<\/p>\n","protected":false},"featured_media":3564,"comment_status":"closed","ping_status":"open","template":"","meta":[],"product_cat":[958,1087],"product_tag":[838,829,637,869],"class_list":["post-3563","product","type-product","status-publish","has-post-thumbnail","hentry","product_cat-komody-kapielowe-wanienki-i-przewijaki","product_cat-roba","product_tag-bajki-dla-dzieci-na-dobranoc","product_tag-bajki-do-czytania-na-dobranoc","product_tag-niech-zyja-wakacje-tekst","product_tag-zagadki-na-logike"],"_links":{"self":[{"href":"http:\/\/klubmamgdynia.pl\/index.php\/wp-json\/wp\/v2\/product\/3563","targetHints":{"allow":["GET"]}}],"collection":[{"href":"http:\/\/klubmamgdynia.pl\/index.php\/wp-json\/wp\/v2\/product"}],"about":[{"href":"http:\/\/klubmamgdynia.pl\/index.php\/wp-json\/wp\/v2\/types\/product"}],"replies":[{"embeddable":true,"href":"http:\/\/klubmamgdynia.pl\/index.php\/wp-json\/wp\/v2\/comments?post=3563"}],"wp:featuredmedia":[{"embeddable":true,"href":"http:\/\/klubmamgdynia.pl\/index.php\/wp-json\/wp\/v2\/media\/3564"}],"wp:attachment":[{"href":"http:\/\/klubmamgdynia.pl\/index.php\/wp-json\/wp\/v2\/media?parent=3563"}],"wp:term":[{"taxonomy":"product_cat","embeddable":true,"href":"http:\/\/klubmamgdynia.pl\/index.php\/wp-json\/wp\/v2\/product_cat?post=3563"},{"taxonomy":"product_tag","embeddable":true,"href":"http:\/\/klubmamgdynia.pl\/index.php\/wp-json\/wp\/v2\/product_tag?post=3563"}],"curies":[{"name":"wp","href":"https:\/\/api.w.org\/{rel}","templated":true}]}}