{"id":3565,"date":"2016-07-26T14:01:06","date_gmt":"2016-07-26T12:01:06","guid":{"rendered":"http:\/\/klubmamgdynia.pl\/index.php\/produkt\/maltex-miska-higieniczna-z-akcesoriami\/"},"modified":"2026-04-21T05:29:02","modified_gmt":"2026-04-21T03:29:02","slug":"maltex-miska-higieniczna-z-akcesoriami","status":"publish","type":"product","link":"http:\/\/klubmamgdynia.pl\/index.php\/produkt\/maltex-miska-higieniczna-z-akcesoriami\/","title":{"rendered":"Maltex Miska Higieniczna Z Akcesoriami"},"content":{"rendered":"<p>Miska higieniczna to niezb\u0119dnik w codziennej piel\u0119gnacji malucha. Wykonana zosta\u0142a z wysokiej jako\u015bci tworzywa wolnego od BPA.Produkt posiada 3 praktyczne komory ma\u0142a na myd\u0142o i 2 z przeznaczeniem na wod\u0119: czyst\u0105 i z myd\u0142em oraz otw\u00f3r na butelk\u0119 z dozownikiem.W wersji z kosmetyczk\u0105 z zamkiem b\u0142yskawicznym, g\u0105bk\u0105, butelk\u0105 z dozownikiem na myd\u0142o, zabawk\u0105 kaczuszk\u0105 i szczoteczk\u0105 do w\u0142os\u00f3w tworzy przydatny zestaw turystyczny.<\/p>\n<h2>Maltex Miska Higieniczna Z Akcesoriami Maltex<\/h2>\n<p>czapka g\u00f3rnika szablon chomikuj, quiz bajki, bajki do czytania na dobranoc, kuba imi\u0119, prezenty dla nastolatk\u00f3w, zagadki podchwytliwe z odpowiedziami, atrakcje dla dzieci wroclaw<\/p>\n<p>yyyyy<\/p>\n<p>&nbsp;<\/p>\n","protected":false},"excerpt":{"rendered":"<p>Miska higieniczna to niezb\u0119dnik w codziennej piel\u0119gnacji malucha. Wykonana zosta\u0142a z wysokiej jako\u015bci tworzywa wolnego od BPA.Produkt posiada 3 praktyczne komory ma\u0142a na myd\u0142o i 2 z przeznaczeniem na wod\u0119: czyst\u0105 i z myd\u0142em oraz otw\u00f3r na butelk\u0119 z dozownikiem.W wersji z kosmetyczk\u0105 z zamkiem b\u0142yskawicznym, g\u0105bk\u0105, butelk\u0105 z dozownikiem na myd\u0142o, zabawk\u0105 kaczuszk\u0105 i [&hellip;]<\/p>\n","protected":false},"featured_media":3566,"comment_status":"closed","ping_status":"open","template":"","meta":[],"product_cat":[958,960],"product_tag":[828,621,835,629,635],"class_list":["post-3565","product","type-product","status-publish","has-post-thumbnail","hentry","product_cat-komody-kapielowe-wanienki-i-przewijaki","product_cat-maltex","product_tag-filmy-wigilijne-dla-dzieci","product_tag-prezenty-roczek","product_tag-radosc-dziecka-cytaty","product_tag-smieszne-zagadki-z-odpowiedziami","product_tag-znaki-drogowe-do-druku"],"_links":{"self":[{"href":"http:\/\/klubmamgdynia.pl\/index.php\/wp-json\/wp\/v2\/product\/3565","targetHints":{"allow":["GET"]}}],"collection":[{"href":"http:\/\/klubmamgdynia.pl\/index.php\/wp-json\/wp\/v2\/product"}],"about":[{"href":"http:\/\/klubmamgdynia.pl\/index.php\/wp-json\/wp\/v2\/types\/product"}],"replies":[{"embeddable":true,"href":"http:\/\/klubmamgdynia.pl\/index.php\/wp-json\/wp\/v2\/comments?post=3565"}],"wp:featuredmedia":[{"embeddable":true,"href":"http:\/\/klubmamgdynia.pl\/index.php\/wp-json\/wp\/v2\/media\/3566"}],"wp:attachment":[{"href":"http:\/\/klubmamgdynia.pl\/index.php\/wp-json\/wp\/v2\/media?parent=3565"}],"wp:term":[{"taxonomy":"product_cat","embeddable":true,"href":"http:\/\/klubmamgdynia.pl\/index.php\/wp-json\/wp\/v2\/product_cat?post=3565"},{"taxonomy":"product_tag","embeddable":true,"href":"http:\/\/klubmamgdynia.pl\/index.php\/wp-json\/wp\/v2\/product_tag?post=3565"}],"curies":[{"name":"wp","href":"https:\/\/api.w.org\/{rel}","templated":true}]}}