{"id":3567,"date":"2023-01-02T17:48:20","date_gmt":"2023-01-02T16:48:20","guid":{"rendered":"http:\/\/klubmamgdynia.pl\/?post_type=product&#038;p=3567"},"modified":"2026-04-27T12:38:42","modified_gmt":"2026-04-27T10:38:42","slug":"kemer-torba-do-przewijania-dzieci-baby-first-jasnoszary","status":"publish","type":"product","link":"http:\/\/klubmamgdynia.pl\/index.php\/produkt\/kemer-torba-do-przewijania-dzieci-baby-first-jasnoszary\/","title":{"rendered":"Kemer Torba Do Przewijania Dzieci Baby First Jasnoszary"},"content":{"rendered":"<p>Torba do przewijania dzieci BABY FIRST: z hydrofobow\u0105 oraz mi\u0119kko wy\u015bcielon\u0105 mat\u0105 do przewijania, praktyczny przedzia\u0142 na mokre chusteczki z funkcj\u0105 dozowania, r\u00f3\u017cne kieszonki na pieluszki i inne, 2 zasuwane kieszenie na drobne przedmioty, pasek do noszenia\/zapinania z zapi\u0119ciem na smoczek lub do przymocowywania do w\u00f3zka, elastyczna wst\u0105\u017cka u\u0142atwiaj\u0105ca otwieranie jedn\u0105 r\u0119k\u0105 \u2013 praktyczna, ma\u0142a torba do przewijania do torebki, samochodu lub na kr\u00f3tkie wycieczki<\/p>\n<h2>Kemer Torba Do Przewijania Dzieci Baby First Jasnoszary Kemer<\/h2>\n<p>znaczenie imiona kinga, prezent na roczek nie zabawka, bajki do czytania online, najtrudniejsze zagadki, kr\u00f3tkie bajki do czytania na dobranoc, cytaty korczak<\/p>\n<p>yyyyy<\/p>\n<p>&nbsp;<\/p>\n","protected":false},"excerpt":{"rendered":"<p>Torba do przewijania dzieci BABY FIRST: z hydrofobow\u0105 oraz mi\u0119kko wy\u015bcielon\u0105 mat\u0105 do przewijania, praktyczny przedzia\u0142 na mokre chusteczki z funkcj\u0105 dozowania, r\u00f3\u017cne kieszonki na pieluszki i inne, 2 zasuwane kieszenie na drobne przedmioty, pasek do noszenia\/zapinania z zapi\u0119ciem na smoczek lub do przymocowywania do w\u00f3zka, elastyczna wst\u0105\u017cka u\u0142atwiaj\u0105ca otwieranie jedn\u0105 r\u0119k\u0105 \u2013 praktyczna, ma\u0142a [&hellip;]<\/p>\n","protected":false},"featured_media":3568,"comment_status":"closed","ping_status":"open","template":"","meta":[],"product_cat":[1088,958],"product_tag":[777,656,643,679],"class_list":["post-3567","product","type-product","status-publish","has-post-thumbnail","hentry","product_cat-kemer","product_cat-komody-kapielowe-wanienki-i-przewijaki","product_tag-co-na-roczek","product_tag-kolorowanki-lol","product_tag-prezent-dla-17-latki","product_tag-zabawki-na-roczek-dla-dziewczynki"],"_links":{"self":[{"href":"http:\/\/klubmamgdynia.pl\/index.php\/wp-json\/wp\/v2\/product\/3567","targetHints":{"allow":["GET"]}}],"collection":[{"href":"http:\/\/klubmamgdynia.pl\/index.php\/wp-json\/wp\/v2\/product"}],"about":[{"href":"http:\/\/klubmamgdynia.pl\/index.php\/wp-json\/wp\/v2\/types\/product"}],"replies":[{"embeddable":true,"href":"http:\/\/klubmamgdynia.pl\/index.php\/wp-json\/wp\/v2\/comments?post=3567"}],"wp:featuredmedia":[{"embeddable":true,"href":"http:\/\/klubmamgdynia.pl\/index.php\/wp-json\/wp\/v2\/media\/3568"}],"wp:attachment":[{"href":"http:\/\/klubmamgdynia.pl\/index.php\/wp-json\/wp\/v2\/media?parent=3567"}],"wp:term":[{"taxonomy":"product_cat","embeddable":true,"href":"http:\/\/klubmamgdynia.pl\/index.php\/wp-json\/wp\/v2\/product_cat?post=3567"},{"taxonomy":"product_tag","embeddable":true,"href":"http:\/\/klubmamgdynia.pl\/index.php\/wp-json\/wp\/v2\/product_tag?post=3567"}],"curies":[{"name":"wp","href":"https:\/\/api.w.org\/{rel}","templated":true}]}}