{"id":3569,"date":"2011-02-19T15:26:50","date_gmt":"2011-02-19T14:26:50","guid":{"rendered":"http:\/\/klubmamgdynia.pl\/index.php\/produkt\/maltex-wanienka-clacic-biala-84cm\/"},"modified":"2026-04-06T02:37:39","modified_gmt":"2026-04-06T00:37:39","slug":"maltex-wanienka-clacic-biala-84cm","status":"publish","type":"product","link":"http:\/\/klubmamgdynia.pl\/index.php\/produkt\/maltex-wanienka-clacic-biala-84cm\/","title":{"rendered":"Maltex Wanienka Clacic Bia\u0142a 84Cm"},"content":{"rendered":"<p>Wanienka dla dzieci od Maltex Baby przeznaczona jest do piel\u0119gnacji dzieci i niemowl\u0105t. Wanna wyposa\u017cona jest w 2 miejsca na akcesoria k\u0105pielowe. Produkt ten szczeg\u00f3lnie polecany jest z korkiem odp\u0142ywowym oraz z mat\u0105 antypo\u015blizgow\u0105 kt\u00f3ra dodatkowo zabezpiecza malucha przed po\u015blizgiem podczas k\u0105pieli. W trosce o wygod\u0119 i zdrowie opiekuna zaleca si\u0119 korzystanie ze stojaka pod wanienk\u0119. Wanienka wyprodukowana jest z materia\u0142\u00f3w bezpiecznych dla dziecka, wolnych od BPA.Sk\u0142ad:polipropylenWymiary d\u0142\/szer\/wys<\/p>\n<h2>Maltex Wanienka Clacic Bia\u0142a 84Cm <\/h2>\n<p>tabliczka mno\u017cenia kolorowanki do wydruku, zagadka o wio\u015bnie, pies kolorowanka, starodawne \u017cyczenia bo\u017conarodzeniowe, atrakcje dla dzieci trojmiasto, platformy edukacyjne dla dzieci, pierwsze urodziny prezent na roczek dla ch\u0142opca, ferie warszawa 2022, ci\u0119\u017ckie zagadki, szopka do druku, kira imi\u0119, asiunia &#8211; test z lektury pdf, kr\u00f3tkie zagadki logiczne, bajka terapeutyczna o emocjach, cicha noc po angielsku tekst, zabawki na roczek, dzieci z bullerbyn quiz<\/p>\n<p>yyyyy<\/p>\n<p>&nbsp;<\/p>\n","protected":false},"excerpt":{"rendered":"<p>Wanienka dla dzieci od Maltex Baby przeznaczona jest do piel\u0119gnacji dzieci i niemowl\u0105t. Wanna wyposa\u017cona jest w 2 miejsca na akcesoria k\u0105pielowe. Produkt ten szczeg\u00f3lnie polecany jest z korkiem odp\u0142ywowym oraz z mat\u0105 antypo\u015blizgow\u0105 kt\u00f3ra dodatkowo zabezpiecza malucha przed po\u015blizgiem podczas k\u0105pieli. W trosce o wygod\u0119 i zdrowie opiekuna zaleca si\u0119 korzystanie ze stojaka pod [&hellip;]<\/p>\n","protected":false},"featured_media":3570,"comment_status":"closed","ping_status":"open","template":"","meta":[],"product_cat":[958],"product_tag":[765,871,728,639],"class_list":["post-3569","product","type-product","status-publish","has-post-thumbnail","hentry","product_cat-komody-kapielowe-wanienki-i-przewijaki","product_tag-atrakcje-dla-dzieci-warszawa","product_tag-bajka-o-smoku-wawelskim","product_tag-bezwarunkowa-milosc-do-dziecka-cytaty","product_tag-nela-imie"],"_links":{"self":[{"href":"http:\/\/klubmamgdynia.pl\/index.php\/wp-json\/wp\/v2\/product\/3569","targetHints":{"allow":["GET"]}}],"collection":[{"href":"http:\/\/klubmamgdynia.pl\/index.php\/wp-json\/wp\/v2\/product"}],"about":[{"href":"http:\/\/klubmamgdynia.pl\/index.php\/wp-json\/wp\/v2\/types\/product"}],"replies":[{"embeddable":true,"href":"http:\/\/klubmamgdynia.pl\/index.php\/wp-json\/wp\/v2\/comments?post=3569"}],"wp:featuredmedia":[{"embeddable":true,"href":"http:\/\/klubmamgdynia.pl\/index.php\/wp-json\/wp\/v2\/media\/3570"}],"wp:attachment":[{"href":"http:\/\/klubmamgdynia.pl\/index.php\/wp-json\/wp\/v2\/media?parent=3569"}],"wp:term":[{"taxonomy":"product_cat","embeddable":true,"href":"http:\/\/klubmamgdynia.pl\/index.php\/wp-json\/wp\/v2\/product_cat?post=3569"},{"taxonomy":"product_tag","embeddable":true,"href":"http:\/\/klubmamgdynia.pl\/index.php\/wp-json\/wp\/v2\/product_tag?post=3569"}],"curies":[{"name":"wp","href":"https:\/\/api.w.org\/{rel}","templated":true}]}}