{"id":3573,"date":"2020-07-05T05:43:42","date_gmt":"2020-07-05T03:43:42","guid":{"rendered":"http:\/\/klubmamgdynia.pl\/index.php\/produkt\/gra-planszowa-foxgames-kolejowy-szlak-plomienna-czerwien\/"},"modified":"2026-04-22T23:44:33","modified_gmt":"2026-04-22T21:44:33","slug":"gra-planszowa-foxgames-kolejowy-szlak-plomienna-czerwien","status":"publish","type":"product","link":"http:\/\/klubmamgdynia.pl\/index.php\/produkt\/gra-planszowa-foxgames-kolejowy-szlak-plomienna-czerwien\/","title":{"rendered":"Gra planszowa Foxgames Kolejowy Szlak P\u0142omienna Czerwie\u0144"},"content":{"rendered":"<p>Gra w &#8222;Kolejowy szlak&#8221; trwa siedem rund. Celem jest po\u0142\u0105czenie ze sob\u0105 jak najwi\u0119kszej liczby wyj\u015b\u0107 poprzez rysowanie tras, kt\u00f3re tworz\u0105 sieci. Im wi\u0119cej wyj\u015b\u0107 po\u0142\u0105czycie w tej samej sieci, tym wi\u0119cej punkt\u00f3w b\u0119dzie warta. Dodatkowe punkty otrzymacie za swoj\u0105 najd\u0142u\u017csz\u0105 lini\u0119 kolejow\u0105, za najd\u0142u\u017csz\u0105 autostrad\u0119 oraz za wype\u0142nienie centralnych p\u00f3l na swojej planszy.&#8221;P\u0142omienna czerwie\u0144&#8221; pozwala na wprowadzenie do gry kostek meteoryt\u00f3w i lawy. Dzi\u0119ki nim zwi\u0119kszy si\u0119 mo\u017cliwo\u015bci punktowania. Meteoryty niszcz\u0105 trasy, ale s\u0105 \u017ar\u00f3d\u0142em surowc\u00f3w, a lawy rozlewaj\u0105 si\u0119, przynosz\u0105c punkty za najwi\u0119kszy obszar. \u0141\u0105cz\u0105c &#8222;P\u0142omienn\u0105 czerwie\u0144&#8221; z &#8222;G\u0142\u0119bokim b\u0142\u0119kitem&#8221; mo\u017cna zagra\u0107 nawet w 12 os\u00f3b.ZAWARTO\u015a\u0106:6 plansz4 kostki trasy2 kostki rzeki2 kostki jeziora6 pisak\u00f3winstrukcjaAutor: Hjalmar HachIlustrator: Marta TranquilliRok wydania: 2019Minimalna liczba graczy: 1Maksymalna liczba graczy: 6Minimalny wiek graczy: 8Maksymalny wiek graczy: 99Minimalny czas gry (min): 30Maksymalny czas gry (min): 30Edycja: polskaInstrukcja: polskaWysoko\u015b\u0107 (mm): 150Szeroko\u015b\u0107 (mm): 155G\u0142\u0119boko\u015b\u0107 (mm): 45<\/p>\n<h2>Gra planszowa Foxgames Kolejowy Szlak P\u0142omienna Czerwie\u0144 Foxgames<\/h2>\n<p>zagadki dla nastolatk\u00f3w, pewna \u017caba by\u0142a s\u0142aba, opowie\u015bci z narnii lew czarownica i stara szafa test do wydruku, szablon zaproszenia na urodziny do wydruku czarno bia\u0142e, zagadki na logiczne my\u015blenie, kolorowanka minecraft, koty kolorowanki do druku, podchwytliwe zagadki dla dzieci, kr\u00f3tkie zagadki dla dzieci<\/p>\n<p>yyyyy<\/p>\n<p>&nbsp;<\/p>\n","protected":false},"excerpt":{"rendered":"<p>Gra w &#8222;Kolejowy szlak&#8221; trwa siedem rund. Celem jest po\u0142\u0105czenie ze sob\u0105 jak najwi\u0119kszej liczby wyj\u015b\u0107 poprzez rysowanie tras, kt\u00f3re tworz\u0105 sieci. Im wi\u0119cej wyj\u015b\u0107 po\u0142\u0105czycie w tej samej sieci, tym wi\u0119cej punkt\u00f3w b\u0119dzie warta. Dodatkowe punkty otrzymacie za swoj\u0105 najd\u0142u\u017csz\u0105 lini\u0119 kolejow\u0105, za najd\u0142u\u017csz\u0105 autostrad\u0119 oraz za wype\u0142nienie centralnych p\u00f3l na swojej planszy.&#8221;P\u0142omienna czerwie\u0144&#8221; [&hellip;]<\/p>\n","protected":false},"featured_media":3574,"comment_status":"closed","ping_status":"open","template":"","meta":[],"product_cat":[1089,235],"product_tag":[744,798,811,820],"class_list":["post-3573","product","type-product","status-publish","has-post-thumbnail","hentry","product_cat-foxgames","product_cat-gry-planszowe","product_tag-kolorowanki-swiateczne-do-wydruku","product_tag-prezenty-dla-nastolatki","product_tag-zagadki-logiczne-dla-dzieci","product_tag-ziemia-wyspa-zielona-tekst"],"_links":{"self":[{"href":"http:\/\/klubmamgdynia.pl\/index.php\/wp-json\/wp\/v2\/product\/3573","targetHints":{"allow":["GET"]}}],"collection":[{"href":"http:\/\/klubmamgdynia.pl\/index.php\/wp-json\/wp\/v2\/product"}],"about":[{"href":"http:\/\/klubmamgdynia.pl\/index.php\/wp-json\/wp\/v2\/types\/product"}],"replies":[{"embeddable":true,"href":"http:\/\/klubmamgdynia.pl\/index.php\/wp-json\/wp\/v2\/comments?post=3573"}],"wp:featuredmedia":[{"embeddable":true,"href":"http:\/\/klubmamgdynia.pl\/index.php\/wp-json\/wp\/v2\/media\/3574"}],"wp:attachment":[{"href":"http:\/\/klubmamgdynia.pl\/index.php\/wp-json\/wp\/v2\/media?parent=3573"}],"wp:term":[{"taxonomy":"product_cat","embeddable":true,"href":"http:\/\/klubmamgdynia.pl\/index.php\/wp-json\/wp\/v2\/product_cat?post=3573"},{"taxonomy":"product_tag","embeddable":true,"href":"http:\/\/klubmamgdynia.pl\/index.php\/wp-json\/wp\/v2\/product_tag?post=3573"}],"curies":[{"name":"wp","href":"https:\/\/api.w.org\/{rel}","templated":true}]}}