{"id":3575,"date":"2021-06-23T14:16:14","date_gmt":"2021-06-23T12:16:14","guid":{"rendered":"http:\/\/klubmamgdynia.pl\/index.php\/produkt\/gra-planszowa-foxgames-sagrada-pasja-dodatek\/"},"modified":"2026-04-06T06:10:17","modified_gmt":"2026-04-06T04:10:17","slug":"gra-planszowa-foxgames-sagrada-pasja-dodatek","status":"publish","type":"product","link":"http:\/\/klubmamgdynia.pl\/index.php\/produkt\/gra-planszowa-foxgames-sagrada-pasja-dodatek\/","title":{"rendered":"Gra planszowa FoxGames Sagrada Pasja (Dodatek)"},"content":{"rendered":"<p>Uwaga! To nie jest samodzielna gra! Do rozgrywki wymagana jest podstawowa wersja gry: Sagrada (edycja polska).Spodoba\u0142o Wam si\u0119 tworzenie malowniczych witra\u017cy? Sagrada Familia w Barcelonie jest wci\u0105\u017c w budowie, tworz\u0105c \u017cyj\u0105ce, budz\u0105ce zachwyt dzie\u0142o ludzkiego geniuszu. Tak jak kolejne nawy dodaj\u0105 bazylice splendoru, tak kolejne dodatki zachwycaj\u0105 graczy swoj\u0105 g\u0142\u0119bi\u0105 i nowatorstwem.Sagrada: Pasja to:dodatkowe wsp\u00f3lne celenowy kolor kostekjeszcze wi\u0119cej mo\u017cliwo\u015bci!Zawarto\u015b\u0107 pude\u0142ka: 6 plansz rzadkich szkie\u0142ek 6 ko\u015bci rzadkich szkie\u0142ek 6 jawnych cel\u00f3w 7 tajnych cel\u00f3w 6 kart inspiracji instrukcjaSpecyfikacjaLiczba graczy: 1-6 os\u00f3b Wiek: od 14 latCzas gry: ok. 20-40 minut Wydanie: polskie<\/p>\n<h2>Gra planszowa FoxGames Sagrada Pasja (Dodatek) Foxgames<\/h2>\n<p>przysz\u0142a zima bia\u0142a, sentencja rodzina, jeremi, zagadki o bo\u017cym narodzeniu, wakacje kolorowanka, cytaty o mi\u0142o\u015bci do dziecka, najlepsze zarty na prima aprilis, test z lektury dzieci z bullerbyn, prezent na pierwsze urodziny, nauczyciel cytaty, quiz o kosmosie dla dzieci, quiz o ro\u015blinach<\/p>\n<p>yyyyy<\/p>\n<p>&nbsp;<\/p>\n","protected":false},"excerpt":{"rendered":"<p>Uwaga! To nie jest samodzielna gra! Do rozgrywki wymagana jest podstawowa wersja gry: Sagrada (edycja polska).Spodoba\u0142o Wam si\u0119 tworzenie malowniczych witra\u017cy? Sagrada Familia w Barcelonie jest wci\u0105\u017c w budowie, tworz\u0105c \u017cyj\u0105ce, budz\u0105ce zachwyt dzie\u0142o ludzkiego geniuszu. Tak jak kolejne nawy dodaj\u0105 bazylice splendoru, tak kolejne dodatki zachwycaj\u0105 graczy swoj\u0105 g\u0142\u0119bi\u0105 i nowatorstwem.Sagrada: Pasja to:dodatkowe wsp\u00f3lne [&hellip;]<\/p>\n","protected":false},"featured_media":3576,"comment_status":"closed","ping_status":"open","template":"","meta":[],"product_cat":[1089,235],"product_tag":[761,781,590,625,860],"class_list":["post-3575","product","type-product","status-publish","has-post-thumbnail","hentry","product_cat-foxgames","product_cat-gry-planszowe","product_tag-choinko-piekna-jak-las-tekst","product_tag-cytaty-o-wychowaniu-dzieci","product_tag-plac-zabaw-warszawa","product_tag-trojmiasto-atrakcje-dla-dzieci","product_tag-zagadki-logiczne-dla-doroslych"],"_links":{"self":[{"href":"http:\/\/klubmamgdynia.pl\/index.php\/wp-json\/wp\/v2\/product\/3575","targetHints":{"allow":["GET"]}}],"collection":[{"href":"http:\/\/klubmamgdynia.pl\/index.php\/wp-json\/wp\/v2\/product"}],"about":[{"href":"http:\/\/klubmamgdynia.pl\/index.php\/wp-json\/wp\/v2\/types\/product"}],"replies":[{"embeddable":true,"href":"http:\/\/klubmamgdynia.pl\/index.php\/wp-json\/wp\/v2\/comments?post=3575"}],"wp:featuredmedia":[{"embeddable":true,"href":"http:\/\/klubmamgdynia.pl\/index.php\/wp-json\/wp\/v2\/media\/3576"}],"wp:attachment":[{"href":"http:\/\/klubmamgdynia.pl\/index.php\/wp-json\/wp\/v2\/media?parent=3575"}],"wp:term":[{"taxonomy":"product_cat","embeddable":true,"href":"http:\/\/klubmamgdynia.pl\/index.php\/wp-json\/wp\/v2\/product_cat?post=3575"},{"taxonomy":"product_tag","embeddable":true,"href":"http:\/\/klubmamgdynia.pl\/index.php\/wp-json\/wp\/v2\/product_tag?post=3575"}],"curies":[{"name":"wp","href":"https:\/\/api.w.org\/{rel}","templated":true}]}}