{"id":3579,"date":"2011-06-29T23:25:48","date_gmt":"2011-06-29T21:25:48","guid":{"rendered":"http:\/\/klubmamgdynia.pl\/index.php\/produkt\/lisciani-im-genius-science-laboratorium-prawdy-i-klamstwa\/"},"modified":"2026-04-29T04:22:10","modified_gmt":"2026-04-29T02:22:10","slug":"lisciani-im-genius-science-laboratorium-prawdy-i-klamstwa","status":"publish","type":"product","link":"http:\/\/klubmamgdynia.pl\/index.php\/produkt\/lisciani-im-genius-science-laboratorium-prawdy-i-klamstwa\/","title":{"rendered":"Lisciani I&#8217;M Genius Science. Laboratorium Prawdy I Klamstwa"},"content":{"rendered":"<p>PROMOCJA &#8211; TANIA DOSTAWA ! &#8211; dante Im Genius Wykrywacz k\u0142amstw 83886 &#8211; PACZKOMAT, POCZTA, KURIER<\/p>\n<h2>Lisciani IM Genius Science. Laboratorium Prawdy I Klamstwa Lisciani<\/h2>\n<p>pomys\u0142 na prezent dla 7 latki, zagadki wielkanocne dla doros\u0142ych, nastolatka, prezent dla 14 latki, tr\u00f3jmiasto atrakcje dla dzieci, konkurs dla dzieci, zagadki na logiczne my\u015blenie, mi\u0142osz imi\u0119, test dynastia mizio\u0142k\u00f3w, regina<\/p>\n<p>yyyyy<\/p>\n<p>&nbsp;<\/p>\n","protected":false},"excerpt":{"rendered":"<p>PROMOCJA &#8211; TANIA DOSTAWA ! &#8211; dante Im Genius Wykrywacz k\u0142amstw 83886 &#8211; PACZKOMAT, POCZTA, KURIER Lisciani IM Genius Science. Laboratorium Prawdy I Klamstwa Lisciani pomys\u0142 na prezent dla 7 latki, zagadki wielkanocne dla doros\u0142ych, nastolatka, prezent dla 14 latki, tr\u00f3jmiasto atrakcje dla dzieci, konkurs dla dzieci, zagadki na logiczne my\u015blenie, mi\u0142osz imi\u0119, test dynastia [&hellip;]<\/p>\n","protected":false},"featured_media":3580,"comment_status":"closed","ping_status":"open","template":"","meta":[],"product_cat":[362,72],"product_tag":[667,587,773,577,615],"class_list":["post-3579","product","type-product","status-publish","has-post-thumbnail","hentry","product_cat-lisciani","product_cat-mali-naukowcy","product_tag-kolorowanka-lol","product_tag-skalne-miasto","product_tag-test-z-lektury-opowiesci-z-narnii-lew-czarownica-i-stara-szafa","product_tag-znaki-drogowe-test","product_tag-znane-misie-z-filmow-animowanych"],"_links":{"self":[{"href":"http:\/\/klubmamgdynia.pl\/index.php\/wp-json\/wp\/v2\/product\/3579","targetHints":{"allow":["GET"]}}],"collection":[{"href":"http:\/\/klubmamgdynia.pl\/index.php\/wp-json\/wp\/v2\/product"}],"about":[{"href":"http:\/\/klubmamgdynia.pl\/index.php\/wp-json\/wp\/v2\/types\/product"}],"replies":[{"embeddable":true,"href":"http:\/\/klubmamgdynia.pl\/index.php\/wp-json\/wp\/v2\/comments?post=3579"}],"wp:featuredmedia":[{"embeddable":true,"href":"http:\/\/klubmamgdynia.pl\/index.php\/wp-json\/wp\/v2\/media\/3580"}],"wp:attachment":[{"href":"http:\/\/klubmamgdynia.pl\/index.php\/wp-json\/wp\/v2\/media?parent=3579"}],"wp:term":[{"taxonomy":"product_cat","embeddable":true,"href":"http:\/\/klubmamgdynia.pl\/index.php\/wp-json\/wp\/v2\/product_cat?post=3579"},{"taxonomy":"product_tag","embeddable":true,"href":"http:\/\/klubmamgdynia.pl\/index.php\/wp-json\/wp\/v2\/product_tag?post=3579"}],"curies":[{"name":"wp","href":"https:\/\/api.w.org\/{rel}","templated":true}]}}