{"id":3581,"date":"2018-08-30T05:38:11","date_gmt":"2018-08-30T03:38:11","guid":{"rendered":"http:\/\/klubmamgdynia.pl\/index.php\/produkt\/maltex-wanna-z-korkierm-bing-biala-100cm\/"},"modified":"2026-04-05T23:46:59","modified_gmt":"2026-04-05T21:46:59","slug":"maltex-wanna-z-korkierm-bing-biala-100cm","status":"publish","type":"product","link":"http:\/\/klubmamgdynia.pl\/index.php\/produkt\/maltex-wanna-z-korkierm-bing-biala-100cm\/","title":{"rendered":"Maltex Wanna Z Korkierm Bing Bia\u0142a 100Cm"},"content":{"rendered":"<p>Wanna BING 100 cm z korkiem jest wykonana z nieszkodliwego tworzywa sztucznego. Dzieci z pewno\u015bci\u0105 zachwyc\u0105 weso\u0142e postaci z bajki BING. Wanna o pojemno\u015bci 35 l jest odpowiednia dla dzieci od urodzenia.<\/p>\n<h2>Maltex Wanna Z Korkierm Bing Bia\u0142a 100Cm Maltex<\/h2>\n<p>bajki dla niemowl\u0105t, mi\u0142osz imi\u0119, zima z\u0142a tekst, kolorowanki kotki do druku, kolorowanka pies, opisy do zdj dziecka, cyferki do druku, jak narysowa\u0107 nos, zagadki co to jest, zagadki logiczne z odpowiedziami, nela w krainie wombat\u00f3w, kolorowanki dla dziewczynek, kolorowanka pokemon, filmy familijne walta disneya, mia imi\u0119, zagadki dla 7 latka, dziwne zagadki, kolorowanka harry potter, dawne ko\u0142ysanki teksty<\/p>\n<p>yyyyy<\/p>\n<p>&nbsp;<\/p>\n","protected":false},"excerpt":{"rendered":"<p>Wanna BING 100 cm z korkiem jest wykonana z nieszkodliwego tworzywa sztucznego. Dzieci z pewno\u015bci\u0105 zachwyc\u0105 weso\u0142e postaci z bajki BING. Wanna o pojemno\u015bci 35 l jest odpowiednia dla dzieci od urodzenia. Maltex Wanna Z Korkierm Bing Bia\u0142a 100Cm Maltex bajki dla niemowl\u0105t, mi\u0142osz imi\u0119, zima z\u0142a tekst, kolorowanki kotki do druku, kolorowanka pies, opisy [&hellip;]<\/p>\n","protected":false},"featured_media":3582,"comment_status":"closed","ping_status":"open","template":"","meta":[],"product_cat":[958,960],"product_tag":[662,728,735,743,581,746],"class_list":["post-3581","product","type-product","status-publish","has-post-thumbnail","hentry","product_cat-komody-kapielowe-wanienki-i-przewijaki","product_cat-maltex","product_tag-bajki-na-dobranoc","product_tag-bezwarunkowa-milosc-do-dziecka-cytaty","product_tag-prezent-na-roczek-dziewczynka","product_tag-quiz-dla-dzieci","product_tag-zagadki-dla-8-latka","product_tag-zagadki-typu-co-to-jest"],"_links":{"self":[{"href":"http:\/\/klubmamgdynia.pl\/index.php\/wp-json\/wp\/v2\/product\/3581","targetHints":{"allow":["GET"]}}],"collection":[{"href":"http:\/\/klubmamgdynia.pl\/index.php\/wp-json\/wp\/v2\/product"}],"about":[{"href":"http:\/\/klubmamgdynia.pl\/index.php\/wp-json\/wp\/v2\/types\/product"}],"replies":[{"embeddable":true,"href":"http:\/\/klubmamgdynia.pl\/index.php\/wp-json\/wp\/v2\/comments?post=3581"}],"wp:featuredmedia":[{"embeddable":true,"href":"http:\/\/klubmamgdynia.pl\/index.php\/wp-json\/wp\/v2\/media\/3582"}],"wp:attachment":[{"href":"http:\/\/klubmamgdynia.pl\/index.php\/wp-json\/wp\/v2\/media?parent=3581"}],"wp:term":[{"taxonomy":"product_cat","embeddable":true,"href":"http:\/\/klubmamgdynia.pl\/index.php\/wp-json\/wp\/v2\/product_cat?post=3581"},{"taxonomy":"product_tag","embeddable":true,"href":"http:\/\/klubmamgdynia.pl\/index.php\/wp-json\/wp\/v2\/product_tag?post=3581"}],"curies":[{"name":"wp","href":"https:\/\/api.w.org\/{rel}","templated":true}]}}