{"id":3583,"date":"2019-06-22T22:05:30","date_gmt":"2019-06-22T20:05:30","guid":{"rendered":"http:\/\/klubmamgdynia.pl\/index.php\/produkt\/hipo-auto-lamborgihini-police-hxkt161\/"},"modified":"2026-04-20T19:25:48","modified_gmt":"2026-04-20T17:25:48","slug":"hipo-auto-lamborgihini-police-hxkt161","status":"publish","type":"product","link":"http:\/\/klubmamgdynia.pl\/index.php\/produkt\/hipo-auto-lamborgihini-police-hxkt161\/","title":{"rendered":"Hipo Auto Lamborgihini Police Hxkt161"},"content":{"rendered":"<p>SUPER CENA &#8211; TANIA DOSTAWA ! &#8211; hipo Auto Lamborgihini Police HXKT161 &#8211; PACZKOMAT, POCZTA, KURIER<\/p>\n<h2>Hipo Auto Lamborgihini Police Hxkt161 Hipo<\/h2>\n<p>zagadki do rozwi\u0105zania, alan znaczenie imienia, dzie\u0144 \u015bw patryka symbole do druku, kolorowanka kotek do druku<\/p>\n<p>yyyyy<\/p>\n<p>&nbsp;<\/p>\n","protected":false},"excerpt":{"rendered":"<p>SUPER CENA &#8211; TANIA DOSTAWA ! &#8211; hipo Auto Lamborgihini Police HXKT161 &#8211; PACZKOMAT, POCZTA, KURIER Hipo Auto Lamborgihini Police Hxkt161 Hipo zagadki do rozwi\u0105zania, alan znaczenie imienia, dzie\u0144 \u015bw patryka symbole do druku, kolorowanka kotek do druku yyyyy &nbsp;<\/p>\n","protected":false},"featured_media":3584,"comment_status":"closed","ping_status":"open","template":"","meta":[],"product_cat":[83,310],"product_tag":[648,853,847,634],"class_list":["post-3583","product","type-product","status-publish","has-post-thumbnail","hentry","product_cat-auta-i-inne-pojazdy-do-zabawy","product_cat-hipo","product_tag-dobrej-nocy-i-sza","product_tag-kolorowanki-do-druku-dla-doroslych","product_tag-kolorowanki-pokemon","product_tag-zagadki-wielkanocne-dla-dzieci"],"_links":{"self":[{"href":"http:\/\/klubmamgdynia.pl\/index.php\/wp-json\/wp\/v2\/product\/3583","targetHints":{"allow":["GET"]}}],"collection":[{"href":"http:\/\/klubmamgdynia.pl\/index.php\/wp-json\/wp\/v2\/product"}],"about":[{"href":"http:\/\/klubmamgdynia.pl\/index.php\/wp-json\/wp\/v2\/types\/product"}],"replies":[{"embeddable":true,"href":"http:\/\/klubmamgdynia.pl\/index.php\/wp-json\/wp\/v2\/comments?post=3583"}],"wp:featuredmedia":[{"embeddable":true,"href":"http:\/\/klubmamgdynia.pl\/index.php\/wp-json\/wp\/v2\/media\/3584"}],"wp:attachment":[{"href":"http:\/\/klubmamgdynia.pl\/index.php\/wp-json\/wp\/v2\/media?parent=3583"}],"wp:term":[{"taxonomy":"product_cat","embeddable":true,"href":"http:\/\/klubmamgdynia.pl\/index.php\/wp-json\/wp\/v2\/product_cat?post=3583"},{"taxonomy":"product_tag","embeddable":true,"href":"http:\/\/klubmamgdynia.pl\/index.php\/wp-json\/wp\/v2\/product_tag?post=3583"}],"curies":[{"name":"wp","href":"https:\/\/api.w.org\/{rel}","templated":true}]}}