{"id":3585,"date":"2018-11-16T16:56:47","date_gmt":"2018-11-16T15:56:47","guid":{"rendered":"http:\/\/klubmamgdynia.pl\/index.php\/produkt\/foxgames-komiks-paragrafowy-sherlock-holmes-pojedynek-z-irene-adler\/"},"modified":"2026-04-21T05:12:08","modified_gmt":"2026-04-21T03:12:08","slug":"foxgames-komiks-paragrafowy-sherlock-holmes-pojedynek-z-irene-adler","status":"publish","type":"product","link":"http:\/\/klubmamgdynia.pl\/index.php\/produkt\/foxgames-komiks-paragrafowy-sherlock-holmes-pojedynek-z-irene-adler\/","title":{"rendered":"Foxgames Komiks Paragrafowy Sherlock Holmes &#8211; Pojedynek z Irene Adler"},"content":{"rendered":"<p>Sherlock Holmes: Pojedynek z Irene AdlerKomiksy paragrafowe to nowa na polskim rynku wydawniczym propozycja zabawy dla tych, kt\u00f3rzy kochaj\u0105 tajemnice, ryzyko i wyzwania. Czytelnik, a zarazem gracz, zostaje dzi\u0119ki nim bohaterem komiksu i tworzy w\u0142asn\u0105 fabu\u0142\u0119. Wybiera posta\u0107, w kt\u00f3r\u0105 chce si\u0119 wcieli\u0107, i poruszaj\u0105c si\u0119 pomi\u0119dzy ponumerowanymi kadrami, decyduje o jej losach.Dlaczego komiksy paragrafowe s\u0105 tak wci\u0105gaj\u0105ce, pe\u0142ne emocji i bez reszty anga\u017cuj\u0105 gracza? To dlatego, \u017ce istnieje wiele sposob\u00f3w na zako\u0144czenie rozgrywki, a czasem r\u00f3wnie\u017c wiele zako\u0144cze\u0144 komiksu. Wszystko zale\u017cy wybor\u00f3w, jakich dokonuje gracz. To sprawia, \u017ce komiksy paragrafowe mo\u017cna czyta\u0107 wiele razy, z rosn\u0105c\u0105 ciekawo\u015bci\u0105. Starannie przemy\u015blana mechanika gry, \u015bwietna kreska rysownik\u00f3w na d\u0142ugo zatrzymaj\u0105 gracza w \u015bwiecie walecznych rycerzy, wilko\u0142ak\u00f3w i wampir\u00f3w, londy\u0144skich detektyw\u00f3w i nieustraszonej \u0142owczyni nagr\u00f3d.Sherlock Holmes: Pojedynek z Irene AdlerIrene Adler otwiera w Londynie swoj\u0105 w\u0142asne biuro detektywistyczne. Gdy Sherlock Holmes si\u0119 o tym dowiaduje, reaguje jak zawsze ze spokojem, ale czy nie powinien jednak potraktowa\u0107 swojej konkurentki powa\u017cnie? Niebawem znajdzie odpowied\u017a na to pytanie, poniewa\u017c w\u0142a\u015bnie dosz\u0142o do pewnego zab\u00f3jstwa i do porwania.Wciel si\u0119 w posta\u0107 Holmesa lub Adler i rozwi\u0105\u017c te sprawy.Graj sam lub rzu\u0107 wyzwanie drugiemu czytelnikowi. Staraj si\u0119 by\u0107 jak najlepszym detektywem, bo tutaj bohaterem jeste\u015b Ty!W tym komiksie na graczy czeka wielka niespodzianka. Daje on mo\u017cliwo\u015b\u0107 rywalizacji w dwie osoby pierwsza wciela si\u0119 w posta\u0107 Sherlocka, a drugiej przyjdzie pokierowa\u0107 dzia\u0142aniami Irene Adler. Pojedynek oferuje przej\u015bcie komiku na dwa odmienne sposoby zwyci\u0119\u017cy osoba, kt\u00f3ra jako pierwsza z\u0142apie z\u0142oczy\u0144c\u0119!<\/p>\n<h2>Foxgames Komiks Paragrafowy Sherlock Holmes &#8211; Pojedynek z Irene Adler Foxgames<\/h2>\n<p>dziecko cytaty z\u0142ote my\u015bli, kolorowanki pokemon, u\u015bmiech dziecka wiersz, zagadki nie do rozwi\u0105zania, kondrad imie, bajka terapeutyczna o emocjach, warszawa dzieci, rysunki \u0142atwe, smok wawelski kolorowanka, prezent dla 7 latka, super zings kolorowanki, kolorowanki \u015bwi\u0119to niepodleg\u0142o\u015bci do druku, bajki do czytania online, zagadki logiczne matematyczne dla dzieci, kolorowanki \u015bwi\u0105teczne do wydruku<\/p>\n<p>yyyyy<\/p>\n<p>&nbsp;<\/p>\n","protected":false},"excerpt":{"rendered":"<p>Sherlock Holmes: Pojedynek z Irene AdlerKomiksy paragrafowe to nowa na polskim rynku wydawniczym propozycja zabawy dla tych, kt\u00f3rzy kochaj\u0105 tajemnice, ryzyko i wyzwania. Czytelnik, a zarazem gracz, zostaje dzi\u0119ki nim bohaterem komiksu i tworzy w\u0142asn\u0105 fabu\u0142\u0119. Wybiera posta\u0107, w kt\u00f3r\u0105 chce si\u0119 wcieli\u0107, i poruszaj\u0105c si\u0119 pomi\u0119dzy ponumerowanymi kadrami, decyduje o jej losach.Dlaczego komiksy paragrafowe [&hellip;]<\/p>\n","protected":false},"featured_media":3586,"comment_status":"closed","ping_status":"open","template":"","meta":[],"product_cat":[1089,1090],"product_tag":[781,727,821,582,616],"class_list":["post-3585","product","type-product","status-publish","has-post-thumbnail","hentry","product_cat-foxgames","product_cat-gry-fabularne-rpg","product_tag-cytaty-o-wychowaniu-dzieci","product_tag-godlo-polski-do-druku","product_tag-marianna","product_tag-nauka-pisania-literek-do-wydruku-pdf","product_tag-test-mikolajek-25-pytan"],"_links":{"self":[{"href":"http:\/\/klubmamgdynia.pl\/index.php\/wp-json\/wp\/v2\/product\/3585","targetHints":{"allow":["GET"]}}],"collection":[{"href":"http:\/\/klubmamgdynia.pl\/index.php\/wp-json\/wp\/v2\/product"}],"about":[{"href":"http:\/\/klubmamgdynia.pl\/index.php\/wp-json\/wp\/v2\/types\/product"}],"replies":[{"embeddable":true,"href":"http:\/\/klubmamgdynia.pl\/index.php\/wp-json\/wp\/v2\/comments?post=3585"}],"wp:featuredmedia":[{"embeddable":true,"href":"http:\/\/klubmamgdynia.pl\/index.php\/wp-json\/wp\/v2\/media\/3586"}],"wp:attachment":[{"href":"http:\/\/klubmamgdynia.pl\/index.php\/wp-json\/wp\/v2\/media?parent=3585"}],"wp:term":[{"taxonomy":"product_cat","embeddable":true,"href":"http:\/\/klubmamgdynia.pl\/index.php\/wp-json\/wp\/v2\/product_cat?post=3585"},{"taxonomy":"product_tag","embeddable":true,"href":"http:\/\/klubmamgdynia.pl\/index.php\/wp-json\/wp\/v2\/product_tag?post=3585"}],"curies":[{"name":"wp","href":"https:\/\/api.w.org\/{rel}","templated":true}]}}