{"id":3587,"date":"2017-11-19T13:08:55","date_gmt":"2017-11-19T12:08:55","guid":{"rendered":"http:\/\/klubmamgdynia.pl\/index.php\/produkt\/hipo-dinozaur-z-grochem-p36-hte040\/"},"modified":"2026-04-29T15:12:59","modified_gmt":"2026-04-29T13:12:59","slug":"hipo-dinozaur-z-grochem-p36-hte040","status":"publish","type":"product","link":"http:\/\/klubmamgdynia.pl\/index.php\/produkt\/hipo-dinozaur-z-grochem-p36-hte040\/","title":{"rendered":"Hipo Dinozaur z grochem. p36 (HTE040)"},"content":{"rendered":"<p>Zwierz\u0119ta gumowe z groszkiem Dinozaur 12cm HIPO A044P, mix wzor\u00f3w &#8211; Hipo<\/p>\n<h2>Hipo Dinozaur z grochem. p36 (HTE040) Hipo<\/h2>\n<p>platformy edukacyjne, zabawki na roczek dla ch\u0142opca, wielkanocne zagadki dla dzieci, tabliczka mno\u017cenia zadania do druku, proste dekoracje bo\u017conarodzeniowe dla dzieci<\/p>\n<p>yyyyy<\/p>\n<p>&nbsp;<\/p>\n","protected":false},"excerpt":{"rendered":"<p>Zwierz\u0119ta gumowe z groszkiem Dinozaur 12cm HIPO A044P, mix wzor\u00f3w &#8211; Hipo Hipo Dinozaur z grochem. p36 (HTE040) Hipo platformy edukacyjne, zabawki na roczek dla ch\u0142opca, wielkanocne zagadki dla dzieci, tabliczka mno\u017cenia zadania do druku, proste dekoracje bo\u017conarodzeniowe dla dzieci yyyyy &nbsp;<\/p>\n","protected":false},"featured_media":3588,"comment_status":"closed","ping_status":"open","template":"","meta":[],"product_cat":[95,310],"product_tag":[706,619,858,759,804],"class_list":["post-3587","product","type-product","status-publish","has-post-thumbnail","hentry","product_cat-figurki-makiety-i-zestawy","product_cat-hipo","product_tag-imie-kuba","product_tag-iwo-imie","product_tag-podchwytliwe-zagadki","product_tag-pomysly-na-prezent-dla-nastolatkow","product_tag-ryz-z-owocami"],"_links":{"self":[{"href":"http:\/\/klubmamgdynia.pl\/index.php\/wp-json\/wp\/v2\/product\/3587","targetHints":{"allow":["GET"]}}],"collection":[{"href":"http:\/\/klubmamgdynia.pl\/index.php\/wp-json\/wp\/v2\/product"}],"about":[{"href":"http:\/\/klubmamgdynia.pl\/index.php\/wp-json\/wp\/v2\/types\/product"}],"replies":[{"embeddable":true,"href":"http:\/\/klubmamgdynia.pl\/index.php\/wp-json\/wp\/v2\/comments?post=3587"}],"wp:featuredmedia":[{"embeddable":true,"href":"http:\/\/klubmamgdynia.pl\/index.php\/wp-json\/wp\/v2\/media\/3588"}],"wp:attachment":[{"href":"http:\/\/klubmamgdynia.pl\/index.php\/wp-json\/wp\/v2\/media?parent=3587"}],"wp:term":[{"taxonomy":"product_cat","embeddable":true,"href":"http:\/\/klubmamgdynia.pl\/index.php\/wp-json\/wp\/v2\/product_cat?post=3587"},{"taxonomy":"product_tag","embeddable":true,"href":"http:\/\/klubmamgdynia.pl\/index.php\/wp-json\/wp\/v2\/product_tag?post=3587"}],"curies":[{"name":"wp","href":"https:\/\/api.w.org\/{rel}","templated":true}]}}