{"id":359,"date":"2018-11-21T05:02:02","date_gmt":"2018-11-21T04:02:02","guid":{"rendered":"http:\/\/klubmamgdynia.pl\/index.php\/produkt\/buty-zimowe-carrera-nevada-cam021096-06\/"},"modified":"2026-04-05T18:12:26","modified_gmt":"2026-04-05T16:12:26","slug":"buty-zimowe-carrera-nevada-cam021096-06","status":"publish","type":"product","link":"http:\/\/klubmamgdynia.pl\/index.php\/produkt\/buty-zimowe-carrera-nevada-cam021096-06\/","title":{"rendered":"Buty zimowe Carrera Nevada [CAM021096-06]"},"content":{"rendered":"<p>Zimowe obuwie marki Carrera model Nevada .Starannie wykonane z wysokiej jako\u015bci materia\u0142\u00f3w syntetycznych.Wysoka cholewka za kostk\u0119, zapewnia stabilono\u015b\u0107 zabezpieczaj\u0105c staw skokowy.Wewn\u0105trz zastosowano syntetyczny materia\u0142, kt\u00f3ry ma \u015bwietne w\u0142a\u015bciwo\u015bci ocieplaj\u0105ce.Specjalna budowa gumowej podeszwy jest gwarancj\u0105 doskona\u0142ej przyczepno\u015bci i stabilno\u015bci.Model klasyczny, wygodny, idealny na jesienny i zimowy okres.<\/p>\n<h2>Buty zimowe Carrera Nevada [CAM021096-06] Carrera<\/h2>\n<p>dyplomy do wydrukowania a4, tupcio chrupcio bajka do czytania, kiekrz, pola imi\u0119, prezenty dla nastolatk\u00f3w do 50 z\u0142, psikusy na prima aprilis, zagadki o przyborach szkolnych, bajka krecik, pomys\u0142 na prezent dla nastolatk\u00f3w, zagadki \u015bmieszne dla dzieci, smerfy kolorowanka, pikachu do druku, nauka zegara zegar do druku, zagadki dla dzieci 6-7 lat, zygzak mcqueen kolorowanka, zagadki dla dzieci 7-8 lat, wiersze \u0142ama\u0144ce j\u0119zykowe dla dzieci, \u0142atwe ale podchwytliwe zagadki, otto<\/p>\n<p>yyyyy<\/p>\n<p>&nbsp;<\/p>\n","protected":false},"excerpt":{"rendered":"<p>Zimowe obuwie marki Carrera model Nevada .Starannie wykonane z wysokiej jako\u015bci materia\u0142\u00f3w syntetycznych.Wysoka cholewka za kostk\u0119, zapewnia stabilono\u015b\u0107 zabezpieczaj\u0105c staw skokowy.Wewn\u0105trz zastosowano syntetyczny materia\u0142, kt\u00f3ry ma \u015bwietne w\u0142a\u015bciwo\u015bci ocieplaj\u0105ce.Specjalna budowa gumowej podeszwy jest gwarancj\u0105 doskona\u0142ej przyczepno\u015bci i stabilno\u015bci.Model klasyczny, wygodny, idealny na jesienny i zimowy okres. Buty zimowe Carrera Nevada [CAM021096-06] Carrera dyplomy do wydrukowania [&hellip;]<\/p>\n","protected":false},"featured_media":360,"comment_status":"closed","ping_status":"open","template":"","meta":[],"product_cat":[153,140],"product_tag":[758,735,649],"class_list":["post-359","product","type-product","status-publish","has-post-thumbnail","hentry","product_cat-buty-zimowe","product_cat-carrera","product_tag-julian","product_tag-prezent-na-roczek-dziewczynka","product_tag-zagadki-dla-nastolatkow"],"_links":{"self":[{"href":"http:\/\/klubmamgdynia.pl\/index.php\/wp-json\/wp\/v2\/product\/359","targetHints":{"allow":["GET"]}}],"collection":[{"href":"http:\/\/klubmamgdynia.pl\/index.php\/wp-json\/wp\/v2\/product"}],"about":[{"href":"http:\/\/klubmamgdynia.pl\/index.php\/wp-json\/wp\/v2\/types\/product"}],"replies":[{"embeddable":true,"href":"http:\/\/klubmamgdynia.pl\/index.php\/wp-json\/wp\/v2\/comments?post=359"}],"wp:featuredmedia":[{"embeddable":true,"href":"http:\/\/klubmamgdynia.pl\/index.php\/wp-json\/wp\/v2\/media\/360"}],"wp:attachment":[{"href":"http:\/\/klubmamgdynia.pl\/index.php\/wp-json\/wp\/v2\/media?parent=359"}],"wp:term":[{"taxonomy":"product_cat","embeddable":true,"href":"http:\/\/klubmamgdynia.pl\/index.php\/wp-json\/wp\/v2\/product_cat?post=359"},{"taxonomy":"product_tag","embeddable":true,"href":"http:\/\/klubmamgdynia.pl\/index.php\/wp-json\/wp\/v2\/product_tag?post=359"}],"curies":[{"name":"wp","href":"https:\/\/api.w.org\/{rel}","templated":true}]}}