{"id":3593,"date":"2021-12-05T13:23:11","date_gmt":"2021-12-05T12:23:11","guid":{"rendered":"http:\/\/klubmamgdynia.pl\/index.php\/produkt\/midex-kuchnia-dla-dzieci-mini-kuchenka-woda-kran-zabawka\/"},"modified":"2026-04-04T02:54:53","modified_gmt":"2026-04-04T00:54:53","slug":"midex-kuchnia-dla-dzieci-mini-kuchenka-woda-kran-zabawka","status":"publish","type":"product","link":"http:\/\/klubmamgdynia.pl\/index.php\/produkt\/midex-kuchnia-dla-dzieci-mini-kuchenka-woda-kran-zabawka\/","title":{"rendered":"Midex Kuchnia Dla Dzieci Mini Kuchenka Woda Kran &#8211; Zabawka"},"content":{"rendered":"<p>KUCHNIA DLA DZIECI Z WOD\u0104Dziecko podczas zabawy kuchni\u0105 uczy si\u0119 podstawowych prac domowych. Zabawka zajmie malucha na wiele godzin i dostarczy mu du\u017co rado\u015bci i dobrej zabawy\u015aliczna kolorowa kuchnia na baterie zachwyci ka\u017cdego ma\u0142ego kucharza.Wielkim atutem zestawu jest zlew z dzia\u0142aj\u0105cym kranem &#8211; wystarczy nape\u0142ni\u0107 pojemnik wod\u0105.Wymiary opakowania: 36 x 6,5 x 40cm.<\/p>\n<h2>Midex Kuchnia Dla Dzieci Mini Kuchenka Woda Kran &#8211; Zabawka Midex<\/h2>\n<p>liwia, test z lektury miko\u0142ajek do druku, sybilla, quiz o minecraft, zagadki kr\u00f3tkie, przyja\u017a\u0144 cytaty, milan imi\u0119, chase kolorowanka, wierszyki na lany poniedzia\u0142ek, quiz narnia lew czarownica i stara szafa, u\u015bmiech dziecka wiersz, maski do wydruku, kwiecie\u0144 plecie\u0144 wiersz, kiekrz, w uk\u0142adzie s\u0142onecznym tekst, opisy do zdj z dzieckiem, posz\u0142a ola na spacerek, klockownia wroc\u0142aw, zagadki podchwytliwe, alan imi\u0119, wroc\u0142aw atrakcje dla dzieci<\/p>\n<p>yyyyy<\/p>\n<p>&nbsp;<\/p>\n","protected":false},"excerpt":{"rendered":"<p>KUCHNIA DLA DZIECI Z WOD\u0104Dziecko podczas zabawy kuchni\u0105 uczy si\u0119 podstawowych prac domowych. Zabawka zajmie malucha na wiele godzin i dostarczy mu du\u017co rado\u015bci i dobrej zabawy\u015aliczna kolorowa kuchnia na baterie zachwyci ka\u017cdego ma\u0142ego kucharza.Wielkim atutem zestawu jest zlew z dzia\u0142aj\u0105cym kranem &#8211; wystarczy nape\u0142ni\u0107 pojemnik wod\u0105.Wymiary opakowania: 36 x 6,5 x 40cm. Midex Kuchnia [&hellip;]<\/p>\n","protected":false},"featured_media":3594,"comment_status":"closed","ping_status":"open","template":"","meta":[],"product_cat":[53,1091],"product_tag":[782,623,767],"class_list":["post-3593","product","type-product","status-publish","has-post-thumbnail","hentry","product_cat-kaciki-zabaw","product_cat-midex","product_tag-zagadki-dla-dzieci-z-odpowiedziami","product_tag-zagadki-logiczne-smieszne","product_tag-zaproszenia-urodzinowe-do-druku"],"_links":{"self":[{"href":"http:\/\/klubmamgdynia.pl\/index.php\/wp-json\/wp\/v2\/product\/3593","targetHints":{"allow":["GET"]}}],"collection":[{"href":"http:\/\/klubmamgdynia.pl\/index.php\/wp-json\/wp\/v2\/product"}],"about":[{"href":"http:\/\/klubmamgdynia.pl\/index.php\/wp-json\/wp\/v2\/types\/product"}],"replies":[{"embeddable":true,"href":"http:\/\/klubmamgdynia.pl\/index.php\/wp-json\/wp\/v2\/comments?post=3593"}],"wp:featuredmedia":[{"embeddable":true,"href":"http:\/\/klubmamgdynia.pl\/index.php\/wp-json\/wp\/v2\/media\/3594"}],"wp:attachment":[{"href":"http:\/\/klubmamgdynia.pl\/index.php\/wp-json\/wp\/v2\/media?parent=3593"}],"wp:term":[{"taxonomy":"product_cat","embeddable":true,"href":"http:\/\/klubmamgdynia.pl\/index.php\/wp-json\/wp\/v2\/product_cat?post=3593"},{"taxonomy":"product_tag","embeddable":true,"href":"http:\/\/klubmamgdynia.pl\/index.php\/wp-json\/wp\/v2\/product_tag?post=3593"}],"curies":[{"name":"wp","href":"https:\/\/api.w.org\/{rel}","templated":true}]}}