{"id":3595,"date":"2017-12-12T11:50:33","date_gmt":"2017-12-12T10:50:33","guid":{"rendered":"http:\/\/klubmamgdynia.pl\/index.php\/produkt\/midex-zestaw-kuchenny-tort-zastawa-stolowa-dla-dzieci-zabawka\/"},"modified":"2026-04-26T19:01:50","modified_gmt":"2026-04-26T17:01:50","slug":"midex-zestaw-kuchenny-tort-zastawa-stolowa-dla-dzieci-zabawka","status":"publish","type":"product","link":"http:\/\/klubmamgdynia.pl\/index.php\/produkt\/midex-zestaw-kuchenny-tort-zastawa-stolowa-dla-dzieci-zabawka\/","title":{"rendered":"Midex Zestaw Kuchenny Tort Zastawa Sto\u0142owa Dla Dzieci &#8211; Zabawka"},"content":{"rendered":"<p>KUCHENNY ZESTAW DO KAWY HERBATYpropozycja dla wszystkich mi\u0142o\u015bnik\u00f3w zabawy w dom,niezb\u0119dne akcesoria podczas ka\u017cdego zabawkowego pikniku,zestaw wykonany z wysokiej jako\u015bci materia\u0142\u00f3w.Przeno\u015bny zestaw ma\u0142ej gospodyni pozwoli dziecku wyprawi\u0107 wielkie przyj\u0119cie podczas kt\u00f3rego niezb\u0119dne s\u0105 odpowiednie akcesoria. Pocz\u0119stuj swoich go\u015bci herbatk\u0105 lub kaw\u0105 w swojej pi\u0119knej zastawie sto\u0142owej.W tym zestawie dzieci maj\u0105 do dyspozycji wszystko co potrzebne do wspania\u0142ej zabawy. Naczynia wykonane s\u0105 z bezpiecznego materia\u0142u w \u017cywych kolorach, co przyci\u0105gnie uwag\u0119 ka\u017cdego malucha.Wymiary opakowania: 46 x 8 x 28cm.<\/p>\n<h2>Midex Zestaw Kuchenny Tort Zastawa Sto\u0142owa Dla Dzieci &#8211; Zabawka Midex<\/h2>\n<p>znaki drogowe quizy, estera, michalina, o\u015brodki wczasowe nad morzem dla rodzin z dzie\u0107mi, test znaki drogowe, test z ani z zielonego wzg\u00f3rza, prezent na roczek nie zabawka, kolorowanki lol do druku, mini zoo mazowieckie, wierszyki na \u015bmigus dyngus, zagadki z odpowiedziami \u015bmieszne, sabina, quiz o psie kt\u00f3ry je\u017adzi\u0142 kolej\u0105<\/p>\n<p>yyyyy<\/p>\n<p>&nbsp;<\/p>\n","protected":false},"excerpt":{"rendered":"<p>KUCHENNY ZESTAW DO KAWY HERBATYpropozycja dla wszystkich mi\u0142o\u015bnik\u00f3w zabawy w dom,niezb\u0119dne akcesoria podczas ka\u017cdego zabawkowego pikniku,zestaw wykonany z wysokiej jako\u015bci materia\u0142\u00f3w.Przeno\u015bny zestaw ma\u0142ej gospodyni pozwoli dziecku wyprawi\u0107 wielkie przyj\u0119cie podczas kt\u00f3rego niezb\u0119dne s\u0105 odpowiednie akcesoria. Pocz\u0119stuj swoich go\u015bci herbatk\u0105 lub kaw\u0105 w swojej pi\u0119knej zastawie sto\u0142owej.W tym zestawie dzieci maj\u0105 do dyspozycji wszystko co potrzebne [&hellip;]<\/p>\n","protected":false},"featured_media":3596,"comment_status":"closed","ping_status":"open","template":"","meta":[],"product_cat":[53,1091],"product_tag":[802,683,807,806,711],"class_list":["post-3595","product","type-product","status-publish","has-post-thumbnail","hentry","product_cat-kaciki-zabaw","product_cat-midex","product_tag-co-kupic-dziewczynce-na-roczek","product_tag-karaluchy-pod-poduchy","product_tag-logiczne-zagadki","product_tag-prezent-dla-dziecka-na-roczek","product_tag-prezenty-dla-nastolatkow"],"_links":{"self":[{"href":"http:\/\/klubmamgdynia.pl\/index.php\/wp-json\/wp\/v2\/product\/3595","targetHints":{"allow":["GET"]}}],"collection":[{"href":"http:\/\/klubmamgdynia.pl\/index.php\/wp-json\/wp\/v2\/product"}],"about":[{"href":"http:\/\/klubmamgdynia.pl\/index.php\/wp-json\/wp\/v2\/types\/product"}],"replies":[{"embeddable":true,"href":"http:\/\/klubmamgdynia.pl\/index.php\/wp-json\/wp\/v2\/comments?post=3595"}],"wp:featuredmedia":[{"embeddable":true,"href":"http:\/\/klubmamgdynia.pl\/index.php\/wp-json\/wp\/v2\/media\/3596"}],"wp:attachment":[{"href":"http:\/\/klubmamgdynia.pl\/index.php\/wp-json\/wp\/v2\/media?parent=3595"}],"wp:term":[{"taxonomy":"product_cat","embeddable":true,"href":"http:\/\/klubmamgdynia.pl\/index.php\/wp-json\/wp\/v2\/product_cat?post=3595"},{"taxonomy":"product_tag","embeddable":true,"href":"http:\/\/klubmamgdynia.pl\/index.php\/wp-json\/wp\/v2\/product_tag?post=3595"}],"curies":[{"name":"wp","href":"https:\/\/api.w.org\/{rel}","templated":true}]}}