{"id":36,"date":"2020-06-09T17:30:44","date_gmt":"2020-06-09T15:30:44","guid":{"rendered":"http:\/\/klubmamgdynia.pl\/index.php\/produkt\/sterntaler-pozytywka-m-ben\/"},"modified":"2026-05-17T22:20:10","modified_gmt":"2026-05-17T20:20:10","slug":"sterntaler-pozytywka-m-ben","status":"publish","type":"product","link":"http:\/\/klubmamgdynia.pl\/index.php\/produkt\/sterntaler-pozytywka-m-ben\/","title":{"rendered":"Sterntaler Pozytywka M Ben"},"content":{"rendered":"<p>Delikatnie nied\u017awied\u017a mi\u0119kki Ben ko\u0142ysze dziecko do snu! Zrobione z przytulnego pluszu, Nicki i koszulki. Do\u0142\u0105czony zamek b\u0142yskawiczny u\u0142atwia wyjmowanie mechanizmu luzowania, a sylwetka jest \u0142atwa do mycia. Melodia: La Le Lu szczeg\u00f3\u0142y dotycz\u0105ce produktu: materia\u0142: plusz: 100 % poliester Nicki: 65 % bawe\u0142ny, 33 % poliestru, 2 % elastanu Jersey: 100 % bawe\u0142ny Aby po\u0142\u0105czy\u0107 si\u0119 Z mechanizmem nawijania Melodia: La Le Lu Sprz\u0105tanie: Normalny cykl prania w temperaturze 40 \u00b0C Wiek: od 0 miesi\u0119cy Uwaga Aby utrzyma\u0107 higien\u0119 tego produktu na sta\u0142e, nale\u017cy go czy\u015bci\u0107 w razie potrzeby. Nie zanurza\u0107 si\u0119 w wodzie, tylko zetrze\u0107 odrobin\u0105 detergentu. Bielenie chloru nie jest mo\u017cliwe, suszenie w suszarce b\u0119bnowej nie jest mo\u017cliwe. Nie prasuj. Prosz\u0119 wyj\u0105\u0107 mechanizm muzyczny przed praniem! Mechanizm muzyczny nie mo\u017ce dosta\u0107 si\u0119 do r\u0105k niemowl\u0105t i ma\u0142ych dzieci i musi by\u0107 w\u0142o\u017cony z powrotem do pozytywki po umyciu! Nale\u017cy pami\u0119ta\u0107, \u017ce mechanizm muzyczny mo\u017ce gra\u0107 tylko cz\u0119\u015b\u0107 melodii.<\/p>\n<h2>Sterntaler Pozytywka M Ben Sterntaler<\/h2>\n<p>imi\u0119 kuba, gry dla nastolatk\u00f3w, atrakcje do 30 km od wroc\u0142awia, opisy rodzina, alfons, film animowany o \u015bwi\u0119tach, dziecko cytaty, prezent dla 1 latka, ma\u0142y ksi\u0105\u017c\u0119 cytaty o mi\u0142o\u015bci, materac do basenu, alan znaczenie imienia, nietypowe imiona \u017ce\u0144skie, ferie warszawa 2022, w\u0142ochy, wzory zaprosze\u0144 zaproszenie na urodziny szablon do druku, test wiedzy z lektury przygody tomka sawyera z odpowiedziami, wydarzenia dla dzieci warszawa, zagadki halloween dla dzieci, atrakcje dla dzieci wroclaw, uk\u0142ad s\u0142oneczny dla dzieci, molo w brze\u017anie<\/p>\n<p>yyyyy<\/p>\n<p>&nbsp;<\/p>\n","protected":false},"excerpt":{"rendered":"<p>Delikatnie nied\u017awied\u017a mi\u0119kki Ben ko\u0142ysze dziecko do snu! Zrobione z przytulnego pluszu, Nicki i koszulki. Do\u0142\u0105czony zamek b\u0142yskawiczny u\u0142atwia wyjmowanie mechanizmu luzowania, a sylwetka jest \u0142atwa do mycia. Melodia: La Le Lu szczeg\u00f3\u0142y dotycz\u0105ce produktu: materia\u0142: plusz: 100 % poliester Nicki: 65 % bawe\u0142ny, 33 % poliestru, 2 % elastanu Jersey: 100 % bawe\u0142ny Aby [&hellip;]<\/p>\n","protected":false},"featured_media":37,"comment_status":"closed","ping_status":"open","template":"","meta":[],"product_cat":[33,26],"product_tag":[825,792,787,858,704],"class_list":["post-36","product","type-product","status-publish","has-post-thumbnail","hentry","product_cat-sterntaler","product_cat-zabawki-do-wozka-lozeczka-i-fotelika","product_tag-bajka-na-dobranoc-do-czytania","product_tag-cytaty-o-mamie","product_tag-nauka-pisania-wyrazow-dla-dzieci-do-druku-pdf","product_tag-podchwytliwe-zagadki","product_tag-prezent-dla-nastolatka"],"_links":{"self":[{"href":"http:\/\/klubmamgdynia.pl\/index.php\/wp-json\/wp\/v2\/product\/36","targetHints":{"allow":["GET"]}}],"collection":[{"href":"http:\/\/klubmamgdynia.pl\/index.php\/wp-json\/wp\/v2\/product"}],"about":[{"href":"http:\/\/klubmamgdynia.pl\/index.php\/wp-json\/wp\/v2\/types\/product"}],"replies":[{"embeddable":true,"href":"http:\/\/klubmamgdynia.pl\/index.php\/wp-json\/wp\/v2\/comments?post=36"}],"wp:featuredmedia":[{"embeddable":true,"href":"http:\/\/klubmamgdynia.pl\/index.php\/wp-json\/wp\/v2\/media\/37"}],"wp:attachment":[{"href":"http:\/\/klubmamgdynia.pl\/index.php\/wp-json\/wp\/v2\/media?parent=36"}],"wp:term":[{"taxonomy":"product_cat","embeddable":true,"href":"http:\/\/klubmamgdynia.pl\/index.php\/wp-json\/wp\/v2\/product_cat?post=36"},{"taxonomy":"product_tag","embeddable":true,"href":"http:\/\/klubmamgdynia.pl\/index.php\/wp-json\/wp\/v2\/product_tag?post=36"}],"curies":[{"name":"wp","href":"https:\/\/api.w.org\/{rel}","templated":true}]}}