{"id":3601,"date":"2012-09-04T20:34:42","date_gmt":"2012-09-04T18:34:42","guid":{"rendered":"http:\/\/klubmamgdynia.pl\/index.php\/produkt\/dromader-metalowe-kajdanki-policyjne-2-kluczyki-zabawka\/"},"modified":"2026-05-17T22:33:51","modified_gmt":"2026-05-17T20:33:51","slug":"dromader-metalowe-kajdanki-policyjne-2-kluczyki-zabawka","status":"publish","type":"product","link":"http:\/\/klubmamgdynia.pl\/index.php\/produkt\/dromader-metalowe-kajdanki-policyjne-2-kluczyki-zabawka\/","title":{"rendered":"Dromader Metalowe Kajdanki Policyjne 2 Kluczyki &#8211; Zabawka"},"content":{"rendered":"<p>METALOWE KAJDANKI POLICYJNE + 2 KLUCZYKI Kajdanki policyjne to zabawka idealna dla ka\u017cdego ma\u0142ego ch\u0142opca.Zestaw idealny do zabawy w policjanta, wojsko lub jako dodatek do stroju.Kajdanki wygl\u0105daj\u0105 niezwykle realistycznie- posiadaj\u0105 regulacj\u0119 zapi\u0119cia.Produkt bezpieczny dla dzieci- kajdanki wyposa\u017cone zosta\u0142y w specjalny przycisk zwalniaj\u0105cy blokad\u0119 zapi\u0119cia.Zawarto\u015b\u0107 opakowania:kajdanki2 kluczykiWymiary opakowania: 12 x 7 x 2 cm<\/p>\n<h2>Dromader Metalowe Kajdanki Policyjne 2 Kluczyki &#8211; Zabawka Dromader<\/h2>\n<p>kolorowanki dla dziewczynek, kotek kolorowanka do druku, magiczne drzewo czerwone krzes\u0142o test, prezent dla jedenastolatki, fajne \u017carty na prima aprilis, kolorowanki harry potter, quiz bajki, samolot z papieru, ozdoby wielkanocne z dzie\u0107mi, zagadki halloween dla dzieci, prezenty dla 7 latka, maska karnawa\u0142owa pdf, zagadki logiczne matematyczne dla dzieci, literki do pisania do druku<\/p>\n<p>yyyyy<\/p>\n<p>&nbsp;<\/p>\n","protected":false},"excerpt":{"rendered":"<p>METALOWE KAJDANKI POLICYJNE + 2 KLUCZYKI Kajdanki policyjne to zabawka idealna dla ka\u017cdego ma\u0142ego ch\u0142opca.Zestaw idealny do zabawy w policjanta, wojsko lub jako dodatek do stroju.Kajdanki wygl\u0105daj\u0105 niezwykle realistycznie- posiadaj\u0105 regulacj\u0119 zapi\u0119cia.Produkt bezpieczny dla dzieci- kajdanki wyposa\u017cone zosta\u0142y w specjalny przycisk zwalniaj\u0105cy blokad\u0119 zapi\u0119cia.Zawarto\u015b\u0107 opakowania:kajdanki2 kluczykiWymiary opakowania: 12 x 7 x 2 cm Dromader Metalowe [&hellip;]<\/p>\n","protected":false},"featured_media":3602,"comment_status":"closed","ping_status":"open","template":"","meta":[],"product_cat":[60,53],"product_tag":[851,780,589,651],"class_list":["post-3601","product","type-product","status-publish","has-post-thumbnail","hentry","product_cat-dromader","product_cat-kaciki-zabaw","product_tag-jak-narysowac-kota","product_tag-krecik-bajka","product_tag-prezent-dla-rocznego-dziecka","product_tag-quizy-online"],"_links":{"self":[{"href":"http:\/\/klubmamgdynia.pl\/index.php\/wp-json\/wp\/v2\/product\/3601","targetHints":{"allow":["GET"]}}],"collection":[{"href":"http:\/\/klubmamgdynia.pl\/index.php\/wp-json\/wp\/v2\/product"}],"about":[{"href":"http:\/\/klubmamgdynia.pl\/index.php\/wp-json\/wp\/v2\/types\/product"}],"replies":[{"embeddable":true,"href":"http:\/\/klubmamgdynia.pl\/index.php\/wp-json\/wp\/v2\/comments?post=3601"}],"wp:featuredmedia":[{"embeddable":true,"href":"http:\/\/klubmamgdynia.pl\/index.php\/wp-json\/wp\/v2\/media\/3602"}],"wp:attachment":[{"href":"http:\/\/klubmamgdynia.pl\/index.php\/wp-json\/wp\/v2\/media?parent=3601"}],"wp:term":[{"taxonomy":"product_cat","embeddable":true,"href":"http:\/\/klubmamgdynia.pl\/index.php\/wp-json\/wp\/v2\/product_cat?post=3601"},{"taxonomy":"product_tag","embeddable":true,"href":"http:\/\/klubmamgdynia.pl\/index.php\/wp-json\/wp\/v2\/product_tag?post=3601"}],"curies":[{"name":"wp","href":"https:\/\/api.w.org\/{rel}","templated":true}]}}