{"id":3603,"date":"2022-07-02T14:02:07","date_gmt":"2022-07-02T12:02:07","guid":{"rendered":"http:\/\/klubmamgdynia.pl\/index.php\/produkt\/ceba-baby-pokrowiec-na-przewijak-50x70-80cm-2szt-light-greybird-world\/"},"modified":"2026-04-30T03:20:29","modified_gmt":"2026-04-30T01:20:29","slug":"ceba-baby-pokrowiec-na-przewijak-50x70-80cm-2szt-light-greybird-world","status":"publish","type":"product","link":"http:\/\/klubmamgdynia.pl\/index.php\/produkt\/ceba-baby-pokrowiec-na-przewijak-50x70-80cm-2szt-light-greybird-world\/","title":{"rendered":"Ceba Baby Pokrowiec Na Przewijak (50X70-80Cm) 2Szt. Light Grey+Bird World"},"content":{"rendered":"<p>Pokrowiec na przewijak to dodatkowa forma zadbania o delikatn\u0105 sk\u00f3r\u0119 naszego maluszka. W naszej ofercie znajd\u0105 Pa\u0144stwo szeroki asortyment pokrowc\u00f3w dla swoich dzieci. Wiemy jak wa\u017cny jest komfort maluszka podczas przebierania, zmiany pieluszki czy codziennych czynno\u015bci piel\u0119gnacyjnych. Nasze pokrowce to gwarancja ciep\u0142a, przyjemno\u015bci w dotyku i braku podra\u017cnie\u0144 sk\u00f3ry ma\u0142ego cz\u0142owieka. Nasze pokrowce przeznaczone s\u0105 dla maluszk\u00f3w ju\u017c od pierwszego dnia \u017cycia. Wyprodukowane ze specjalnie wyselekcjonowanych w\u0142\u00f3kien pozwalaj\u0105 na kontakt z delikatn\u0105 sk\u00f3r\u0105, nie podra\u017cniaj\u0105c jej. Delikatna bawe\u0142na, kt\u00f3r\u0105 stosujemy do produkcji pokrowc\u00f3w dla dzieci jest przyjazna dla os\u00f3b uczulonych i cierpi\u0105cych na alergie. Pokrowce dla dzieci Ceba Baby to gwarancja najwy\u017cszej jako\u015bci i komfortu dla naszych najmniejszych klient\u00f3w.<\/p>\n<h2>Ceba Baby Pokrowiec Na Przewijak (50X70-80Cm) 2Szt. Light Grey+Bird World Ceba Baby<\/h2>\n<p>by\u0142 sobie kr\u00f3l, halloween dla dzieci 2021, zagadki logiczne matematyczne dla dzieci, darmowy szablon list do miko\u0142aja, pytania do lektury asiunia, kalina imi\u0119, karaluchy pod poduchy a szczypawki, ja\u015bmina imi\u0119, wyci\u0119cia szablon korony do druku, co kupi\u0107 dziecku na roczek, najrzadsze imiona w polsce, kolorowanka peppa<\/p>\n<p>yyyyy<\/p>\n<p>&nbsp;<\/p>\n","protected":false},"excerpt":{"rendered":"<p>Pokrowiec na przewijak to dodatkowa forma zadbania o delikatn\u0105 sk\u00f3r\u0119 naszego maluszka. W naszej ofercie znajd\u0105 Pa\u0144stwo szeroki asortyment pokrowc\u00f3w dla swoich dzieci. Wiemy jak wa\u017cny jest komfort maluszka podczas przebierania, zmiany pieluszki czy codziennych czynno\u015bci piel\u0119gnacyjnych. Nasze pokrowce to gwarancja ciep\u0142a, przyjemno\u015bci w dotyku i braku podra\u017cnie\u0144 sk\u00f3ry ma\u0142ego cz\u0142owieka. Nasze pokrowce przeznaczone s\u0105 [&hellip;]<\/p>\n","protected":false},"featured_media":3604,"comment_status":"closed","ping_status":"open","template":"","meta":[],"product_cat":[959,958],"product_tag":[871,702,792,680,698],"class_list":["post-3603","product","type-product","status-publish","has-post-thumbnail","hentry","product_cat-ceba-baby","product_cat-komody-kapielowe-wanienki-i-przewijaki","product_tag-bajka-o-smoku-wawelskim","product_tag-co-kupic-na-roczek-dla-dziewczynki","product_tag-cytaty-o-mamie","product_tag-cytaty-z-malego-ksiecia","product_tag-zagadki-dla-przedszkolakow"],"_links":{"self":[{"href":"http:\/\/klubmamgdynia.pl\/index.php\/wp-json\/wp\/v2\/product\/3603","targetHints":{"allow":["GET"]}}],"collection":[{"href":"http:\/\/klubmamgdynia.pl\/index.php\/wp-json\/wp\/v2\/product"}],"about":[{"href":"http:\/\/klubmamgdynia.pl\/index.php\/wp-json\/wp\/v2\/types\/product"}],"replies":[{"embeddable":true,"href":"http:\/\/klubmamgdynia.pl\/index.php\/wp-json\/wp\/v2\/comments?post=3603"}],"wp:featuredmedia":[{"embeddable":true,"href":"http:\/\/klubmamgdynia.pl\/index.php\/wp-json\/wp\/v2\/media\/3604"}],"wp:attachment":[{"href":"http:\/\/klubmamgdynia.pl\/index.php\/wp-json\/wp\/v2\/media?parent=3603"}],"wp:term":[{"taxonomy":"product_cat","embeddable":true,"href":"http:\/\/klubmamgdynia.pl\/index.php\/wp-json\/wp\/v2\/product_cat?post=3603"},{"taxonomy":"product_tag","embeddable":true,"href":"http:\/\/klubmamgdynia.pl\/index.php\/wp-json\/wp\/v2\/product_tag?post=3603"}],"curies":[{"name":"wp","href":"https:\/\/api.w.org\/{rel}","templated":true}]}}