{"id":3605,"date":"2016-09-23T08:30:32","date_gmt":"2016-09-23T06:30:32","guid":{"rendered":"http:\/\/klubmamgdynia.pl\/index.php\/produkt\/bayer-chic-bayer-chic-2000-supermarket-shopping-trolley-hot-pink-pearl-zabawka\/"},"modified":"2026-04-20T13:31:28","modified_gmt":"2026-04-20T11:31:28","slug":"bayer-chic-bayer-chic-2000-supermarket-shopping-trolley-hot-pink-pearl-zabawka","status":"publish","type":"product","link":"http:\/\/klubmamgdynia.pl\/index.php\/produkt\/bayer-chic-bayer-chic-2000-supermarket-shopping-trolley-hot-pink-pearl-zabawka\/","title":{"rendered":"Bayer-Chic Bayer Chic 2000 Supermarket Shopping Trolley Hot Pink Pearl &#8211; Zabawka"},"content":{"rendered":"<p>Szczeg\u00f3\u0142y produktu: Wiek: od 3 lat Modern w\u00f3zek sklepowy z wyjmowanym koszem na zakupy wysoko\u015b\u0107 popychacza ok. 60 cm Kosz na zakupy ok. 31 x 24 cm Sk\u0142adany uchwyt Wymiary i waga: Wymiary (d\u0142ugo\u015b\u0107 x szeroko\u015b\u0107 x wysoko\u015b\u0107): 46 x 31 x 60 cm Waga: 1,2 kg Materia\u0142 i piel\u0119gnacja: Materia\u0142: stal, poliester, plastik, MDF<\/p>\n<h2>Bayer-Chic Bayer Chic 2000 Supermarket Shopping Trolley Hot Pink Pearl &#8211; Zabawka <\/h2>\n<p>podzi\u0119kowania dla nauczyciela cytaty, quiz o usa, iwo, piosenka na dzie\u0144 mamy tekst, kawaly na prima aprilis, p\u0142atki \u015bniegu szablon, kolorowanka peppa, bajki do czytania psi patrol, zagadki walentynkowe, gabriel imi\u0119, podchwytliwe zagadki na inteligencj\u0119, wiersz o g\u00f3rniku, krzy\u017c\u00f3wki dla dzieci do druku<\/p>\n<p>yyyyy<\/p>\n<p>&nbsp;<\/p>\n","protected":false},"excerpt":{"rendered":"<p>Szczeg\u00f3\u0142y produktu: Wiek: od 3 lat Modern w\u00f3zek sklepowy z wyjmowanym koszem na zakupy wysoko\u015b\u0107 popychacza ok. 60 cm Kosz na zakupy ok. 31 x 24 cm Sk\u0142adany uchwyt Wymiary i waga: Wymiary (d\u0142ugo\u015b\u0107 x szeroko\u015b\u0107 x wysoko\u015b\u0107): 46 x 31 x 60 cm Waga: 1,2 kg Materia\u0142 i piel\u0119gnacja: Materia\u0142: stal, poliester, plastik, MDF [&hellip;]<\/p>\n","protected":false},"featured_media":3606,"comment_status":"closed","ping_status":"open","template":"","meta":[],"product_cat":[53],"product_tag":[700,792,804,843,629],"class_list":["post-3605","product","type-product","status-publish","has-post-thumbnail","hentry","product_cat-kaciki-zabaw","product_tag-bajki-do-czytania-dla-dzieci","product_tag-cytaty-o-mamie","product_tag-ryz-z-owocami","product_tag-smieszne-zagadki-dla-dzieci","product_tag-smieszne-zagadki-z-odpowiedziami"],"_links":{"self":[{"href":"http:\/\/klubmamgdynia.pl\/index.php\/wp-json\/wp\/v2\/product\/3605","targetHints":{"allow":["GET"]}}],"collection":[{"href":"http:\/\/klubmamgdynia.pl\/index.php\/wp-json\/wp\/v2\/product"}],"about":[{"href":"http:\/\/klubmamgdynia.pl\/index.php\/wp-json\/wp\/v2\/types\/product"}],"replies":[{"embeddable":true,"href":"http:\/\/klubmamgdynia.pl\/index.php\/wp-json\/wp\/v2\/comments?post=3605"}],"wp:featuredmedia":[{"embeddable":true,"href":"http:\/\/klubmamgdynia.pl\/index.php\/wp-json\/wp\/v2\/media\/3606"}],"wp:attachment":[{"href":"http:\/\/klubmamgdynia.pl\/index.php\/wp-json\/wp\/v2\/media?parent=3605"}],"wp:term":[{"taxonomy":"product_cat","embeddable":true,"href":"http:\/\/klubmamgdynia.pl\/index.php\/wp-json\/wp\/v2\/product_cat?post=3605"},{"taxonomy":"product_tag","embeddable":true,"href":"http:\/\/klubmamgdynia.pl\/index.php\/wp-json\/wp\/v2\/product_tag?post=3605"}],"curies":[{"name":"wp","href":"https:\/\/api.w.org\/{rel}","templated":true}]}}