{"id":3607,"date":"2018-02-19T17:35:41","date_gmt":"2018-02-19T16:35:41","guid":{"rendered":"http:\/\/klubmamgdynia.pl\/index.php\/produkt\/gra-planszowa-tactic-kalaha\/"},"modified":"2026-04-06T13:59:55","modified_gmt":"2026-04-06T11:59:55","slug":"gra-planszowa-tactic-kalaha","status":"publish","type":"product","link":"http:\/\/klubmamgdynia.pl\/index.php\/produkt\/gra-planszowa-tactic-kalaha\/","title":{"rendered":"Gra planszowa Tactic Kalaha"},"content":{"rendered":"<p>Celem gry jest zebranie, we w\u0142asnej bazie, jak najwi\u0119kszej ilo\u015bci kamyk\u00f3w. Brzmi prosto, jednak ilo\u015b\u0107 prowadz\u0105cych do tego celu dr\u00f3g jest zadziwiaj\u0105co du\u017ca. Kalaha to gra ciesz\u0105ca si\u0119 r\u00f3wnie du\u017c\u0105 popularno\u015bci\u0105 w\u015br\u00f3d dzieci jak i doros\u0142ych. Klasyczna gra planszowa wykonana z wysokiej jako\u015bci, niezwykle trwa\u0142ych, element\u00f3w, zapewni wiele godzin emocji i dobrej zabawy dla ca\u0142ej rodziny. Zawarto\u015b\u0107 opakowania: 48 szklanych kamyk\u00f3w, drewniana plansza, instrukcja. Gra przeznaczona: dla 2 graczy, w wieku od 7 lat.Nazwa: Tactic, Gra logiczna KalahaProducent: TacticPrzedzia\u0142 wiekowy: 8-11 lat, 12-14 lat, 15+ latWiek: 7+P\u0142e\u0107: ch\u0142opiec \/ dziewczynkaData premiery: 2013-06-19Waga w opak [g]: 870Indeks: 13346270Nr katalogowy: GTA-14005<\/p>\n<h2>Gra planszowa Tactic Kalaha Tactic<\/h2>\n<p>papugi do druku, dla nastolatk\u00f3w prezenty, prezent dla dziewczynki 7 lat, co na prezent dla nastolatk\u00f3w, malowanie kamieni, zabawy ruchowe dla dzieci, quiz bajki, prezenty na roczek<\/p>\n<p>yyyyy<\/p>\n<p>&nbsp;<\/p>\n","protected":false},"excerpt":{"rendered":"<p>Celem gry jest zebranie, we w\u0142asnej bazie, jak najwi\u0119kszej ilo\u015bci kamyk\u00f3w. Brzmi prosto, jednak ilo\u015b\u0107 prowadz\u0105cych do tego celu dr\u00f3g jest zadziwiaj\u0105co du\u017ca. Kalaha to gra ciesz\u0105ca si\u0119 r\u00f3wnie du\u017c\u0105 popularno\u015bci\u0105 w\u015br\u00f3d dzieci jak i doros\u0142ych. Klasyczna gra planszowa wykonana z wysokiej jako\u015bci, niezwykle trwa\u0142ych, element\u00f3w, zapewni wiele godzin emocji i dobrej zabawy dla ca\u0142ej [&hellip;]<\/p>\n","protected":false},"featured_media":3608,"comment_status":"closed","ping_status":"open","template":"","meta":[],"product_cat":[235,243],"product_tag":[862,787,595],"class_list":["post-3607","product","type-product","status-publish","has-post-thumbnail","hentry","product_cat-gry-planszowe","product_cat-tactic","product_tag-nasza-zima-zla-tekst","product_tag-nauka-pisania-wyrazow-dla-dzieci-do-druku-pdf","product_tag-zagadki-dla-6-latka"],"_links":{"self":[{"href":"http:\/\/klubmamgdynia.pl\/index.php\/wp-json\/wp\/v2\/product\/3607","targetHints":{"allow":["GET"]}}],"collection":[{"href":"http:\/\/klubmamgdynia.pl\/index.php\/wp-json\/wp\/v2\/product"}],"about":[{"href":"http:\/\/klubmamgdynia.pl\/index.php\/wp-json\/wp\/v2\/types\/product"}],"replies":[{"embeddable":true,"href":"http:\/\/klubmamgdynia.pl\/index.php\/wp-json\/wp\/v2\/comments?post=3607"}],"wp:featuredmedia":[{"embeddable":true,"href":"http:\/\/klubmamgdynia.pl\/index.php\/wp-json\/wp\/v2\/media\/3608"}],"wp:attachment":[{"href":"http:\/\/klubmamgdynia.pl\/index.php\/wp-json\/wp\/v2\/media?parent=3607"}],"wp:term":[{"taxonomy":"product_cat","embeddable":true,"href":"http:\/\/klubmamgdynia.pl\/index.php\/wp-json\/wp\/v2\/product_cat?post=3607"},{"taxonomy":"product_tag","embeddable":true,"href":"http:\/\/klubmamgdynia.pl\/index.php\/wp-json\/wp\/v2\/product_tag?post=3607"}],"curies":[{"name":"wp","href":"https:\/\/api.w.org\/{rel}","templated":true}]}}