{"id":3609,"date":"2023-03-02T17:40:33","date_gmt":"2023-03-02T16:40:33","guid":{"rendered":"http:\/\/klubmamgdynia.pl\/?post_type=product&#038;p=3609"},"modified":"2026-05-01T17:49:57","modified_gmt":"2026-05-01T15:49:57","slug":"lean-toys-edukacyjny-robot-rysujacy-okregi-diy","status":"publish","type":"product","link":"http:\/\/klubmamgdynia.pl\/index.php\/produkt\/lean-toys-edukacyjny-robot-rysujacy-okregi-diy\/","title":{"rendered":"Lean Toys Edukacyjny Robot Rysuj\u0105cy Okr\u0119gi Diy"},"content":{"rendered":"<p>Edukacyjny Robot Rysuj\u0105cy Okr\u0119gi DIYRobot artysta w Twoim domu? Nic prostszego, zbuduj go sam! Teraz mo\u017cesz zam\u00f3wi\u0107 zestaw do samodzielnego z\u0142o\u017cenia rysuj\u0105cego robota. Robot Doodling wykorzystuje wibracje i wirowanie generowane przez jego silnik do tworzenia dzie\u0142 sztuki. Dostosuj k\u0105t i wysoko\u015b\u0107 kolorowych pisak\u00f3w robota i zobacz, jak dzia\u0142a. Nie s\u0105 wymagane \u017cadne specjalne narz\u0119dzia ani wiedza. Zestaw zawiera szczeg\u00f3\u0142owe instrukcje i wszystkie niezb\u0119dne cz\u0119\u015bci (55 element\u00f3w). Idealny dla m\u0142odych pasjonat\u00f3w nauki, szczeg\u00f3lnie tych, kt\u00f3rzy interesuj\u0105 si\u0119 robotyk\u0105. Wymaga jednej baterii AA (brak w zestawie).Wymiary pude\u0142ka:17 cm x 25 cm x 6 cmZestaw przeznaczony jest dla dzieci powy\u017cej 8. roku \u017cycia. Zestaw posiada certyfikat CE i jest zgodny z norm\u0105 EN 71. Zapakowany jest w kartonik z naukow\u0105 grafik\u0105, dzi\u0119ki czemu nadaje si\u0119 idealnie na prezent.<\/p>\n<h2>Lean Toys Edukacyjny Robot Rysuj\u0105cy Okr\u0119gi Diy Lean Toys<\/h2>\n<p>gra kulki, testy z lektury zemsta, prima aprilis \u017carty dla rodzic\u00f3w, rzadkie imiona \u017ce\u0144skie polskie, imi\u0119 r\u00f3\u017ca, regina, filmy disneya, \u0142amig\u0142\u00f3wki dla dzieci do druku, cytat dla mamy, wr\u00f3\u017cby andrzejkowe kolory, melania znaczenie imienia, plan lekcji do druku, rzadkie imiona, prezent na pierwsze urodziny, jak narysowa\u0107 psa krok po kroku<\/p>\n<p>yyyyy<\/p>\n<p>&nbsp;<\/p>\n","protected":false},"excerpt":{"rendered":"<p>Edukacyjny Robot Rysuj\u0105cy Okr\u0119gi DIYRobot artysta w Twoim domu? Nic prostszego, zbuduj go sam! Teraz mo\u017cesz zam\u00f3wi\u0107 zestaw do samodzielnego z\u0142o\u017cenia rysuj\u0105cego robota. Robot Doodling wykorzystuje wibracje i wirowanie generowane przez jego silnik do tworzenia dzie\u0142 sztuki. Dostosuj k\u0105t i wysoko\u015b\u0107 kolorowych pisak\u00f3w robota i zobacz, jak dzia\u0142a. Nie s\u0105 wymagane \u017cadne specjalne narz\u0119dzia ani [&hellip;]<\/p>\n","protected":false},"featured_media":3610,"comment_status":"closed","ping_status":"open","template":"","meta":[],"product_cat":[73,537],"product_tag":[662,692,804,773,721],"class_list":["post-3609","product","type-product","status-publish","has-post-thumbnail","hentry","product_cat-lean-toys","product_cat-pozostale-zabawki-edukacyjne","product_tag-bajki-na-dobranoc","product_tag-prezenty-na-roczek","product_tag-ryz-z-owocami","product_tag-test-z-lektury-opowiesci-z-narnii-lew-czarownica-i-stara-szafa","product_tag-zagadki-matematyczne"],"_links":{"self":[{"href":"http:\/\/klubmamgdynia.pl\/index.php\/wp-json\/wp\/v2\/product\/3609","targetHints":{"allow":["GET"]}}],"collection":[{"href":"http:\/\/klubmamgdynia.pl\/index.php\/wp-json\/wp\/v2\/product"}],"about":[{"href":"http:\/\/klubmamgdynia.pl\/index.php\/wp-json\/wp\/v2\/types\/product"}],"replies":[{"embeddable":true,"href":"http:\/\/klubmamgdynia.pl\/index.php\/wp-json\/wp\/v2\/comments?post=3609"}],"wp:featuredmedia":[{"embeddable":true,"href":"http:\/\/klubmamgdynia.pl\/index.php\/wp-json\/wp\/v2\/media\/3610"}],"wp:attachment":[{"href":"http:\/\/klubmamgdynia.pl\/index.php\/wp-json\/wp\/v2\/media?parent=3609"}],"wp:term":[{"taxonomy":"product_cat","embeddable":true,"href":"http:\/\/klubmamgdynia.pl\/index.php\/wp-json\/wp\/v2\/product_cat?post=3609"},{"taxonomy":"product_tag","embeddable":true,"href":"http:\/\/klubmamgdynia.pl\/index.php\/wp-json\/wp\/v2\/product_tag?post=3609"}],"curies":[{"name":"wp","href":"https:\/\/api.w.org\/{rel}","templated":true}]}}