{"id":3611,"date":"2019-03-23T10:08:16","date_gmt":"2019-03-23T09:08:16","guid":{"rendered":"http:\/\/klubmamgdynia.pl\/index.php\/produkt\/luxma-szybkoschnacy-recznik-czepek-do-wlosow-4w1-b915n\/"},"modified":"2026-04-07T03:23:40","modified_gmt":"2026-04-07T01:23:40","slug":"luxma-szybkoschnacy-recznik-czepek-do-wlosow-4w1-b915n","status":"publish","type":"product","link":"http:\/\/klubmamgdynia.pl\/index.php\/produkt\/luxma-szybkoschnacy-recznik-czepek-do-wlosow-4w1-b915n\/","title":{"rendered":"Luxma Szybkoschn\u0105cy R\u0119cznik Czepek Do W\u0142os\u00f3w 4W1 (B915N)"},"content":{"rendered":"<p>Szybkoschn\u0105cy r\u0119cznik czepek turban do w\u0142os\u00f3w MI\u015a 4w1 B915Dost\u0119pne kolory: niebieskiSzybkoschn\u0105cy r\u0119cznik\/czepek to idealne rozwi\u0105zanie dla ka\u017cdej kobiety, kt\u00f3ra dba o swoje w\u0142osy i ich odbudow\u0119. R\u0119czniczek jest tak\u017ce idealny dla naszych pociech podczas k\u0105pieli! \u015aliczny wz\u00f3r i kolory przypadn\u0105 do gustu zar\u00f3wno doros\u0142ym jak i dzieciom.R\u0118CZNIK IDEALNY ZAR\u00d3WNO DLA DZIECI JAK I DOROS\u0141YCH, PE\u0141NI FUNKCJE 4W1:Chroni w\u0142osy przed zamoczeniem podczas k\u0105pieli dzieci i doros\u0142ych.Suszy w\u0142osy po na\u0142o\u017ceniu go po umyciu. Zmniejsz u\u017cycie suszarki!Wspomaga wch\u0142anianie si\u0119 maski do w\u0142os\u00f3w.Chcesz umy\u0107 twarz albo na\u0142o\u017cy\u0107 maseczk\u0119 na twarz? Zabezpiecz w\u0142osy naszym r\u0119cznikiem przed zamoczeniem !Wymiary r\u0119cznika\/czepka (mierzone na p\u0142asko):Szeroko\u015b\u0107: 28 cmWysoko\u015b\u0107: 25 cmRozpi\u0119to\u015b\u0107 gumki: 19-33 cmRozmiar: uniwersalnySk\u0142ad: mikrofibraWiek: 3+Produkt posiada certyfikat CE, EN71.Szybkoschn\u0105cy r\u0119cznik z mikrofibry to \u015bwietne rozwi\u0105zanie dla dzieci i doros\u0142ych podczas k\u0105pieli. Szybko suszy w\u0142osy, zmniejszaj\u0105c u\u017cycie suszarki, chroni je przed zamoczeniem podczas k\u0105pieli, mycia twarzy, zabezpiecza je przed ubrudzeniem podczas nak\u0142adania maseczek na twarz.Tkanina, z kt\u00f3rej r\u0119cznik jest wykonany jest g\u0142adka, mi\u0119ciutka i przyjemna w dotyku.Mikrofibra ma dobr\u0105 higroskopijno\u015b\u0107 i dobrze oddycha. Szybko schnie.R\u0119cznik jest odporny, trwa\u0142y i mo\u017ce by\u0107 u\u017cywany przez d\u0142ugi czas.Zmniejsz u\u017cycie suszarki do w\u0142os\u00f3w, chro\u0144 w\u0142osy.Pi\u0119kny i modny wz\u00f3r MISIA.\u015aliczne kolory.Produkt zapakowany w estetyczny woreczek foliowy, idealnie nadaje si\u0119 na prezent.<\/p>\n<h2>Luxma Szybkoschn\u0105cy R\u0119cznik Czepek Do W\u0142os\u00f3w 4W1 (B915N) Luxma<\/h2>\n<p>flagi do druku, wydarzenia dla dzieci warszawa, mitologia test wiedzy, minecraft quiz, kalina imi\u0119, ko\u0142ysanki dla dzieci + tekst, wierszyki na lany poniedzia\u0142ek, kolorowanki pieski, wiosenne zagadki dla dzieci, \u0142atwe laurki, koty rysunki, warszawa atrakcje dla dzieci, prezent dla rocznego dziecka, milena imie, cytaty ma\u0142y ksi\u0105\u017ce, prezent dla rocznej dziewczynki, laura, miasto dzieci pl, el\u017cbieta imie<\/p>\n<p>yyyyy<\/p>\n<p>&nbsp;<\/p>\n","protected":false},"excerpt":{"rendered":"<p>Szybkoschn\u0105cy r\u0119cznik czepek turban do w\u0142os\u00f3w MI\u015a 4w1 B915Dost\u0119pne kolory: niebieskiSzybkoschn\u0105cy r\u0119cznik\/czepek to idealne rozwi\u0105zanie dla ka\u017cdej kobiety, kt\u00f3ra dba o swoje w\u0142osy i ich odbudow\u0119. R\u0119czniczek jest tak\u017ce idealny dla naszych pociech podczas k\u0105pieli! \u015aliczny wz\u00f3r i kolory przypadn\u0105 do gustu zar\u00f3wno doros\u0142ym jak i dzieciom.R\u0118CZNIK IDEALNY ZAR\u00d3WNO DLA DZIECI JAK I DOROS\u0141YCH, PE\u0141NI [&hellip;]<\/p>\n","protected":false},"featured_media":3612,"comment_status":"closed","ping_status":"open","template":"","meta":[],"product_cat":[327,30],"product_tag":[854,776,846,733],"class_list":["post-3611","product","type-product","status-publish","has-post-thumbnail","hentry","product_cat-luxma","product_cat-reczniki-i-okrycia-kapielowe","product_tag-cytaty-rodzina","product_tag-dobrej-nocy","product_tag-rysowanki","product_tag-zarty-na-prima-aprilis"],"_links":{"self":[{"href":"http:\/\/klubmamgdynia.pl\/index.php\/wp-json\/wp\/v2\/product\/3611","targetHints":{"allow":["GET"]}}],"collection":[{"href":"http:\/\/klubmamgdynia.pl\/index.php\/wp-json\/wp\/v2\/product"}],"about":[{"href":"http:\/\/klubmamgdynia.pl\/index.php\/wp-json\/wp\/v2\/types\/product"}],"replies":[{"embeddable":true,"href":"http:\/\/klubmamgdynia.pl\/index.php\/wp-json\/wp\/v2\/comments?post=3611"}],"wp:featuredmedia":[{"embeddable":true,"href":"http:\/\/klubmamgdynia.pl\/index.php\/wp-json\/wp\/v2\/media\/3612"}],"wp:attachment":[{"href":"http:\/\/klubmamgdynia.pl\/index.php\/wp-json\/wp\/v2\/media?parent=3611"}],"wp:term":[{"taxonomy":"product_cat","embeddable":true,"href":"http:\/\/klubmamgdynia.pl\/index.php\/wp-json\/wp\/v2\/product_cat?post=3611"},{"taxonomy":"product_tag","embeddable":true,"href":"http:\/\/klubmamgdynia.pl\/index.php\/wp-json\/wp\/v2\/product_tag?post=3611"}],"curies":[{"name":"wp","href":"https:\/\/api.w.org\/{rel}","templated":true}]}}