{"id":3613,"date":"2024-01-15T20:24:41","date_gmt":"2024-01-15T19:24:41","guid":{"rendered":"http:\/\/klubmamgdynia.pl\/?post_type=product&#038;p=3613"},"modified":"2026-04-05T23:00:33","modified_gmt":"2026-04-05T21:00:33","slug":"orbico-miraculous-lalka-biedronka-ladybug-akcesoria","status":"publish","type":"product","link":"http:\/\/klubmamgdynia.pl\/index.php\/produkt\/orbico-miraculous-lalka-biedronka-ladybug-akcesoria\/","title":{"rendered":"Orbico Miraculous. Lalka Biedronka Ladybug + akcesoria"},"content":{"rendered":"<p>Lalki Biedronka LadyBug Biedronka Zosta\u0142a wykonana przez bardzo znan\u0105 i cenion\u0105 na rynku zabawek firm\u0119 BANDAI. Zabawka powsta\u0142a na podstawie popularnego korea\u0144sko-francuskiego serialu dla dzieci Miraculum. Seria Miraculous opowiada o dw\u00f3jce licealist\u00f3w: Marinette i Adrien. Zostaj\u0105 oni wybrani na super-bohater\u00f3w Pary\u017ca: Biedronk\u0119 i Czarnego Kota. Ka\u017cde z nich ma Miraculum, bi\u017cuteri\u0119 po\u0142\u0105czon\u0105 z magicznymi stworzeniami (Kwami), kt\u00f3re daj\u0105 im moc. Ich misj\u0105 jest powstrzymanie W\u0142adcy Ciem &#8211; kt\u00f3ry chce ukra\u015b\u0107 ich Miraculum &#8211; siej\u0105cego spustoszenie w mie\u015bcie, tworz\u0105c coraz to gro\u017aniejszych super-z\u0142oczy\u0144c\u00f3w &#8211; wszystko to \u017cyj\u0105c normalnym szkolnym \u017cyciem i utrzymuj\u0105c swoj\u0105 to\u017csamo\u015b\u0107 w tajemnicy. W tej ods\u0142onie Biedronka jest superbohaterk\u0105, ubran\u0105 w czerwono-czarny str\u00f3j bohatera, swoje Mraculum i ma\u0142a figurk\u0119 biedroneczki. Laleczka jest ubrana w dopasowany kostium. W zestawie do figurki do\u0142\u0105czona jest miraculum (jo jo) i ma\u0142a biedroneczka. zabawka przeznaczona dla dzieci od 4 roku \u017cycia wysoko\u015b\u0107 lalki: ok 27 cm wymiary opakowania: 33 x 18 x 6 cm producent: Bandai kod producenta: P50001<\/p>\n<h2>Orbico Miraculous. Lalka Biedronka Ladybug + akcesoria Orbico<\/h2>\n<p>rainbow dash kolorowanka, basen warszawa, historia pluszowego misia, prezenty na dzie\u0144 dziecka dla nastolatk\u00f3w, bajka dla dziewczynek, podchwytliwe zagadki z odpowiedziami, okolice wroc\u0142awia atrakcje, wz\u00f3r dyplomu do pobrania, bajka na dobranoc do czytania, bajka o piesku do czytania, alan imie, prezent dla dwunastolatka, jakie prezenty na roczek<\/p>\n<p>yyyyy<\/p>\n<p>&nbsp;<\/p>\n","protected":false},"excerpt":{"rendered":"<p>Lalki Biedronka LadyBug Biedronka Zosta\u0142a wykonana przez bardzo znan\u0105 i cenion\u0105 na rynku zabawek firm\u0119 BANDAI. Zabawka powsta\u0142a na podstawie popularnego korea\u0144sko-francuskiego serialu dla dzieci Miraculum. Seria Miraculous opowiada o dw\u00f3jce licealist\u00f3w: Marinette i Adrien. Zostaj\u0105 oni wybrani na super-bohater\u00f3w Pary\u017ca: Biedronk\u0119 i Czarnego Kota. Ka\u017cde z nich ma Miraculum, bi\u017cuteri\u0119 po\u0142\u0105czon\u0105 z magicznymi stworzeniami [&hellip;]<\/p>\n","protected":false},"featured_media":3614,"comment_status":"closed","ping_status":"open","template":"","meta":[],"product_cat":[65,299],"product_tag":[763,808,637,826,682,736,635],"class_list":["post-3613","product","type-product","status-publish","has-post-thumbnail","hentry","product_cat-lalki","product_cat-orbico","product_tag-fabian","product_tag-imie-mia","product_tag-niech-zyja-wakacje-tekst","product_tag-prezent-dla-15-latka","product_tag-przyjazn-cytaty","product_tag-zabawki-na-roczek","product_tag-znaki-drogowe-do-druku"],"_links":{"self":[{"href":"http:\/\/klubmamgdynia.pl\/index.php\/wp-json\/wp\/v2\/product\/3613","targetHints":{"allow":["GET"]}}],"collection":[{"href":"http:\/\/klubmamgdynia.pl\/index.php\/wp-json\/wp\/v2\/product"}],"about":[{"href":"http:\/\/klubmamgdynia.pl\/index.php\/wp-json\/wp\/v2\/types\/product"}],"replies":[{"embeddable":true,"href":"http:\/\/klubmamgdynia.pl\/index.php\/wp-json\/wp\/v2\/comments?post=3613"}],"wp:featuredmedia":[{"embeddable":true,"href":"http:\/\/klubmamgdynia.pl\/index.php\/wp-json\/wp\/v2\/media\/3614"}],"wp:attachment":[{"href":"http:\/\/klubmamgdynia.pl\/index.php\/wp-json\/wp\/v2\/media?parent=3613"}],"wp:term":[{"taxonomy":"product_cat","embeddable":true,"href":"http:\/\/klubmamgdynia.pl\/index.php\/wp-json\/wp\/v2\/product_cat?post=3613"},{"taxonomy":"product_tag","embeddable":true,"href":"http:\/\/klubmamgdynia.pl\/index.php\/wp-json\/wp\/v2\/product_tag?post=3613"}],"curies":[{"name":"wp","href":"https:\/\/api.w.org\/{rel}","templated":true}]}}