{"id":3615,"date":"2023-04-16T15:40:36","date_gmt":"2023-04-16T13:40:36","guid":{"rendered":"http:\/\/klubmamgdynia.pl\/?post_type=product&#038;p=3615"},"modified":"2026-04-28T13:30:18","modified_gmt":"2026-04-28T11:30:18","slug":"maltex-nocnik-z-gumkami-i-pozytywka-lulu","status":"publish","type":"product","link":"http:\/\/klubmamgdynia.pl\/index.php\/produkt\/maltex-nocnik-z-gumkami-i-pozytywka-lulu\/","title":{"rendered":"Maltex Nocnik Z Gumkami I Pozytywk\u0105 Lulu"},"content":{"rendered":"<p>Maltex Nocnik z gumkami i pozytywk\u0105 LuluSolidnie wykonany, nowoczesny nocnik marki &#8222;Lulu Design&#8221;.Zaprojektowany z uwzgl\u0119dnieniem autonomii obu p\u0142ci.Idealny zar\u00f3wno dla dziewczynki jak i dla ch\u0142opca.Jest wyposa\u017cony w gumki antypo\u015blizgowe umo\u017cliwiaj\u0105ce wi\u0119ksz\u0105 stabilno\u015b\u0107 i przyczepno\u015b\u0107 do pod\u0142o\u017ca.Niepodwa\u017calnymi atutami produktu s\u0105 r\u00f3wnie\u017c: innowacyjny kszta\u0142t, wysokie oparcie zapewniaj\u0105ce dziecku poczucie komfortu i bezpiecze\u0144stwa i wyj\u0105tkowa kolorystyka.Nocnik posiada odpowiednio wysokie zabezpieczenie przed wydostaniem si\u0119 nieczysto\u015bci na zewn\u0105trz.<\/p>\n<h2>Maltex Nocnik Z Gumkami I Pozytywk\u0105 Lulu Maltex<\/h2>\n<p>milan znaczenie imienia, testy z lektury tajemniczy ogr\u00f3d, kolorowanka lol surprise, quiz psi patrol, filmy disneya, kolorowanki pokemon, po \u0142\u0105ce biega lato tekst, lidia imie, gry dla nastolatk\u00f3w, pierniki na bo\u017ce narodzenie, ninjago kolorowanki, karnawa\u0142 maska karnawa\u0142owa szablon, wz\u00f3r dyplomu do pobrania, wszystkie flagi \u015bwiata quiz, gry edukacyjne dla dzieci online za darmo, quizy znaki drogowe<\/p>\n<p>yyyyy<\/p>\n<p>&nbsp;<\/p>\n","protected":false},"excerpt":{"rendered":"<p>Maltex Nocnik z gumkami i pozytywk\u0105 LuluSolidnie wykonany, nowoczesny nocnik marki &#8222;Lulu Design&#8221;.Zaprojektowany z uwzgl\u0119dnieniem autonomii obu p\u0142ci.Idealny zar\u00f3wno dla dziewczynki jak i dla ch\u0142opca.Jest wyposa\u017cony w gumki antypo\u015blizgowe umo\u017cliwiaj\u0105ce wi\u0119ksz\u0105 stabilno\u015b\u0107 i przyczepno\u015b\u0107 do pod\u0142o\u017ca.Niepodwa\u017calnymi atutami produktu s\u0105 r\u00f3wnie\u017c: innowacyjny kszta\u0142t, wysokie oparcie zapewniaj\u0105ce dziecku poczucie komfortu i bezpiecze\u0144stwa i wyj\u0105tkowa kolorystyka.Nocnik posiada odpowiednio [&hellip;]<\/p>\n","protected":false},"featured_media":3616,"comment_status":"closed","ping_status":"open","template":"","meta":[],"product_cat":[960,354],"product_tag":[813,862,609,746],"class_list":["post-3615","product","type-product","status-publish","has-post-thumbnail","hentry","product_cat-maltex","product_cat-nocniki-nakladki-na-wc-i-podesty","product_tag-krotkie-zagadki-matematyczne-z-odpowiedziami","product_tag-nasza-zima-zla-tekst","product_tag-quiz-flagi-europy","product_tag-zagadki-typu-co-to-jest"],"_links":{"self":[{"href":"http:\/\/klubmamgdynia.pl\/index.php\/wp-json\/wp\/v2\/product\/3615","targetHints":{"allow":["GET"]}}],"collection":[{"href":"http:\/\/klubmamgdynia.pl\/index.php\/wp-json\/wp\/v2\/product"}],"about":[{"href":"http:\/\/klubmamgdynia.pl\/index.php\/wp-json\/wp\/v2\/types\/product"}],"replies":[{"embeddable":true,"href":"http:\/\/klubmamgdynia.pl\/index.php\/wp-json\/wp\/v2\/comments?post=3615"}],"wp:featuredmedia":[{"embeddable":true,"href":"http:\/\/klubmamgdynia.pl\/index.php\/wp-json\/wp\/v2\/media\/3616"}],"wp:attachment":[{"href":"http:\/\/klubmamgdynia.pl\/index.php\/wp-json\/wp\/v2\/media?parent=3615"}],"wp:term":[{"taxonomy":"product_cat","embeddable":true,"href":"http:\/\/klubmamgdynia.pl\/index.php\/wp-json\/wp\/v2\/product_cat?post=3615"},{"taxonomy":"product_tag","embeddable":true,"href":"http:\/\/klubmamgdynia.pl\/index.php\/wp-json\/wp\/v2\/product_tag?post=3615"}],"curies":[{"name":"wp","href":"https:\/\/api.w.org\/{rel}","templated":true}]}}