{"id":3617,"date":"2014-06-25T14:56:28","date_gmt":"2014-06-25T12:56:28","guid":{"rendered":"http:\/\/klubmamgdynia.pl\/index.php\/produkt\/hot-wheels-monster-trucks-pojazdy-niespodzianki-gpb72-40\/"},"modified":"2026-04-30T10:05:22","modified_gmt":"2026-04-30T08:05:22","slug":"hot-wheels-monster-trucks-pojazdy-niespodzianki-gpb72-40","status":"publish","type":"product","link":"http:\/\/klubmamgdynia.pl\/index.php\/produkt\/hot-wheels-monster-trucks-pojazdy-niespodzianki-gpb72-40\/","title":{"rendered":"Hot Wheels Monster Trucks Pojazdy &#8211; niespodzianki GPB72 40"},"content":{"rendered":"<p>Te pojazdy s\u0105 ma\u0142e, ale kraksy z ich udzia\u0142em gwarantuj\u0105 wielkie emocje! Ka\u017cdy ma\u0142y pojazd Monster Trucks mo\u017cna nakr\u0119ci\u0107 za pomoc\u0105 specjalnego kluczyka, by wprawi\u0107 go w ruch i zapewni\u0107 pr\u0119dko\u015b\u0107, przy kt\u00f3rej zderzenia maj\u0105 wyj\u0105tkowo ekscytuj\u0105cy przebieg. Rozpocznij poszukiwanie wszystkich Monster Truck\u00f3w! Asortyment pojazd\u00f3w-niespodzianek Hot Wheels Monster Trucks obejmuje najatrakcyjniejsze i najszybsze minipojazdy \u2013 wszystkie skrz\u0119tnie ukryte. Ka\u017cdy z nich jest tak zapakowany, by nie by\u0142o wida\u0107 zawarto\u015bci \u2013 dzi\u0119ki temu odkrywanie pojazd\u00f3w Hot Wheels Monster Trucks jest jeszcze bardziej ekscytuj\u0105ce! W ka\u017cdym opakowaniu znajduje si\u0119 1 minipojazd Hot Wheels Monster Trucks, kluczyk do nakr\u0119cania i naklejka. Idealny prezent dla dzieci w wieku od 3 do 6 lat.Cechy produktu:Te minipojazdy do kolekcjonowania Monster Trucks zapakowane s\u0105 tak, by dostarcza\u0107 jeszcze wi\u0119cej emocji podczas rozpakowywania i kolekcjonowania autek!20 r\u00f3\u017cnych pojazd\u00f3w inspiruje do kreatywnej zabawyWypatruj niespodziankowych opakowa\u0144 i pochwal si\u0119, jakie Monster Trucki trafi\u0142y do Twojej kolekcjiDzi\u0119ki specjalnemu kluczykowi mo\u017cesz nakr\u0119ci\u0107 minipojazdy Monster Trucks \u2013 by mkn\u0119\u0142y przed siebie \u200bDzieci mog\u0105 zebra\u0107 ca\u0142\u0105 kolekcj\u0119 i cieszy\u0107 si\u0119 kreatywn\u0105, pe\u0142n\u0105 zderze\u0144 i kolizji zabaw\u0105 przez d\u0142ugie godziny!Cena dotyczy 1 szt.<\/p>\n<h2>Hot Wheels Monster Trucks Pojazdy &#8211; niespodzianki GPB72 40 Mattel<\/h2>\n<p>peppa kolorowanka do druku, quizy dla dzieci o zwierz\u0119tach, wroc\u0142aw dla dzieci, labirynt dla dzieci, cytat na dzie\u0144 matki, warszawa z dzieckiem, prezent na roczek dla chrze\u015bniaka, zaczarowana zagroda &#8211; test, historia pluszowego misia dla dzieci<\/p>\n<p>yyyyy<\/p>\n<p>&nbsp;<\/p>\n","protected":false},"excerpt":{"rendered":"<p>Te pojazdy s\u0105 ma\u0142e, ale kraksy z ich udzia\u0142em gwarantuj\u0105 wielkie emocje! Ka\u017cdy ma\u0142y pojazd Monster Trucks mo\u017cna nakr\u0119ci\u0107 za pomoc\u0105 specjalnego kluczyka, by wprawi\u0107 go w ruch i zapewni\u0107 pr\u0119dko\u015b\u0107, przy kt\u00f3rej zderzenia maj\u0105 wyj\u0105tkowo ekscytuj\u0105cy przebieg. Rozpocznij poszukiwanie wszystkich Monster Truck\u00f3w! Asortyment pojazd\u00f3w-niespodzianek Hot Wheels Monster Trucks obejmuje najatrakcyjniejsze i najszybsze minipojazdy \u2013 [&hellip;]<\/p>\n","protected":false},"featured_media":3618,"comment_status":"closed","ping_status":"open","template":"","meta":[],"product_cat":[83,289],"product_tag":[676,763,726,632],"class_list":["post-3617","product","type-product","status-publish","has-post-thumbnail","hentry","product_cat-auta-i-inne-pojazdy-do-zabawy","product_cat-mattel","product_tag-bursztynek","product_tag-fabian","product_tag-quiz-zemsta","product_tag-warszawa-atrakcje-dla-mlodziezy"],"_links":{"self":[{"href":"http:\/\/klubmamgdynia.pl\/index.php\/wp-json\/wp\/v2\/product\/3617","targetHints":{"allow":["GET"]}}],"collection":[{"href":"http:\/\/klubmamgdynia.pl\/index.php\/wp-json\/wp\/v2\/product"}],"about":[{"href":"http:\/\/klubmamgdynia.pl\/index.php\/wp-json\/wp\/v2\/types\/product"}],"replies":[{"embeddable":true,"href":"http:\/\/klubmamgdynia.pl\/index.php\/wp-json\/wp\/v2\/comments?post=3617"}],"wp:featuredmedia":[{"embeddable":true,"href":"http:\/\/klubmamgdynia.pl\/index.php\/wp-json\/wp\/v2\/media\/3618"}],"wp:attachment":[{"href":"http:\/\/klubmamgdynia.pl\/index.php\/wp-json\/wp\/v2\/media?parent=3617"}],"wp:term":[{"taxonomy":"product_cat","embeddable":true,"href":"http:\/\/klubmamgdynia.pl\/index.php\/wp-json\/wp\/v2\/product_cat?post=3617"},{"taxonomy":"product_tag","embeddable":true,"href":"http:\/\/klubmamgdynia.pl\/index.php\/wp-json\/wp\/v2\/product_tag?post=3617"}],"curies":[{"name":"wp","href":"https:\/\/api.w.org\/{rel}","templated":true}]}}