{"id":3619,"date":"2016-04-29T06:30:11","date_gmt":"2016-04-29T04:30:11","guid":{"rendered":"http:\/\/klubmamgdynia.pl\/index.php\/produkt\/fillikid-luxe-mata-do-przewijania-mietowy-trojkat-50x70cm\/"},"modified":"2026-05-17T22:46:19","modified_gmt":"2026-05-17T20:46:19","slug":"fillikid-luxe-mata-do-przewijania-mietowy-trojkat-50x70cm","status":"publish","type":"product","link":"http:\/\/klubmamgdynia.pl\/index.php\/produkt\/fillikid-luxe-mata-do-przewijania-mietowy-trojkat-50x70cm\/","title":{"rendered":"Fillikid Luxe Mata Do Przewijania Mi\u0119towy Tr\u00f3jk\u0105t &#8211; 50X70Cm"},"content":{"rendered":"<p>Ta zmiana maty z Fillikid z pi\u0119knym tr\u00f3jk\u0105tem print spe\u0142nia wszystkie niezb\u0119dne wymagania stawiane matom do przewijania: Rozmiar jest optymalny, aby zmie\u015bci\u0107 si\u0119 na prawie wszystkich sto\u0142ach do przewijania. Twoje dziecko le\u017cy na mi\u0119kko wy\u015bcie\u0142anej podstawie, a dzi\u0119ki wodoodpornemu materia\u0142owi mo\u017cesz j\u0105 po prostu wytrze\u0107 do czysta. Szczeg\u00f3\u0142y produktu: Materia\u0142: PVC, pianka Mo\u017cna czy\u015bci\u0107 wilgotn\u0105 \u015bciereczk\u0105 Wymiary: d\u0142ugo\u015b\u0107 x szeroko\u015b\u0107 x wysoko\u015b\u0107 50 x 70 x 2 cm<\/p>\n<h2>Fillikid Luxe Mata Do Przewijania Mi\u0119towy Tr\u00f3jk\u0105t &#8211; 50X70Cm Fillikid<\/h2>\n<p>\u0142amig\u0142\u00f3wki dla 4 latka do druku, zagadki matematyczne dla dzieci 7 lat, prezent na roczek, magiczne drzewo czerwone krzes\u0142o test, kucyki pony kolorowanka, opowie\u015bci z narnii lew czarownica i stara szafa test do wydruku, zaj\u0105czek z jajka ugotowanego, pomys\u0142y na prezent dla nastolatk\u00f3w<\/p>\n<p>yyyyy<\/p>\n<p>&nbsp;<\/p>\n","protected":false},"excerpt":{"rendered":"<p>Ta zmiana maty z Fillikid z pi\u0119knym tr\u00f3jk\u0105tem print spe\u0142nia wszystkie niezb\u0119dne wymagania stawiane matom do przewijania: Rozmiar jest optymalny, aby zmie\u015bci\u0107 si\u0119 na prawie wszystkich sto\u0142ach do przewijania. Twoje dziecko le\u017cy na mi\u0119kko wy\u015bcie\u0142anej podstawie, a dzi\u0119ki wodoodpornemu materia\u0142owi mo\u017cesz j\u0105 po prostu wytrze\u0107 do czysta. Szczeg\u00f3\u0142y produktu: Materia\u0142: PVC, pianka Mo\u017cna czy\u015bci\u0107 wilgotn\u0105 [&hellip;]<\/p>\n","protected":false},"featured_media":3620,"comment_status":"closed","ping_status":"open","template":"","meta":[],"product_cat":[1092,958],"product_tag":[722,758,592,725],"class_list":["post-3619","product","type-product","status-publish","has-post-thumbnail","hentry","product_cat-fillikid","product_cat-komody-kapielowe-wanienki-i-przewijaki","product_tag-cytaty-o-przyjazni","product_tag-julian","product_tag-zagadki-dla-dzieci","product_tag-zgadywanki"],"_links":{"self":[{"href":"http:\/\/klubmamgdynia.pl\/index.php\/wp-json\/wp\/v2\/product\/3619","targetHints":{"allow":["GET"]}}],"collection":[{"href":"http:\/\/klubmamgdynia.pl\/index.php\/wp-json\/wp\/v2\/product"}],"about":[{"href":"http:\/\/klubmamgdynia.pl\/index.php\/wp-json\/wp\/v2\/types\/product"}],"replies":[{"embeddable":true,"href":"http:\/\/klubmamgdynia.pl\/index.php\/wp-json\/wp\/v2\/comments?post=3619"}],"wp:featuredmedia":[{"embeddable":true,"href":"http:\/\/klubmamgdynia.pl\/index.php\/wp-json\/wp\/v2\/media\/3620"}],"wp:attachment":[{"href":"http:\/\/klubmamgdynia.pl\/index.php\/wp-json\/wp\/v2\/media?parent=3619"}],"wp:term":[{"taxonomy":"product_cat","embeddable":true,"href":"http:\/\/klubmamgdynia.pl\/index.php\/wp-json\/wp\/v2\/product_cat?post=3619"},{"taxonomy":"product_tag","embeddable":true,"href":"http:\/\/klubmamgdynia.pl\/index.php\/wp-json\/wp\/v2\/product_tag?post=3619"}],"curies":[{"name":"wp","href":"https:\/\/api.w.org\/{rel}","templated":true}]}}