{"id":3621,"date":"2014-06-11T23:05:07","date_gmt":"2014-06-11T21:05:07","guid":{"rendered":"http:\/\/klubmamgdynia.pl\/index.php\/produkt\/luxma-smycz-szelki-dla-dziecka-przeciwko-ucieczce-555n\/"},"modified":"2026-04-06T02:19:41","modified_gmt":"2026-04-06T00:19:41","slug":"luxma-smycz-szelki-dla-dziecka-przeciwko-ucieczce-555n","status":"publish","type":"product","link":"http:\/\/klubmamgdynia.pl\/index.php\/produkt\/luxma-smycz-szelki-dla-dziecka-przeciwko-ucieczce-555n\/","title":{"rendered":"Luxma Smycz Szelki Dla Dziecka Przeciwko Ucieczce 555N"},"content":{"rendered":"<p>SMYCZ SZELKI DLA DZIECKA PRZECIWKO UCIECZCE 555NSzelki,smycz zabezpieczaj\u0105ca Twoj\u0105 pociech\u0119 przed ucieczk\u0105.D\u0142ugo\u015b\u0107 maksymalna rozci\u0105gni\u0119tej smyczy: 150 cmD\u0142ugo\u015b\u0107 smyczy bez rozci\u0105gni\u0119cia: 36 cmDost\u0119pny kolor: niebieskiWiek: 3+Smycz posiada certyfikat: CE, EN71.Smycz zabezpieczaj\u0105ca to gad\u017cet, kt\u00f3ry powinien posiada\u0107 ka\u017cdy rodzi\u0107. Tak niewiele trzeba, aby Twoja pociecha by\u0142a bezpieczna. Zabezpiecza dziecko przed ucieczk\u0105, oddaleniem si\u0119, zgubieniem w t\u0142umie, a nawet porwaniem. Idealna podczas wyjazdu, na lotnisku, na spacerze lub na zakupach. Sprawi, \u017ce Twoje dziecko zawsze b\u0119dzie w zasi\u0119gu wzroku.Obw\u00f3d mniejszej opaski na r\u0119k\u0119: 11-17 cmObw\u00f3d wi\u0119kszej opaski na r\u0119k\u0119: 14,5-21 cmWiek: 3+Smycz posiada certyfikat CE, EN71.Cechy smyczy zabezpieczaj\u0105cej:Bezpiecze\u0144stwo &#8211; zabezpiecza dziecko przed ucieczk\u0105, oddaleniem si\u0119, zgubieniem w t\u0142umie, a nawet porwaniem.Komfort &#8211; opaska posiada wewn\u0105trz mi\u0119kki i delikatny dla sk\u00f3ry materia\u0142 chroni\u0105cy przed otarciami opiekuna i dziecko.Regulacja &#8211; mo\u017cna bez problemu dopasowa\u0107 opask\u0119 do szeroko\u015bci nadgarstka swojego i dziecka.Solidne wykonanie &#8211; prawid\u0142owo za\u0142o\u017cona na nadgarstki nie zerwie si\u0119 i nie zsunie. Odporna na przeci\u0119cia linka ma mocny stalowy wewn\u0119trzny rdze\u0144 przewleczony przez grub\u0105 plastikow\u0105 rurk\u0105.Swoboda &#8211; Twoje dziecko ma swobod\u0119 poruszania si\u0119 i poznawania \u015bwiata, a jednocze\u015bnie jest bezpiecznie zabezpieczone tu\u017c obok Ciebie i w zasi\u0119gu Twojego wzrokuPodw\u00f3jnie bezpieczna &#8211; dzi\u0119ki specjalnie zaprojektowanemu systemowi &#8222;podw\u00f3jnego rzepa&#8221; opask\u0119 mo\u017cna zdj\u0105\u0107 z r\u0119ki tylko dwoma r\u0105czkami, dzi\u0119ki czemu dziecko nie zdejmie samo opaski.Bez pl\u0105tania si\u0119 &#8211; unikalne z\u0142\u0105cze obrotowe 360 stopni zapewnia brak pl\u0105tania si\u0119 smyczy.Opaska zapakowana w foliowy worek, idealnie nadaje si\u0119 na prezent.<\/p>\n<h2>Luxma Smycz Szelki Dla Dziecka Przeciwko Ucieczce 555N Luxma<\/h2>\n<p>delfinarium polska, kolorowanki \u015bwi\u0105teczne do wydruku, kolorowanka lego ninjago, zagadki dla sze\u015bciolatk\u00f3w, \u0142amig\u0142\u00f3wki dla dzieci, kolorowanki \u015bwinka peppa, pytania zagadki, zagadki \u015bmieszne dla dzieci, zagadki matematyczne na logik\u0119, kuba imi\u0119, najlepsze zarty na prima aprilis, trudne zagadki z odpowiedziami, test magiczne drzewo czerwone krzes\u0142o, zima z\u0142a tekst, test miko\u0142ajek<\/p>\n<p>yyyyy<\/p>\n<p>&nbsp;<\/p>\n","protected":false},"excerpt":{"rendered":"<p>SMYCZ SZELKI DLA DZIECKA PRZECIWKO UCIECZCE 555NSzelki,smycz zabezpieczaj\u0105ca Twoj\u0105 pociech\u0119 przed ucieczk\u0105.D\u0142ugo\u015b\u0107 maksymalna rozci\u0105gni\u0119tej smyczy: 150 cmD\u0142ugo\u015b\u0107 smyczy bez rozci\u0105gni\u0119cia: 36 cmDost\u0119pny kolor: niebieskiWiek: 3+Smycz posiada certyfikat: CE, EN71.Smycz zabezpieczaj\u0105ca to gad\u017cet, kt\u00f3ry powinien posiada\u0107 ka\u017cdy rodzi\u0107. Tak niewiele trzeba, aby Twoja pociecha by\u0142a bezpieczna. Zabezpiecza dziecko przed ucieczk\u0105, oddaleniem si\u0119, zgubieniem w t\u0142umie, a [&hellip;]<\/p>\n","protected":false},"featured_media":3622,"comment_status":"closed","ping_status":"open","template":"","meta":[],"product_cat":[327,318],"product_tag":[618,842,822,850,608],"class_list":["post-3621","product","type-product","status-publish","has-post-thumbnail","hentry","product_cat-luxma","product_cat-pozostale-akcesoria-na-podroz-i-spacer-z-dzieckiem","product_tag-lato-lato-lato-czeka-tekst","product_tag-plac-zabaw-poznan","product_tag-wierszyki-o-wakacjach-krotkie","product_tag-wroclaw-atrakcje-dla-dzieci","product_tag-zagadki-i-odpowiedzi"],"_links":{"self":[{"href":"http:\/\/klubmamgdynia.pl\/index.php\/wp-json\/wp\/v2\/product\/3621","targetHints":{"allow":["GET"]}}],"collection":[{"href":"http:\/\/klubmamgdynia.pl\/index.php\/wp-json\/wp\/v2\/product"}],"about":[{"href":"http:\/\/klubmamgdynia.pl\/index.php\/wp-json\/wp\/v2\/types\/product"}],"replies":[{"embeddable":true,"href":"http:\/\/klubmamgdynia.pl\/index.php\/wp-json\/wp\/v2\/comments?post=3621"}],"wp:featuredmedia":[{"embeddable":true,"href":"http:\/\/klubmamgdynia.pl\/index.php\/wp-json\/wp\/v2\/media\/3622"}],"wp:attachment":[{"href":"http:\/\/klubmamgdynia.pl\/index.php\/wp-json\/wp\/v2\/media?parent=3621"}],"wp:term":[{"taxonomy":"product_cat","embeddable":true,"href":"http:\/\/klubmamgdynia.pl\/index.php\/wp-json\/wp\/v2\/product_cat?post=3621"},{"taxonomy":"product_tag","embeddable":true,"href":"http:\/\/klubmamgdynia.pl\/index.php\/wp-json\/wp\/v2\/product_tag?post=3621"}],"curies":[{"name":"wp","href":"https:\/\/api.w.org\/{rel}","templated":true}]}}