{"id":3623,"date":"2015-10-20T17:22:54","date_gmt":"2015-10-20T15:22:54","guid":{"rendered":"http:\/\/klubmamgdynia.pl\/index.php\/produkt\/babysteps-dwustronna-mata-do-przewijania-boho\/"},"modified":"2026-04-28T08:45:14","modified_gmt":"2026-04-28T06:45:14","slug":"babysteps-dwustronna-mata-do-przewijania-boho","status":"publish","type":"product","link":"http:\/\/klubmamgdynia.pl\/index.php\/produkt\/babysteps-dwustronna-mata-do-przewijania-boho\/","title":{"rendered":"BabySteps Dwustronna mata do przewijania Boho"},"content":{"rendered":"<p>&#8211; mo\u017cna stosowa\u0107 jako samodzieln\u0105 mat\u0119 &#8211; pasuje do wi\u0119kszo\u015bci przewijak\u00f3w (r\u00f3wnie\u017c z Ikea) &#8211; materia\u0142 wodoodporny &#8211; wymiary: 68 x 46 cm &#8211; produkt w 100% polski<\/p>\n<h2>BabySteps Dwustronna mata do przewijania Boho Babysteps<\/h2>\n<p>sentencja dla dziecka, zagadki dla 3 latka, ale kino program, kiedy dzieci zbieraja cukierki na halloween, \u017carty na prima aprilis dla mamy, karty pracy dla dzieci z ukrainy do druku, zagadki logiczne dla dzieci, historia pluszowego misia dla dzieci, by\u0142 sobie kr\u00f3l, bo\u017ce narodzenie quiz, maurycy, hobbit<\/p>\n<p>yyyyy<\/p>\n<p>&nbsp;<\/p>\n","protected":false},"excerpt":{"rendered":"<p>&#8211; mo\u017cna stosowa\u0107 jako samodzieln\u0105 mat\u0119 &#8211; pasuje do wi\u0119kszo\u015bci przewijak\u00f3w (r\u00f3wnie\u017c z Ikea) &#8211; materia\u0142 wodoodporny &#8211; wymiary: 68 x 46 cm &#8211; produkt w 100% polski BabySteps Dwustronna mata do przewijania Boho Babysteps sentencja dla dziecka, zagadki dla 3 latka, ale kino program, kiedy dzieci zbieraja cukierki na halloween, \u017carty na prima aprilis [&hellip;]<\/p>\n","protected":false},"featured_media":3624,"comment_status":"closed","ping_status":"open","template":"","meta":[],"product_cat":[1093,958],"product_tag":[702,776,657,705,873],"class_list":["post-3623","product","type-product","status-publish","has-post-thumbnail","hentry","product_cat-babysteps","product_cat-komody-kapielowe-wanienki-i-przewijaki","product_tag-co-kupic-na-roczek-dla-dziewczynki","product_tag-dobrej-nocy","product_tag-lol-kolorowanka","product_tag-prezent-na-roczek-dla-chlopca","product_tag-zagadki-z-odpowiedziami-dla-dzieci"],"_links":{"self":[{"href":"http:\/\/klubmamgdynia.pl\/index.php\/wp-json\/wp\/v2\/product\/3623","targetHints":{"allow":["GET"]}}],"collection":[{"href":"http:\/\/klubmamgdynia.pl\/index.php\/wp-json\/wp\/v2\/product"}],"about":[{"href":"http:\/\/klubmamgdynia.pl\/index.php\/wp-json\/wp\/v2\/types\/product"}],"replies":[{"embeddable":true,"href":"http:\/\/klubmamgdynia.pl\/index.php\/wp-json\/wp\/v2\/comments?post=3623"}],"wp:featuredmedia":[{"embeddable":true,"href":"http:\/\/klubmamgdynia.pl\/index.php\/wp-json\/wp\/v2\/media\/3624"}],"wp:attachment":[{"href":"http:\/\/klubmamgdynia.pl\/index.php\/wp-json\/wp\/v2\/media?parent=3623"}],"wp:term":[{"taxonomy":"product_cat","embeddable":true,"href":"http:\/\/klubmamgdynia.pl\/index.php\/wp-json\/wp\/v2\/product_cat?post=3623"},{"taxonomy":"product_tag","embeddable":true,"href":"http:\/\/klubmamgdynia.pl\/index.php\/wp-json\/wp\/v2\/product_tag?post=3623"}],"curies":[{"name":"wp","href":"https:\/\/api.w.org\/{rel}","templated":true}]}}