{"id":3625,"date":"2014-05-04T01:14:32","date_gmt":"2014-05-03T23:14:32","guid":{"rendered":"http:\/\/klubmamgdynia.pl\/index.php\/produkt\/podnozek-2k-antybakteryjny-bialy-szary\/"},"modified":"2026-04-29T17:30:03","modified_gmt":"2026-04-29T15:30:03","slug":"podnozek-2k-antybakteryjny-bialy-szary","status":"publish","type":"product","link":"http:\/\/klubmamgdynia.pl\/index.php\/produkt\/podnozek-2k-antybakteryjny-bialy-szary\/","title":{"rendered":"Podn\u00f3zek 2K Antybakteryjny, Bia\u0142y\/szary"},"content":{"rendered":"<p>Podn\u00f3\u017cek 2K zosta\u0142 wykonany z wysokiej jako\u015bci materia\u0142\u00f3w. Sprawdzi si\u0119 idealnie w wielu sytuacjach.<\/p>\n<h2>Podn\u00f3zek 2K Antybakteryjny, Bia\u0142y\/szary Maltex<\/h2>\n<p>dobranoc zimowo, zagadki wielkanocne dla dzieci, w uk\u0142adzie s\u0142onecznym tekst, najrzadsze imiona w polsce, darmowe kolorowanki do druku, zabawka na roczek, gry planszowe dla nastolatk\u00f3w, kawaly na prima aprilis, imi\u0119 mia, zagadki dla dzieci 10 lat, tabliczka mno\u017cenia do druku, rodzina sentencja<\/p>\n<p>yyyyy<\/p>\n<p>&nbsp;<\/p>\n","protected":false},"excerpt":{"rendered":"<p>Podn\u00f3\u017cek 2K zosta\u0142 wykonany z wysokiej jako\u015bci materia\u0142\u00f3w. Sprawdzi si\u0119 idealnie w wielu sytuacjach. Podn\u00f3zek 2K Antybakteryjny, Bia\u0142y\/szary Maltex dobranoc zimowo, zagadki wielkanocne dla dzieci, w uk\u0142adzie s\u0142onecznym tekst, najrzadsze imiona w polsce, darmowe kolorowanki do druku, zabawka na roczek, gry planszowe dla nastolatk\u00f3w, kawaly na prima aprilis, imi\u0119 mia, zagadki dla dzieci 10 lat, [&hellip;]<\/p>\n","protected":false},"featured_media":3626,"comment_status":"closed","ping_status":"open","template":"","meta":[],"product_cat":[960,354],"product_tag":[817,611,656,644,592,712],"class_list":["post-3625","product","type-product","status-publish","has-post-thumbnail","hentry","product_cat-maltex","product_cat-nocniki-nakladki-na-wc-i-podesty","product_tag-bajka-terapeutyczna-o-emocjach","product_tag-bajki-do-czytania-psi-patrol","product_tag-kolorowanki-lol","product_tag-mia","product_tag-zagadki-dla-dzieci","product_tag-zagadki-o-zwierzetach"],"_links":{"self":[{"href":"http:\/\/klubmamgdynia.pl\/index.php\/wp-json\/wp\/v2\/product\/3625","targetHints":{"allow":["GET"]}}],"collection":[{"href":"http:\/\/klubmamgdynia.pl\/index.php\/wp-json\/wp\/v2\/product"}],"about":[{"href":"http:\/\/klubmamgdynia.pl\/index.php\/wp-json\/wp\/v2\/types\/product"}],"replies":[{"embeddable":true,"href":"http:\/\/klubmamgdynia.pl\/index.php\/wp-json\/wp\/v2\/comments?post=3625"}],"wp:featuredmedia":[{"embeddable":true,"href":"http:\/\/klubmamgdynia.pl\/index.php\/wp-json\/wp\/v2\/media\/3626"}],"wp:attachment":[{"href":"http:\/\/klubmamgdynia.pl\/index.php\/wp-json\/wp\/v2\/media?parent=3625"}],"wp:term":[{"taxonomy":"product_cat","embeddable":true,"href":"http:\/\/klubmamgdynia.pl\/index.php\/wp-json\/wp\/v2\/product_cat?post=3625"},{"taxonomy":"product_tag","embeddable":true,"href":"http:\/\/klubmamgdynia.pl\/index.php\/wp-json\/wp\/v2\/product_tag?post=3625"}],"curies":[{"name":"wp","href":"https:\/\/api.w.org\/{rel}","templated":true}]}}