{"id":3629,"date":"2018-06-21T08:50:36","date_gmt":"2018-06-21T06:50:36","guid":{"rendered":"http:\/\/klubmamgdynia.pl\/index.php\/produkt\/mega-creative-zest-lekarski-27x23x7-walizka-36-72-zabawka\/"},"modified":"2026-04-24T01:42:11","modified_gmt":"2026-04-23T23:42:11","slug":"mega-creative-zest-lekarski-27x23x7-walizka-36-72-zabawka","status":"publish","type":"product","link":"http:\/\/klubmamgdynia.pl\/index.php\/produkt\/mega-creative-zest-lekarski-27x23x7-walizka-36-72-zabawka\/","title":{"rendered":"Mega Creative Zest Lekarski 27X23X7 Walizka 36\/72 &#8211; Zabawka"},"content":{"rendered":"<p>Zalety produktu: rozwijanie wyobra\u017ani dziecka, nauka opieki nad osoba chor\u0105.Zestaw Lekarski MEGA CREATIVE w walizce to \u015bwietny pomys\u0142 na zabaw\u0119 w Lekarza.Pozw\u00f3l swojemu dziecku przenie\u015b\u0107 si\u0119 w \u015bwiat doros\u0142ego \u017cycia i pozwoli\u0107 wykonywa\u0107 mu zaw\u00f3d o kt\u00f3rym zawsze marzy\u0142o!Ten podr\u0119czny zestaw w zamykanej walizeczce, pomie\u015bci wszystkie niezb\u0119dne akcesoria lekarskie.Zawarto\u015b\u0107 zestawu:stetoskop,no\u017cyczki,strzykawka,skalpel oraz wiele innych akcesori\u00f3w potrzebnych do wykonania rutynowych bada\u0144.<\/p>\n<h2>Mega Creative Zest Lekarski 27X23X7 Walizka 36\/72 &#8211; Zabawka Mega Creative<\/h2>\n<p>cytaty na dzie\u0144 nauczyciela, macierzy\u0144stwo cytaty, jak narysowa\u0107 psa krok po kroku, najtrudniejsze zagadki, zagadki dla dzieci 7 lat o zwierz\u0119tach, ostatni dzwonek tekst, gotowe zaproszenia na urodziny do wydrukowania, co oznacza imi\u0119 alan, wzruszaj\u0105ce s\u0142owa dla przyjaci\u00f3\u0142ki<\/p>\n<p>yyyyy<\/p>\n<p>&nbsp;<\/p>\n","protected":false},"excerpt":{"rendered":"<p>Zalety produktu: rozwijanie wyobra\u017ani dziecka, nauka opieki nad osoba chor\u0105.Zestaw Lekarski MEGA CREATIVE w walizce to \u015bwietny pomys\u0142 na zabaw\u0119 w Lekarza.Pozw\u00f3l swojemu dziecku przenie\u015b\u0107 si\u0119 w \u015bwiat doros\u0142ego \u017cycia i pozwoli\u0107 wykonywa\u0107 mu zaw\u00f3d o kt\u00f3rym zawsze marzy\u0142o!Ten podr\u0119czny zestaw w zamykanej walizeczce, pomie\u015bci wszystkie niezb\u0119dne akcesoria lekarskie.Zawarto\u015b\u0107 zestawu:stetoskop,no\u017cyczki,strzykawka,skalpel oraz wiele innych akcesori\u00f3w potrzebnych [&hellip;]<\/p>\n","protected":false},"featured_media":3630,"comment_status":"closed","ping_status":"open","template":"","meta":[],"product_cat":[53,64],"product_tag":[750,617,585],"class_list":["post-3629","product","type-product","status-publish","has-post-thumbnail","hentry","product_cat-kaciki-zabaw","product_cat-mega-creative","product_tag-imie-kostek","product_tag-keyword","product_tag-kolorowanki-dla-chlopcow"],"_links":{"self":[{"href":"http:\/\/klubmamgdynia.pl\/index.php\/wp-json\/wp\/v2\/product\/3629","targetHints":{"allow":["GET"]}}],"collection":[{"href":"http:\/\/klubmamgdynia.pl\/index.php\/wp-json\/wp\/v2\/product"}],"about":[{"href":"http:\/\/klubmamgdynia.pl\/index.php\/wp-json\/wp\/v2\/types\/product"}],"replies":[{"embeddable":true,"href":"http:\/\/klubmamgdynia.pl\/index.php\/wp-json\/wp\/v2\/comments?post=3629"}],"wp:featuredmedia":[{"embeddable":true,"href":"http:\/\/klubmamgdynia.pl\/index.php\/wp-json\/wp\/v2\/media\/3630"}],"wp:attachment":[{"href":"http:\/\/klubmamgdynia.pl\/index.php\/wp-json\/wp\/v2\/media?parent=3629"}],"wp:term":[{"taxonomy":"product_cat","embeddable":true,"href":"http:\/\/klubmamgdynia.pl\/index.php\/wp-json\/wp\/v2\/product_cat?post=3629"},{"taxonomy":"product_tag","embeddable":true,"href":"http:\/\/klubmamgdynia.pl\/index.php\/wp-json\/wp\/v2\/product_tag?post=3629"}],"curies":[{"name":"wp","href":"https:\/\/api.w.org\/{rel}","templated":true}]}}