{"id":3631,"date":"2015-04-08T00:43:53","date_gmt":"2015-04-07T22:43:53","guid":{"rendered":"http:\/\/klubmamgdynia.pl\/index.php\/produkt\/babyono-mata-antyposlizgowa-55x35cm-przezroczysta-1345\/"},"modified":"2026-04-30T16:03:39","modified_gmt":"2026-04-30T14:03:39","slug":"babyono-mata-antyposlizgowa-55x35cm-przezroczysta-1345","status":"publish","type":"product","link":"http:\/\/klubmamgdynia.pl\/index.php\/produkt\/babyono-mata-antyposlizgowa-55x35cm-przezroczysta-1345\/","title":{"rendered":"Babyono Mata Antypo\u015blizgowa 55X35Cm Prze\u017aroczysta 1345"},"content":{"rendered":"<p>Mata antypo\u015blizgowa przeznaczona do wanienek dzieci\u0119cych, wanien oraz kabin prysznicowych. Zawiera przyssawki, kt\u00f3re uniemo\u017cliwiaj\u0105 przesuwanie si\u0119 maty po pod\u0142o\u017cu. W celu prawid\u0142owego przymocowania maty nale\u017cy najpierw nape\u0142ni\u0107 wann\u0119 wod\u0105, a nast\u0119pnie w\u0142o\u017cy\u0107 mat\u0119 i docisn\u0105\u0107 r\u00f3wnomiernie z ka\u017cdej strony. Podczas k\u0105pieli dziecko powinno znajdowa\u0107 si\u0119 pod opiek\u0105 osoby doros\u0142ej. Przed pierwsz\u0105 i po ka\u017cdej k\u0105pieli mat\u0119 nale\u017cy umy\u0107 w ciep\u0142ej wodzie z dodatkiem myd\u0142a dzieci\u0119cego. Wyp\u0142uka\u0107 i pozostawi\u0107 do wyschni\u0119cia. W\u0142a\u015bciwo\u015bci: nie zawiera ftalan\u00f3w zwi\u0119ksza bezpiecze\u0144stwa \u0142atwa w u\u017cyciu Dane techniczne: Wymiary55 x 35 cm materia\u0142 winyl<\/p>\n<h2>Babyono Mata Antypo\u015blizgowa 55X35Cm Prze\u017aroczysta 1345 BabyOno<\/h2>\n<p>zagadki podchwytliwe, tajemniczy ogr\u00f3d test z lektury, nastolatka, kolorowanka myszka minnie, cytaty o przyja\u017ani ma\u0142y ksi\u0105\u017c\u0119, cytaty o mi\u0142o\u015bci do dziecka, kolorowanka wakacje, kwiatek kwiaty do druku szablony, zagadka matematyczna<\/p>\n<p>yyyyy<\/p>\n<p>&nbsp;<\/p>\n","protected":false},"excerpt":{"rendered":"<p>Mata antypo\u015blizgowa przeznaczona do wanienek dzieci\u0119cych, wanien oraz kabin prysznicowych. Zawiera przyssawki, kt\u00f3re uniemo\u017cliwiaj\u0105 przesuwanie si\u0119 maty po pod\u0142o\u017cu. W celu prawid\u0142owego przymocowania maty nale\u017cy najpierw nape\u0142ni\u0107 wann\u0119 wod\u0105, a nast\u0119pnie w\u0142o\u017cy\u0107 mat\u0119 i docisn\u0105\u0107 r\u00f3wnomiernie z ka\u017cdej strony. Podczas k\u0105pieli dziecko powinno znajdowa\u0107 si\u0119 pod opiek\u0105 osoby doros\u0142ej. Przed pierwsz\u0105 i po ka\u017cdej k\u0105pieli [&hellip;]<\/p>\n","protected":false},"featured_media":3632,"comment_status":"closed","ping_status":"open","template":"","meta":[],"product_cat":[27,958],"product_tag":[817,781,731,596,826,876,636],"class_list":["post-3631","product","type-product","status-publish","has-post-thumbnail","hentry","product_cat-babyono","product_cat-komody-kapielowe-wanienki-i-przewijaki","product_tag-bajka-terapeutyczna-o-emocjach","product_tag-cytaty-o-wychowaniu-dzieci","product_tag-maly-ksiaze-cytaty","product_tag-pomysly-na-prima-aprilis","product_tag-prezent-dla-15-latka","product_tag-przyjazn","product_tag-teksty-kolysanek"],"_links":{"self":[{"href":"http:\/\/klubmamgdynia.pl\/index.php\/wp-json\/wp\/v2\/product\/3631","targetHints":{"allow":["GET"]}}],"collection":[{"href":"http:\/\/klubmamgdynia.pl\/index.php\/wp-json\/wp\/v2\/product"}],"about":[{"href":"http:\/\/klubmamgdynia.pl\/index.php\/wp-json\/wp\/v2\/types\/product"}],"replies":[{"embeddable":true,"href":"http:\/\/klubmamgdynia.pl\/index.php\/wp-json\/wp\/v2\/comments?post=3631"}],"wp:featuredmedia":[{"embeddable":true,"href":"http:\/\/klubmamgdynia.pl\/index.php\/wp-json\/wp\/v2\/media\/3632"}],"wp:attachment":[{"href":"http:\/\/klubmamgdynia.pl\/index.php\/wp-json\/wp\/v2\/media?parent=3631"}],"wp:term":[{"taxonomy":"product_cat","embeddable":true,"href":"http:\/\/klubmamgdynia.pl\/index.php\/wp-json\/wp\/v2\/product_cat?post=3631"},{"taxonomy":"product_tag","embeddable":true,"href":"http:\/\/klubmamgdynia.pl\/index.php\/wp-json\/wp\/v2\/product_tag?post=3631"}],"curies":[{"name":"wp","href":"https:\/\/api.w.org\/{rel}","templated":true}]}}