{"id":3635,"date":"2018-02-02T16:52:04","date_gmt":"2018-02-02T15:52:04","guid":{"rendered":"http:\/\/klubmamgdynia.pl\/index.php\/produkt\/gra-planszowa-foxgames-kingdomino-era-gigantow\/"},"modified":"2026-04-12T15:04:56","modified_gmt":"2026-04-12T13:04:56","slug":"gra-planszowa-foxgames-kingdomino-era-gigantow","status":"publish","type":"product","link":"http:\/\/klubmamgdynia.pl\/index.php\/produkt\/gra-planszowa-foxgames-kingdomino-era-gigantow\/","title":{"rendered":"Gra planszowa Foxgames Kingdomino &#8211; Era Gigant\u00f3w"},"content":{"rendered":"<p>Kingdomino Era Gigant\u00f3w<br \/>\nNadesz\u0142y czasy gigant\u00f3w!<br \/>\nZiemia dr\u017cy pod ich stopami. L\u0119kajcie si\u0119 mali ludzie, gdy\u017c nachodz\u0105 giganci!Kingdomino: Era Gigant\u00f3w to rozszerzenie do popularnych tytu\u0142\u00f3w Kingdomino i Queendomino. Giganci przynie\u015bli ze sob\u0105 nowe elementy urozmaicaj\u0105ce rozgrywk\u0119 &#8211; nowe p\u0142ytki domina, kafelki cel\u00f3w, drewniane figurki gigant\u00f3w, magnetyczn\u0105 wie\u017c\u0119 na p\u0142ytki oraz dodatkowe komponenty dla 5-tego gracza.Teraz Twoja ulubiona gra zyska jeszcze wi\u0119cej g\u0142\u0119bi, a Ty b\u0119dziesz testowa\u0142 nowe mo\u017cliwo\u015bci taktyczne przeciwko swoim rywalom. Czy zostaniesz jednym z gigant\u00f3w i sprawisz, \u017ce ziemia zadr\u017cy w posadzkach?<br \/>\nAutor: Bruno Cathala<br \/>\nWydawca: FoxGames<br \/>\nIlustracje: Cyril Bouquet<br \/>\nWydanie: polskie<br \/>\nZawarto\u015b\u0107 pude\u0142ka:<br \/>\n1 tr\u00f3jwymiarowy zamek<br \/>\n1wie\u017ca do dobierania p\u0142ytek2 br\u0105zowe pionki kr\u00f3la1 startowa p\u0142ytka29 p\u0142ytek domina (12 p\u0142ytek gigant\u00f3w, 17 p\u0142ytek zada\u0144)6 pionk\u00f3w gigant\u00f3w1 notatnik<\/p>\n<h2>Gra planszowa Foxgames Kingdomino &#8211; Era Gigant\u00f3w Foxgames<\/h2>\n<p>maurycy, imi\u0119 mia, opisy o dzieciach, dymitr, warszawa atrakcje dla dzieci, nela w krainie wombat\u00f3w, malowanie past\u0105 do z\u0119b\u00f3w, kamila, domowe syropy na zim\u0119, zagadki dla 7 latk\u00f3w, kontynenty dla dzieci do druku, wroc\u0142aw atrakcje dla dzieci, kolorowanki kotka, ciekawe zagadki, quiz dla dzieci, kolorowanka lego<\/p>\n<p>yyyyy<\/p>\n<p>&nbsp;<\/p>\n","protected":false},"excerpt":{"rendered":"<p>Kingdomino Era Gigant\u00f3w Nadesz\u0142y czasy gigant\u00f3w! Ziemia dr\u017cy pod ich stopami. L\u0119kajcie si\u0119 mali ludzie, gdy\u017c nachodz\u0105 giganci!Kingdomino: Era Gigant\u00f3w to rozszerzenie do popularnych tytu\u0142\u00f3w Kingdomino i Queendomino. Giganci przynie\u015bli ze sob\u0105 nowe elementy urozmaicaj\u0105ce rozgrywk\u0119 &#8211; nowe p\u0142ytki domina, kafelki cel\u00f3w, drewniane figurki gigant\u00f3w, magnetyczn\u0105 wie\u017c\u0119 na p\u0142ytki oraz dodatkowe komponenty dla 5-tego gracza.Teraz [&hellip;]<\/p>\n","protected":false},"featured_media":3636,"comment_status":"closed","ping_status":"open","template":"","meta":[],"product_cat":[1089,235],"product_tag":[624,687,630,709],"class_list":["post-3635","product","type-product","status-publish","has-post-thumbnail","hentry","product_cat-foxgames","product_cat-gry-planszowe","product_tag-krotkie-zagadki","product_tag-podchwytliwe-zagadki-matematyczne","product_tag-podchwytliwe-zagadki-z-odpowiedziami","product_tag-zagadki-dla-dzieci-6-7-lat"],"_links":{"self":[{"href":"http:\/\/klubmamgdynia.pl\/index.php\/wp-json\/wp\/v2\/product\/3635","targetHints":{"allow":["GET"]}}],"collection":[{"href":"http:\/\/klubmamgdynia.pl\/index.php\/wp-json\/wp\/v2\/product"}],"about":[{"href":"http:\/\/klubmamgdynia.pl\/index.php\/wp-json\/wp\/v2\/types\/product"}],"replies":[{"embeddable":true,"href":"http:\/\/klubmamgdynia.pl\/index.php\/wp-json\/wp\/v2\/comments?post=3635"}],"wp:featuredmedia":[{"embeddable":true,"href":"http:\/\/klubmamgdynia.pl\/index.php\/wp-json\/wp\/v2\/media\/3636"}],"wp:attachment":[{"href":"http:\/\/klubmamgdynia.pl\/index.php\/wp-json\/wp\/v2\/media?parent=3635"}],"wp:term":[{"taxonomy":"product_cat","embeddable":true,"href":"http:\/\/klubmamgdynia.pl\/index.php\/wp-json\/wp\/v2\/product_cat?post=3635"},{"taxonomy":"product_tag","embeddable":true,"href":"http:\/\/klubmamgdynia.pl\/index.php\/wp-json\/wp\/v2\/product_tag?post=3635"}],"curies":[{"name":"wp","href":"https:\/\/api.w.org\/{rel}","templated":true}]}}