{"id":3637,"date":"2015-08-25T23:25:06","date_gmt":"2015-08-25T21:25:06","guid":{"rendered":"http:\/\/klubmamgdynia.pl\/index.php\/produkt\/gra-planszowa-g3-mamma-mia\/"},"modified":"2026-04-07T14:07:45","modified_gmt":"2026-04-07T12:07:45","slug":"gra-planszowa-g3-mamma-mia","status":"publish","type":"product","link":"http:\/\/klubmamgdynia.pl\/index.php\/produkt\/gra-planszowa-g3-mamma-mia\/","title":{"rendered":"Gra planszowa G3 Mamma Mia!"},"content":{"rendered":"<p>Tu pizza z salami, tam Bombastica. Hej! Kto ukrad\u0142 ser?!W tej smakowitej grze karcianej gracze wcielaj\u0105 si\u0119 w piekarzy przygotowuj\u0105cych pizze. Gracze przyjmuj\u0105 od swoich kelner\u00f3w zam\u00f3wienia i otrzymuj\u0105 z puli sk\u0142adniki, kt\u00f3re \u0142\u0105cz\u0105 ze sob\u0105, a nast\u0119pnie wk\u0142adaj\u0105 do pieca i piek\u0105. Kiedy wszystkie sk\u0142adniki zostan\u0105 wykorzystane gracze otwieraj\u0105 piec, aby sprawdzi\u0107 kt\u00f3re pizze zosta\u0142y przygotowane zgodnie z zam\u00f3wieniami, a kt\u00f3re nie. Niezrealizowane zam\u00f3wienia wracaj\u0105 do graczy, kt\u00f3rzy mog\u0105 spr\u00f3bowa\u0107 je wykona\u0107 podczas kolejnej rundy.Zobacz filmGracz, kt\u00f3ry po trzech rundach przygotuje najwi\u0119cej pizz zdobywa tytu\u0142 Mistrza Pizzy i zwyci\u0119\u017ca!Si\u0119gnij po tytu\u0142 Mistrza Pizzy!W 2000 roku GAMES MAGAZINE przyzna\u0142 grze tytu\u0142 Best Memory Game \/Najlepsza gra pami\u0119ciowa\/.<\/p>\n<h2>Gra planszowa G3 Mamma Mia! G3<\/h2>\n<p>prezenty dla rocznego dziecka, pytania o \u015bwi\u0119ta dla dzieci, linda, pomys\u0142y na prezent dla nastolatki, kolorowanki pikachu, kr\u00f3tkie \u017cyczenia wielkanocne dla dzieci, zagadki o zwierz\u0119tach, imi\u0119 mira, esmeralda, gry planszowe dla nastolatk\u00f3w<\/p>\n<p>yyyyy<\/p>\n<p>&nbsp;<\/p>\n","protected":false},"excerpt":{"rendered":"<p>Tu pizza z salami, tam Bombastica. Hej! Kto ukrad\u0142 ser?!W tej smakowitej grze karcianej gracze wcielaj\u0105 si\u0119 w piekarzy przygotowuj\u0105cych pizze. Gracze przyjmuj\u0105 od swoich kelner\u00f3w zam\u00f3wienia i otrzymuj\u0105 z puli sk\u0142adniki, kt\u00f3re \u0142\u0105cz\u0105 ze sob\u0105, a nast\u0119pnie wk\u0142adaj\u0105 do pieca i piek\u0105. Kiedy wszystkie sk\u0142adniki zostan\u0105 wykorzystane gracze otwieraj\u0105 piec, aby sprawdzi\u0107 kt\u00f3re pizze [&hellip;]<\/p>\n","protected":false},"featured_media":3638,"comment_status":"closed","ping_status":"open","template":"","meta":[],"product_cat":[1095,235],"product_tag":[863,590,627,830,625,647],"class_list":["post-3637","product","type-product","status-publish","has-post-thumbnail","hentry","product_cat-g3","product_cat-gry-planszowe","product_tag-bajki-dla-dziewczynek","product_tag-plac-zabaw-warszawa","product_tag-quiz-dzieci-z-bullerbyn","product_tag-rodzina-cytaty","product_tag-trojmiasto-atrakcje-dla-dzieci","product_tag-warszawa-z-dzieckiem"],"_links":{"self":[{"href":"http:\/\/klubmamgdynia.pl\/index.php\/wp-json\/wp\/v2\/product\/3637","targetHints":{"allow":["GET"]}}],"collection":[{"href":"http:\/\/klubmamgdynia.pl\/index.php\/wp-json\/wp\/v2\/product"}],"about":[{"href":"http:\/\/klubmamgdynia.pl\/index.php\/wp-json\/wp\/v2\/types\/product"}],"replies":[{"embeddable":true,"href":"http:\/\/klubmamgdynia.pl\/index.php\/wp-json\/wp\/v2\/comments?post=3637"}],"wp:featuredmedia":[{"embeddable":true,"href":"http:\/\/klubmamgdynia.pl\/index.php\/wp-json\/wp\/v2\/media\/3638"}],"wp:attachment":[{"href":"http:\/\/klubmamgdynia.pl\/index.php\/wp-json\/wp\/v2\/media?parent=3637"}],"wp:term":[{"taxonomy":"product_cat","embeddable":true,"href":"http:\/\/klubmamgdynia.pl\/index.php\/wp-json\/wp\/v2\/product_cat?post=3637"},{"taxonomy":"product_tag","embeddable":true,"href":"http:\/\/klubmamgdynia.pl\/index.php\/wp-json\/wp\/v2\/product_tag?post=3637"}],"curies":[{"name":"wp","href":"https:\/\/api.w.org\/{rel}","templated":true}]}}