{"id":3639,"date":"2016-06-22T12:37:16","date_gmt":"2016-06-22T10:37:16","guid":{"rendered":"http:\/\/klubmamgdynia.pl\/index.php\/produkt\/gra-planszowa-czacha-games-obrazy-paryza\/"},"modified":"2026-05-17T22:52:38","modified_gmt":"2026-05-17T20:52:38","slug":"gra-planszowa-czacha-games-obrazy-paryza","status":"publish","type":"product","link":"http:\/\/klubmamgdynia.pl\/index.php\/produkt\/gra-planszowa-czacha-games-obrazy-paryza\/","title":{"rendered":"Gra planszowa Czacha Games Obrazy Pary\u017ca"},"content":{"rendered":"<p>Goszcz\u0105ce wielkich malarzy studio le Bateau-Lavoir w Montmartre zorganizowa\u0142o towarzyskie zawody, kt\u00f3re wy\u0142oni\u0107 maj\u0105 przysz\u0142e s\u0142awy malarstwa, id\u0105ce w \u015blady tw\u00f3rc\u00f3w takich jak C\u00e9zanne, Monet, Renoir czy Toulouse-Lautrec. Aby wyr\u00f3\u017cni\u0107 si\u0119 z towarzystwa, musisz osi\u0105gn\u0105\u0107 szczyt swoich mo\u017cliwo\u015bci, wype\u0142niaj\u0105c zadania polegaj\u0105ce na jak najszybszym malowaniu obraz\u00f3w w stylu s\u0142awnych malarzy, pracuj\u0105c w tym samym czasie nad popraw\u0105 swojej techniki i swoich narz\u0119dzi. Otuchy! Konkurencja mo\u017ce by\u0107 zaciek\u0142a, ale chwa\u0142a czekaj\u0105ca na zwyci\u0119zce warta jest podj\u0119tego wysi\u0142ku! Informacje: Liczba graczy: 2-4 Czas gry: 40-60 min Wiek: 10+ Zawarto\u015b\u0107 pude\u0142ka: 1 dwuwarstwowa plansza (g\u00f3rna, okr\u0105g\u0142a cz\u0119\u015b\u0107 obraca si\u0119) 4 plansze graczy 4 sztalugi 24 znaczniki asystent\u00f3w (po 6 w 4 kolorach) 12 o\u015bmiok\u0105tnych znacznik\u00f3w Ulepsze\u0144 211 kostek pigment\u00f3w 32 karty obraz\u00f3w (po 8 wartych 10, 12, 14 i 16 Punkt\u00f3w Presti\u017cu) 12 znacznik\u00f3w Punkt\u00f3w Presti\u017cu \u2013 PP (6 z jednej strony, 10 na odwrocie) 4 kafle niedost\u0119pnych akcji 1 znacznik Pierwszego Gracza 15 kart premii (5 rodzaj\u00f3w po 3 karty) (zasady zaawansowane) 8 kafli Malarzy (zasady zaawansowane)<\/p>\n<h2>Gra planszowa Czacha Games Obrazy Pary\u017ca Czacha Games<\/h2>\n<p>prezent na roczek dla chrze\u015bniaka, prezent dla 1 latka, test znaki drogowe, zadania logiczne dla dzieci, atrakcje dla nastolatk\u00f3w, historia pluszowego misia, cytaty o przyja\u017ani ma\u0142y ksi\u0105\u017c\u0119, test z lektury spos\u00f3b na alcybiadesa, izabela imie, quizy \u015bwi\u0105teczne bo\u017ce narodzenie, cytaty o dzieciach, quizy \u015bwi\u0105teczne bo\u017ce narodzenie, myszka minnie kolorowanka, zagadki dla dzieci do druku, test opowie\u015bci z narnii lew czarownica i stara szafa do druku, wroc\u0142aw i okolice atrakcje, nastolatka, co mo\u017cna zrobi\u0107 na prima aprilis, dalia imi\u0119, laurka dla babci, laura<\/p>\n<p>yyyyy<\/p>\n<p>&nbsp;<\/p>\n","protected":false},"excerpt":{"rendered":"<p>Goszcz\u0105ce wielkich malarzy studio le Bateau-Lavoir w Montmartre zorganizowa\u0142o towarzyskie zawody, kt\u00f3re wy\u0142oni\u0107 maj\u0105 przysz\u0142e s\u0142awy malarstwa, id\u0105ce w \u015blady tw\u00f3rc\u00f3w takich jak C\u00e9zanne, Monet, Renoir czy Toulouse-Lautrec. Aby wyr\u00f3\u017cni\u0107 si\u0119 z towarzystwa, musisz osi\u0105gn\u0105\u0107 szczyt swoich mo\u017cliwo\u015bci, wype\u0142niaj\u0105c zadania polegaj\u0105ce na jak najszybszym malowaniu obraz\u00f3w w stylu s\u0142awnych malarzy, pracuj\u0105c w tym samym czasie [&hellip;]<\/p>\n","protected":false},"featured_media":3640,"comment_status":"closed","ping_status":"open","template":"","meta":[],"product_cat":[1096,235],"product_tag":[697,752,850],"class_list":["post-3639","product","type-product","status-publish","has-post-thumbnail","hentry","product_cat-czacha-games","product_cat-gry-planszowe","product_tag-krotkie-bajki-do-czytania","product_tag-kuba-imie","product_tag-wroclaw-atrakcje-dla-dzieci"],"_links":{"self":[{"href":"http:\/\/klubmamgdynia.pl\/index.php\/wp-json\/wp\/v2\/product\/3639","targetHints":{"allow":["GET"]}}],"collection":[{"href":"http:\/\/klubmamgdynia.pl\/index.php\/wp-json\/wp\/v2\/product"}],"about":[{"href":"http:\/\/klubmamgdynia.pl\/index.php\/wp-json\/wp\/v2\/types\/product"}],"replies":[{"embeddable":true,"href":"http:\/\/klubmamgdynia.pl\/index.php\/wp-json\/wp\/v2\/comments?post=3639"}],"wp:featuredmedia":[{"embeddable":true,"href":"http:\/\/klubmamgdynia.pl\/index.php\/wp-json\/wp\/v2\/media\/3640"}],"wp:attachment":[{"href":"http:\/\/klubmamgdynia.pl\/index.php\/wp-json\/wp\/v2\/media?parent=3639"}],"wp:term":[{"taxonomy":"product_cat","embeddable":true,"href":"http:\/\/klubmamgdynia.pl\/index.php\/wp-json\/wp\/v2\/product_cat?post=3639"},{"taxonomy":"product_tag","embeddable":true,"href":"http:\/\/klubmamgdynia.pl\/index.php\/wp-json\/wp\/v2\/product_tag?post=3639"}],"curies":[{"name":"wp","href":"https:\/\/api.w.org\/{rel}","templated":true}]}}